{"id":88995,"date":"2023-06-13T23:45:51","date_gmt":"2023-06-13T23:45:51","guid":{"rendered":"https:\/\/www.3p-gmbh.de\/produkt\/prensa-cuadrada-nagel-sp-plus-ernst-nagel-sp-plus-en-linea\/"},"modified":"2023-12-20T13:49:35","modified_gmt":"2023-12-20T13:49:35","slug":"nail-sp-plus-square-press-ernst-nail-sp-plus-online","status":"publish","type":"product","link":"https:\/\/www.3p-gmbh.de\/es\/produkt\/nail-sp-plus-square-press-ernst-nail-sp-plus-online\/","title":{"rendered":"Prensa cuadrada Nagel SP Plus &#8211; Ernst Nagel SP Plus en l\u00ednea"},"content":{"rendered":"<p><strong>Prensa cuadrada Nagel SP Plus &#8211; Ernst Nagel SP Plus en l\u00ednea<\/strong><br \/>\n<strong>Dispositivo de segunda mano<\/strong><\/p>\n<p>El lomo del folleto, ya cosido, adquiere mediante prensado el aspecto de una encuadernaci\u00f3n adhesiva de alta calidad.<\/p>\n<p>Tu ventaja:<br \/>\nEl lomo del folleto puede imprimirse. Apilar, almacenar y embalar resulta m\u00e1s f\u00e1cil y ahorra espacio, los folletos ya no se abren de golpe.<\/p>\n<p>La SP Plus es muy flexible en su uso:<br \/>\nM\u00f3vil fuera de l\u00ednea en tratamiento posterior,<br \/>\ncomo variante en l\u00ednea directamente detr\u00e1s del Foldnak 8, el Foldnak 80, el Foldnak 100 como soluci\u00f3n en l\u00ednea r\u00e1pida y segura<\/p>\n<p>hasta 30 hojas (80 gr\/m2) por cuadernillo para formatos de hasta 350 mm x 250 mm.<br \/>\nCon una sola pasada, la SP Plus Offline puede alcanzar hasta 1.200 por hora.<\/p>\n","protected":false},"excerpt":{"rendered":"<p>Prensa cuadrada Nagel SP Plus &#8211; Ernst Nagel SP Plus en l\u00ednea Dispositivo de segunda mano El lomo del folleto, ya cosido, adquiere mediante prensado el aspecto de una encuadernaci\u00f3n adhesiva de alta calidad. Tu ventaja: El lomo del folleto puede imprimirse. Apilar, almacenar y embalar resulta m\u00e1s f\u00e1cil y ahorra espacio, los folletos ya [&hellip;]<\/p>\n","protected":false},"featured_media":87049,"template":"","meta":[],"product_brand":[],"product_cat":[2940],"product_tag":[],"class_list":{"0":"post-88995","1":"product","2":"type-product","3":"status-publish","4":"has-post-thumbnail","6":"product_cat-sistemas-de-elaboracion-de-folletos","7":"pa_hersteller-ernst-nagel","8":"pa_typ-sp-plus","10":"first","11":"instock","12":"taxable","13":"shipping-taxable","14":"product-type-simple"},"jetpack_sharing_enabled":true,"_links":{"self":[{"href":"https:\/\/www.3p-gmbh.de\/es\/wp-json\/wp\/v2\/product\/88995","targetHints":{"allow":["GET"]}}],"collection":[{"href":"https:\/\/www.3p-gmbh.de\/es\/wp-json\/wp\/v2\/product"}],"about":[{"href":"https:\/\/www.3p-gmbh.de\/es\/wp-json\/wp\/v2\/types\/product"}],"wp:featuredmedia":[{"embeddable":true,"href":"https:\/\/www.3p-gmbh.de\/es\/wp-json\/wp\/v2\/media\/87049"}],"wp:attachment":[{"href":"https:\/\/www.3p-gmbh.de\/es\/wp-json\/wp\/v2\/media?parent=88995"}],"wp:term":[{"taxonomy":"product_brand","embeddable":true,"href":"https:\/\/www.3p-gmbh.de\/es\/wp-json\/wp\/v2\/product_brand?post=88995"},{"taxonomy":"product_cat","embeddable":true,"href":"https:\/\/www.3p-gmbh.de\/es\/wp-json\/wp\/v2\/product_cat?post=88995"},{"taxonomy":"product_tag","embeddable":true,"href":"https:\/\/www.3p-gmbh.de\/es\/wp-json\/wp\/v2\/product_tag?post=88995"}],"curies":[{"name":"wp","href":"https:\/\/api.w.org\/{rel}","templated":true}]}}