{"id":88969,"date":"2023-06-13T23:07:24","date_gmt":"2023-06-13T23:07:24","guid":{"rendered":"https:\/\/www.3p-gmbh.de\/produkt\/unidad-movil-de-plegado-de-cuatro-cuchillas-heidelberg-stahlfolder-vf-66\/"},"modified":"2023-12-20T13:49:04","modified_gmt":"2023-12-20T13:49:04","slug":"mobile-fourfold-heidelberg-steel-folders-vf-66","status":"publish","type":"product","link":"https:\/\/www.3p-gmbh.de\/es\/produkt\/mobile-fourfold-heidelberg-steel-folders-vf-66\/","title":{"rendered":"unidad m\u00f3vil de plegado de cuatro cuchillas Heidelberg Stahlfolder VF-66"},"content":{"rendered":"<p><strong>unidad m\u00f3vil de plegado de cuatro cuchillas Heidelberg Stahlfolder VF-66<\/strong><br \/>\n<strong>A\u00f1o de fabricaci\u00f3n en torno a 2008<br \/>\n<\/strong><br \/>\nMCT control<br \/>\nLongitud de la espada 660 mm<br \/>\nPosici\u00f3n de la espada arriba<br \/>\nAltura de entrada 5095cm<br \/>\nm\u00e1x. Formato Ancho 560x Largo 660 cm<br \/>\nmin. Formato A 15x L 10 cm<br \/>\nA menudo se necesita una estaci\u00f3n de plegado adicional en la encuadernaci\u00f3n,<br \/>\npara realizar una rotura transversal adicional.<br \/>\nLa unidad de plegado en cuatro partes VF 66 es adecuada para ello.<br \/>\nPorque su propio accionamiento y ajuste de altura hacen que sea m\u00f3vil y flexible de usar.<br \/>\nTambi\u00e9n puede procesar hojas encoladas y plegadas o selladas en productos finales con la VF 66.<br \/>\nLos ejes (opcionales) de la cortadora descendente<br \/>\ntambi\u00e9n le permiten realizar un recorte de pies y cabeza.<\/p>\n","protected":false},"excerpt":{"rendered":"<p>unidad m\u00f3vil de plegado de cuatro cuchillas Heidelberg Stahlfolder VF-66 A\u00f1o de fabricaci\u00f3n en torno a 2008 MCT control Longitud de la espada 660 mm Posici\u00f3n de la espada arriba Altura de entrada 5095cm m\u00e1x. Formato Ancho 560x Largo 660 cm min. Formato A 15x L 10 cm A menudo se necesita una estaci\u00f3n de [&hellip;]<\/p>\n","protected":false},"featured_media":87022,"template":"","meta":[],"product_brand":[],"product_cat":[2915],"product_tag":[],"class_list":{"0":"post-88969","1":"product","2":"type-product","3":"status-publish","4":"has-post-thumbnail","6":"product_cat-unidades-plegables","7":"pa_hersteller-heidelberg","8":"pa_typ-vf-66","10":"first","11":"instock","12":"taxable","13":"shipping-taxable","14":"product-type-simple"},"jetpack_sharing_enabled":true,"_links":{"self":[{"href":"https:\/\/www.3p-gmbh.de\/es\/wp-json\/wp\/v2\/product\/88969","targetHints":{"allow":["GET"]}}],"collection":[{"href":"https:\/\/www.3p-gmbh.de\/es\/wp-json\/wp\/v2\/product"}],"about":[{"href":"https:\/\/www.3p-gmbh.de\/es\/wp-json\/wp\/v2\/types\/product"}],"wp:featuredmedia":[{"embeddable":true,"href":"https:\/\/www.3p-gmbh.de\/es\/wp-json\/wp\/v2\/media\/87022"}],"wp:attachment":[{"href":"https:\/\/www.3p-gmbh.de\/es\/wp-json\/wp\/v2\/media?parent=88969"}],"wp:term":[{"taxonomy":"product_brand","embeddable":true,"href":"https:\/\/www.3p-gmbh.de\/es\/wp-json\/wp\/v2\/product_brand?post=88969"},{"taxonomy":"product_cat","embeddable":true,"href":"https:\/\/www.3p-gmbh.de\/es\/wp-json\/wp\/v2\/product_cat?post=88969"},{"taxonomy":"product_tag","embeddable":true,"href":"https:\/\/www.3p-gmbh.de\/es\/wp-json\/wp\/v2\/product_tag?post=88969"}],"curies":[{"name":"wp","href":"https:\/\/api.w.org\/{rel}","templated":true}]}}