{"id":88954,"date":"2023-04-17T12:58:55","date_gmt":"2023-04-17T12:58:55","guid":{"rendered":"https:\/\/www.3p-gmbh.de\/produkt\/cajon-para-grapas-de-encuadernadora-de-madera-de-haya\/"},"modified":"2023-12-20T13:48:49","modified_gmt":"2023-12-20T13:48:49","slug":"encuadernador-librero-haya-madera","status":"publish","type":"product","link":"https:\/\/www.3p-gmbh.de\/es\/produkt\/encuadernador-librero-haya-madera\/","title":{"rendered":"Caj\u00f3n para grapas de encuadernadora de madera de haya"},"content":{"rendered":"<p><strong>Caj\u00f3n para grapas de encuadernadora de madera de haya<\/strong><\/p>\n<p>para tensar los cordones o las cintas de costura en la costura manual con hilo<\/p>\n<p>Ventajas de los husillos empotrados:<br \/>\n&#8211; trabajo m\u00e1s f\u00e1cil (se puede llegar mejor alrededor de los husillos)<br \/>\n&#8211; Se pueden grapar m\u00e1s capas<\/p>\n","protected":false},"excerpt":{"rendered":"<p>Caj\u00f3n para grapas de encuadernadora de madera de haya para tensar los cordones o las cintas de costura en la costura manual con hilo Ventajas de los husillos empotrados: &#8211; trabajo m\u00e1s f\u00e1cil (se puede llegar mejor alrededor de los husillos) &#8211; Se pueden grapar m\u00e1s capas<\/p>\n","protected":false},"featured_media":86821,"template":"","meta":[],"product_brand":[],"product_cat":[2894],"product_tag":[],"class_list":{"0":"post-88954","1":"product","2":"type-product","3":"status-publish","4":"has-post-thumbnail","6":"product_cat-surtido-encuadernacion","8":"first","9":"instock","10":"taxable","11":"shipping-taxable","12":"product-type-simple"},"jetpack_sharing_enabled":true,"_links":{"self":[{"href":"https:\/\/www.3p-gmbh.de\/es\/wp-json\/wp\/v2\/product\/88954","targetHints":{"allow":["GET"]}}],"collection":[{"href":"https:\/\/www.3p-gmbh.de\/es\/wp-json\/wp\/v2\/product"}],"about":[{"href":"https:\/\/www.3p-gmbh.de\/es\/wp-json\/wp\/v2\/types\/product"}],"wp:featuredmedia":[{"embeddable":true,"href":"https:\/\/www.3p-gmbh.de\/es\/wp-json\/wp\/v2\/media\/86821"}],"wp:attachment":[{"href":"https:\/\/www.3p-gmbh.de\/es\/wp-json\/wp\/v2\/media?parent=88954"}],"wp:term":[{"taxonomy":"product_brand","embeddable":true,"href":"https:\/\/www.3p-gmbh.de\/es\/wp-json\/wp\/v2\/product_brand?post=88954"},{"taxonomy":"product_cat","embeddable":true,"href":"https:\/\/www.3p-gmbh.de\/es\/wp-json\/wp\/v2\/product_cat?post=88954"},{"taxonomy":"product_tag","embeddable":true,"href":"https:\/\/www.3p-gmbh.de\/es\/wp-json\/wp\/v2\/product_tag?post=88954"}],"curies":[{"name":"wp","href":"https:\/\/api.w.org\/{rel}","templated":true}]}}