{"id":88884,"date":"2022-02-10T10:12:11","date_gmt":"2022-02-10T10:12:11","guid":{"rendered":"https:\/\/www.3p-gmbh.de\/produkt\/matrix-530-plastificadora-termica-para-film-opp-de-hasta-50-micras-din-a2-max-500-mm-de-ancho-de-trabajo\/"},"modified":"2022-02-10T10:12:11","modified_gmt":"2022-02-10T10:12:11","slug":"matrix-530-thermo-laminator-for-opp-film-up-to-50-micron-din-a2-max-500-mm-working-width","status":"publish","type":"product","link":"https:\/\/www.3p-gmbh.de\/es\/produkt\/matrix-530-thermo-laminator-for-opp-film-up-to-50-micron-din-a2-max-500-mm-working-width\/","title":{"rendered":"Matrix 530 &#8211; Plastificadora t\u00e9rmica para film OPP de hasta 50 micras DIN A2 (m\u00e1x. 500 mm de ancho de trabajo)"},"content":{"rendered":"<p><strong>Matriz 530<\/strong><br \/>\n<strong>Plastificadora t\u00e9rmica para pel\u00edcula OPP de hasta 50 micras<\/strong><br \/>\n<strong>DIN A2 (anchura de trabajo m\u00e1x. 500 mm)<\/strong><\/p>\n<p>La Matrix 530 es ideal para el sector de la impresi\u00f3n con sus elevadas exigencias de calidad. Los rollos de pel\u00edcula son f\u00e1ciles y sencillos de cambiar; tambi\u00e9n se pueden utilizar rollos de pel\u00edcula OPP de 1.000 m. Matrix 530 cumple la norma europea CE sobre seguridad de los productos.<\/p>\n<p>Velocidad variable (- 10 m\/min.)<br \/>\ny temperatura regulable (0 &#8211; 140\u00b0 C).<br \/>\nTiempos de calentamiento cortos (aprox. 15-20 min.)<br \/>\nLaminaci\u00f3n t\u00e9rmica por una cara con pel\u00edcula OPP de 23-50 micras<br \/>\n1.000 m de rollos de pel\u00edcula OPP utilizables<br \/>\nGrosor del papel 1 cara: 135-500 g\/m\u00b2, 2 caras (2 pasos de trabajo) a partir de 70 g\/m\u00b2.<br \/>\nBarra anti-ondulaci\u00f3n para una planitud perfecta con laminaci\u00f3n t\u00e9rmica a 1 cara<br \/>\nPedal<br \/>\nFunci\u00f3n de retorno<br \/>\nPantalla digital<br \/>\nAlimentaci\u00f3n de papel semiautom\u00e1tica con alineaci\u00f3n, alimentaci\u00f3n de hojas y solapamiento autom\u00e1ticos<br \/>\nFunci\u00f3n de separaci\u00f3n del papel: perforaci\u00f3n y separaci\u00f3n autom\u00e1tica<br \/>\nBandeja de recogida ajustable para impresiones acabadas<br \/>\nContacto de seguridad de parada en el cap\u00f3 de protecci\u00f3n<br \/>\nInterruptor de PARADA DE EMERGENCIA<br \/>\nCubierta antipolvo<br \/>\nincl. Soporte estable y espacio de almacenamiento<br \/>\nOpcional: Brazo de corte (para recortar individualmente el ancho de la pel\u00edcula OPP)<\/p>\n<p>Datos t\u00e9cnicos:<br \/>\nDi\u00e1metro del n\u00facleo del rollo: 57 + 76 mm<br \/>\nTemperatura de trabajo: 0-140 \u00b0C<br \/>\nGrosor de la pel\u00edcula: pel\u00edcula OPP de 23-50 micras<\/p>\n<p>&nbsp;<\/p>\n<table width=\"500\">\n<tbody>\n<tr>\n<td>\n<table width=\"500\">\n<tbody>\n<tr>\n<td colspan=\"2\"><strong>Propiedades del art\u00edculo:<\/strong><\/td>\n<\/tr>\n<tr>\n<td>Max. Anchura de trabajo<\/td>\n<td>500 mm<\/td>\n<\/tr>\n<tr>\n<td>Laminado t\u00e9rmico<\/td>\n<td>Pel\u00edcula OPP de 23-50 micras<\/td>\n<\/tr>\n<tr>\n<td>Velocidad<\/td>\n<td>variable &#8211; 10 m\/min.<\/td>\n<\/tr>\n<tr>\n<td>Invertir<\/td>\n<td>S\u00ed<\/td>\n<\/tr>\n<tr>\n<td>Pantalla digital<\/td>\n<td>S\u00ed<\/td>\n<\/tr>\n<tr>\n<td>Tiempo de calentamiento<\/td>\n<td>aprox. 15 &#8211; 20 min.<\/td>\n<\/tr>\n<tr>\n<td>Laminado en fr\u00edo<\/td>\n<td>No<\/td>\n<\/tr>\n<tr>\n<td>Lunes<\/td>\n<td>No<\/td>\n<\/tr>\n<\/tbody>\n<\/table>\n<\/td>\n<\/tr>\n<\/tbody>\n<\/table>\n","protected":false},"excerpt":{"rendered":"<p>Matriz 530 Plastificadora t\u00e9rmica para pel\u00edcula OPP de hasta 50 micras DIN A2 (anchura de trabajo m\u00e1x. 500 mm) La Matrix 530 es ideal para el sector de la impresi\u00f3n con sus elevadas exigencias de calidad. Los rollos de pel\u00edcula son f\u00e1ciles y sencillos de cambiar; tambi\u00e9n se pueden utilizar rollos de pel\u00edcula OPP de [&hellip;]<\/p>\n","protected":false},"featured_media":83114,"template":"","meta":[],"product_brand":[],"product_cat":[2953],"product_tag":[],"class_list":{"0":"post-88884","1":"product","2":"type-product","3":"status-publish","4":"has-post-thumbnail","6":"product_cat-laminadoras","7":"pa_hersteller-matrix","8":"pa_typ-2360","10":"first","11":"instock","12":"taxable","13":"shipping-taxable","14":"product-type-simple"},"jetpack_sharing_enabled":true,"_links":{"self":[{"href":"https:\/\/www.3p-gmbh.de\/es\/wp-json\/wp\/v2\/product\/88884","targetHints":{"allow":["GET"]}}],"collection":[{"href":"https:\/\/www.3p-gmbh.de\/es\/wp-json\/wp\/v2\/product"}],"about":[{"href":"https:\/\/www.3p-gmbh.de\/es\/wp-json\/wp\/v2\/types\/product"}],"wp:featuredmedia":[{"embeddable":true,"href":"https:\/\/www.3p-gmbh.de\/es\/wp-json\/wp\/v2\/media\/83114"}],"wp:attachment":[{"href":"https:\/\/www.3p-gmbh.de\/es\/wp-json\/wp\/v2\/media?parent=88884"}],"wp:term":[{"taxonomy":"product_brand","embeddable":true,"href":"https:\/\/www.3p-gmbh.de\/es\/wp-json\/wp\/v2\/product_brand?post=88884"},{"taxonomy":"product_cat","embeddable":true,"href":"https:\/\/www.3p-gmbh.de\/es\/wp-json\/wp\/v2\/product_cat?post=88884"},{"taxonomy":"product_tag","embeddable":true,"href":"https:\/\/www.3p-gmbh.de\/es\/wp-json\/wp\/v2\/product_tag?post=88884"}],"curies":[{"name":"wp","href":"https:\/\/api.w.org\/{rel}","templated":true}]}}