{"id":88880,"date":"2022-02-10T15:19:18","date_gmt":"2022-02-10T15:19:18","guid":{"rendered":"https:\/\/www.3p-gmbh.de\/produkt\/almacenamiento-de-materiales-peligrosos-denios-pse-4-450-litros\/"},"modified":"2022-02-10T15:19:18","modified_gmt":"2022-02-10T15:19:18","slug":"almacenamiento-de-sustancias-peligrosas-denios-pse-4-450-litros","status":"publish","type":"product","link":"https:\/\/www.3p-gmbh.de\/es\/produkt\/almacenamiento-de-sustancias-peligrosas-denios-pse-4-450-litros\/","title":{"rendered":"Almacenamiento de materiales peligrosos Denios PSE-4 450 litros"},"content":{"rendered":"<p><strong>Almacenamiento de materiales peligrosos Denios PSE-4 450 litros<\/strong><\/p>\n<p>Espacio de almacenamiento integrado<br \/>\nVolumen de recogida 450 l<br \/>\nMaterial polietileno (PE)<br \/>\nCapacidad KTC\/IBC1<br \/>\nMaterial del estante Polietileno (PE)<br \/>\nSubestructura con pies de apoyo, desplazable mediante carretilla elevadora<br \/>\nCapacidad de carga 1250 kg<\/p>\n<p>Autorizaciones Autorizaci\u00f3n de supervisi\u00f3n de edificios (DIBt)<br \/>\nClasificaci\u00f3n de los l\u00edquidos contaminantes del agua aguda, cr\u00f3nica SGA 1, cr\u00f3nica SGA 2, cr\u00f3nica SGA 3, cr\u00f3nica SGA 4<br \/>\nClasificaci\u00f3n seg\u00fan GefStoffV\/BetrSichVA Corrosivo para los metales, corrosivo para la piel, provoca lesiones oculares graves.<br \/>\nColor azul<\/p>\n","protected":false},"excerpt":{"rendered":"<p>Almacenamiento de materiales peligrosos Denios PSE-4 450 litros Espacio de almacenamiento integrado Volumen de recogida 450 l Material polietileno (PE) Capacidad KTC\/IBC1 Material del estante Polietileno (PE) Subestructura con pies de apoyo, desplazable mediante carretilla elevadora Capacidad de carga 1250 kg Autorizaciones Autorizaci\u00f3n de supervisi\u00f3n de edificios (DIBt) Clasificaci\u00f3n de los l\u00edquidos contaminantes del agua [&hellip;]<\/p>\n","protected":false},"featured_media":83120,"template":"","meta":[],"product_brand":[],"product_cat":[2946],"product_tag":[],"class_list":{"0":"post-88880","1":"product","2":"type-product","3":"status-publish","4":"has-post-thumbnail","6":"product_cat-otra-maquinaria-y-equipos","7":"pa_hersteller-denios","9":"first","10":"instock","11":"taxable","12":"shipping-taxable","13":"product-type-simple"},"jetpack_sharing_enabled":true,"_links":{"self":[{"href":"https:\/\/www.3p-gmbh.de\/es\/wp-json\/wp\/v2\/product\/88880","targetHints":{"allow":["GET"]}}],"collection":[{"href":"https:\/\/www.3p-gmbh.de\/es\/wp-json\/wp\/v2\/product"}],"about":[{"href":"https:\/\/www.3p-gmbh.de\/es\/wp-json\/wp\/v2\/types\/product"}],"wp:featuredmedia":[{"embeddable":true,"href":"https:\/\/www.3p-gmbh.de\/es\/wp-json\/wp\/v2\/media\/83120"}],"wp:attachment":[{"href":"https:\/\/www.3p-gmbh.de\/es\/wp-json\/wp\/v2\/media?parent=88880"}],"wp:term":[{"taxonomy":"product_brand","embeddable":true,"href":"https:\/\/www.3p-gmbh.de\/es\/wp-json\/wp\/v2\/product_brand?post=88880"},{"taxonomy":"product_cat","embeddable":true,"href":"https:\/\/www.3p-gmbh.de\/es\/wp-json\/wp\/v2\/product_cat?post=88880"},{"taxonomy":"product_tag","embeddable":true,"href":"https:\/\/www.3p-gmbh.de\/es\/wp-json\/wp\/v2\/product_tag?post=88880"}],"curies":[{"name":"wp","href":"https:\/\/api.w.org\/{rel}","templated":true}]}}