{"id":88875,"date":"2022-02-10T14:59:04","date_gmt":"2022-02-10T14:59:04","guid":{"rendered":"https:\/\/www.3p-gmbh.de\/produkt\/almacenamiento-de-materiales-peligrosos-denios-ibc-station-1000-litros\/"},"modified":"2022-02-10T14:59:04","modified_gmt":"2022-02-10T14:59:04","slug":"almacenamiento-de-sustancias-peligrosas-denios-ibc-estacion-1000-litros","status":"publish","type":"product","link":"https:\/\/www.3p-gmbh.de\/es\/produkt\/almacenamiento-de-sustancias-peligrosas-denios-ibc-estacion-1000-litros\/","title":{"rendered":"Almacenamiento de materiales peligrosos Denios IBC Station 1000 litros"},"content":{"rendered":"<p><strong>Estaci\u00f3n IBC Denios para 1000 Lite<\/strong><\/p>\n<p>Estaci\u00f3n Denios IBC S de PE &#8211; para el almacenamiento \u00f3ptimo de l\u00edquidos peligrosos<br \/>\nideal para almacenar contenedores de 1.000 litros o recipientes m\u00e1s peque\u00f1os,<br \/>\nPara el almacenamiento \u00f3ptimo de diversos \u00e1cidos y \u00e1lcalis, as\u00ed como para aceites<br \/>\ny productos qu\u00edmicos de limpieza no inflamables<\/p>\n<p>Espacio de almacenamiento integrado<br \/>\nVolumen de recogida 1000 l<br \/>\nAlmac\u00e9n bajo techo<br \/>\nAltura 860 mm<br \/>\nAnchura 1280 mm<br \/>\nLongitud 1660 mm<br \/>\nMaterial polietileno (PE)<br \/>\nCapacidad KTC\/IBC1<br \/>\nMaterial del estante Polietileno (PE)<br \/>\nSubestructura con pies de apoyo, desplazable mediante carretilla elevadora<br \/>\nCapacidad de carga 2000 kg<\/p>\n<p>Autorizaciones Autorizaci\u00f3n de supervisi\u00f3n de edificios (DIBt)<br \/>\nClasificaci\u00f3n de los l\u00edquidos contaminantes del agua aguda, cr\u00f3nica SGA 1, cr\u00f3nica SGA 2, cr\u00f3nica SGA 3, cr\u00f3nica SGA 4<br \/>\nClasificaci\u00f3n seg\u00fan GefStoffV\/BetrSichVA Corrosivo para los metales, corrosivo para la piel, provoca lesiones oculares graves.<br \/>\nColor azul<\/p>\n","protected":false},"excerpt":{"rendered":"<p>Estaci\u00f3n IBC Denios para 1000 Lite Estaci\u00f3n Denios IBC S de PE &#8211; para el almacenamiento \u00f3ptimo de l\u00edquidos peligrosos ideal para almacenar contenedores de 1.000 litros o recipientes m\u00e1s peque\u00f1os, Para el almacenamiento \u00f3ptimo de diversos \u00e1cidos y \u00e1lcalis, as\u00ed como para aceites y productos qu\u00edmicos de limpieza no inflamables Espacio de almacenamiento integrado [&hellip;]<\/p>\n","protected":false},"featured_media":83120,"template":"","meta":[],"product_brand":[],"product_cat":[2946],"product_tag":[],"class_list":{"0":"post-88875","1":"product","2":"type-product","3":"status-publish","4":"has-post-thumbnail","6":"product_cat-otra-maquinaria-y-equipos","7":"pa_hersteller-denios","9":"first","10":"instock","11":"taxable","12":"shipping-taxable","13":"product-type-simple"},"jetpack_sharing_enabled":true,"_links":{"self":[{"href":"https:\/\/www.3p-gmbh.de\/es\/wp-json\/wp\/v2\/product\/88875","targetHints":{"allow":["GET"]}}],"collection":[{"href":"https:\/\/www.3p-gmbh.de\/es\/wp-json\/wp\/v2\/product"}],"about":[{"href":"https:\/\/www.3p-gmbh.de\/es\/wp-json\/wp\/v2\/types\/product"}],"wp:featuredmedia":[{"embeddable":true,"href":"https:\/\/www.3p-gmbh.de\/es\/wp-json\/wp\/v2\/media\/83120"}],"wp:attachment":[{"href":"https:\/\/www.3p-gmbh.de\/es\/wp-json\/wp\/v2\/media?parent=88875"}],"wp:term":[{"taxonomy":"product_brand","embeddable":true,"href":"https:\/\/www.3p-gmbh.de\/es\/wp-json\/wp\/v2\/product_brand?post=88875"},{"taxonomy":"product_cat","embeddable":true,"href":"https:\/\/www.3p-gmbh.de\/es\/wp-json\/wp\/v2\/product_cat?post=88875"},{"taxonomy":"product_tag","embeddable":true,"href":"https:\/\/www.3p-gmbh.de\/es\/wp-json\/wp\/v2\/product_tag?post=88875"}],"curies":[{"name":"wp","href":"https:\/\/api.w.org\/{rel}","templated":true}]}}