{"id":88842,"date":"2022-04-30T22:23:33","date_gmt":"2022-04-30T22:23:33","guid":{"rendered":"https:\/\/www.3p-gmbh.de\/produkt\/bomba-de-vacio-rotativa-de-paletas-becker-kvt-3-140\/"},"modified":"2022-04-30T22:23:33","modified_gmt":"2022-04-30T22:23:33","slug":"bomba-de-vacio-rotativa-de-paletas-becker-kvt-3-140","status":"publish","type":"product","link":"https:\/\/www.3p-gmbh.de\/es\/produkt\/bomba-de-vacio-rotativa-de-paletas-becker-kvt-3-140\/","title":{"rendered":"Bomba de vac\u00edo rotativa de paletas Becker KVT 3.140"},"content":{"rendered":"<p><strong>Bomba de vac\u00edo rotativa de paletas de funcionamiento en seco Becker KVT 3.140<\/strong><br \/>\n<strong>Bj. Peque\u00f1a carrera en 2006<\/strong><br \/>\nt\u00e9cnica. Datos de la placa de caracter\u00edsticas<\/p>\n","protected":false},"excerpt":{"rendered":"<p>Bomba de vac\u00edo rotativa de paletas de funcionamiento en seco Becker KVT 3.140 Bj. Peque\u00f1a carrera en 2006 t\u00e9cnica. Datos de la placa de caracter\u00edsticas<\/p>\n","protected":false},"featured_media":83300,"template":"","meta":[],"product_brand":[],"product_cat":[2929],"product_tag":[],"class_list":{"0":"post-88842","1":"product","2":"type-product","3":"status-publish","4":"has-post-thumbnail","6":"product_cat-compresores-y-bombas-de-vacio","7":"pa_hersteller-becker","8":"pa_typ-kvt-3-140","10":"first","11":"instock","12":"taxable","13":"shipping-taxable","14":"product-type-simple"},"jetpack_sharing_enabled":true,"_links":{"self":[{"href":"https:\/\/www.3p-gmbh.de\/es\/wp-json\/wp\/v2\/product\/88842","targetHints":{"allow":["GET"]}}],"collection":[{"href":"https:\/\/www.3p-gmbh.de\/es\/wp-json\/wp\/v2\/product"}],"about":[{"href":"https:\/\/www.3p-gmbh.de\/es\/wp-json\/wp\/v2\/types\/product"}],"wp:featuredmedia":[{"embeddable":true,"href":"https:\/\/www.3p-gmbh.de\/es\/wp-json\/wp\/v2\/media\/83300"}],"wp:attachment":[{"href":"https:\/\/www.3p-gmbh.de\/es\/wp-json\/wp\/v2\/media?parent=88842"}],"wp:term":[{"taxonomy":"product_brand","embeddable":true,"href":"https:\/\/www.3p-gmbh.de\/es\/wp-json\/wp\/v2\/product_brand?post=88842"},{"taxonomy":"product_cat","embeddable":true,"href":"https:\/\/www.3p-gmbh.de\/es\/wp-json\/wp\/v2\/product_cat?post=88842"},{"taxonomy":"product_tag","embeddable":true,"href":"https:\/\/www.3p-gmbh.de\/es\/wp-json\/wp\/v2\/product_tag?post=88842"}],"curies":[{"name":"wp","href":"https:\/\/api.w.org\/{rel}","templated":true}]}}