{"id":88835,"date":"2022-05-28T16:48:06","date_gmt":"2022-05-28T16:48:06","guid":{"rendered":"https:\/\/www.3p-gmbh.de\/produkt\/almacenamiento-de-sustancias-peligrosas-estacion-de-sustancias-peligrosas-galvanizada-en-caliente-stw-2vb\/"},"modified":"2022-05-28T16:48:06","modified_gmt":"2022-05-28T16:48:06","slug":"almacenamiento-de-sustancias-peligrosas-estacion-de-sustancias-peligrosas-galvanizado-en-caliente-stw-2vb","status":"publish","type":"product","link":"https:\/\/www.3p-gmbh.de\/es\/produkt\/almacenamiento-de-sustancias-peligrosas-estacion-de-sustancias-peligrosas-galvanizado-en-caliente-stw-2vb\/","title":{"rendered":"Almacenamiento de sustancias peligrosas &#8211; Estaci\u00f3n de sustancias peligrosas, galvanizada en caliente STW-2VB"},"content":{"rendered":"<p><strong>Almacenamiento de sustancias peligrosas &#8211; Estaci\u00f3n de sustancias peligrosas, galvanizada en caliente STW-2VB<\/strong><\/p>\n<p>Almacenamiento conforme a la Ley de Recursos H\u00eddricos (WHG) Aprobado para el almacenamiento de l\u00edquidos inflamables.<br \/>\nParedes laterales y trasera cerradas (chapa maciza).<br \/>\nApilable de 3 en 3.<br \/>\nCapacidad de carga: 850 kg\/m\u00b2.<\/p>\n<p>Dimensiones Al x An x Fo 1440x1390x905<br \/>\nCapacidad 2&#215;200 l barril<br \/>\nVolumen de la colecci\u00f3n 225l<br \/>\nPeso 150<br \/>\nCapacidad de carga 1000 kg<\/p>\n","protected":false},"excerpt":{"rendered":"<p>Almacenamiento de sustancias peligrosas &#8211; Estaci\u00f3n de sustancias peligrosas, galvanizada en caliente STW-2VB Almacenamiento conforme a la Ley de Recursos H\u00eddricos (WHG) Aprobado para el almacenamiento de l\u00edquidos inflamables. Paredes laterales y trasera cerradas (chapa maciza). Apilable de 3 en 3. Capacidad de carga: 850 kg\/m\u00b2. Dimensiones Al x An x Fo 1440x1390x905 Capacidad 2&#215;200 [&hellip;]<\/p>\n","protected":false},"featured_media":83417,"template":"","meta":[],"product_brand":[],"product_cat":[2926],"product_tag":[],"class_list":{"0":"post-88835","1":"product","2":"type-product","3":"status-publish","4":"has-post-thumbnail","6":"product_cat-tecnologia-de-almacenamiento","7":"pa_typ-stw-2vb","9":"first","10":"instock","11":"taxable","12":"shipping-taxable","13":"product-type-simple"},"jetpack_sharing_enabled":true,"_links":{"self":[{"href":"https:\/\/www.3p-gmbh.de\/es\/wp-json\/wp\/v2\/product\/88835","targetHints":{"allow":["GET"]}}],"collection":[{"href":"https:\/\/www.3p-gmbh.de\/es\/wp-json\/wp\/v2\/product"}],"about":[{"href":"https:\/\/www.3p-gmbh.de\/es\/wp-json\/wp\/v2\/types\/product"}],"wp:featuredmedia":[{"embeddable":true,"href":"https:\/\/www.3p-gmbh.de\/es\/wp-json\/wp\/v2\/media\/83417"}],"wp:attachment":[{"href":"https:\/\/www.3p-gmbh.de\/es\/wp-json\/wp\/v2\/media?parent=88835"}],"wp:term":[{"taxonomy":"product_brand","embeddable":true,"href":"https:\/\/www.3p-gmbh.de\/es\/wp-json\/wp\/v2\/product_brand?post=88835"},{"taxonomy":"product_cat","embeddable":true,"href":"https:\/\/www.3p-gmbh.de\/es\/wp-json\/wp\/v2\/product_cat?post=88835"},{"taxonomy":"product_tag","embeddable":true,"href":"https:\/\/www.3p-gmbh.de\/es\/wp-json\/wp\/v2\/product_tag?post=88835"}],"curies":[{"name":"wp","href":"https:\/\/api.w.org\/{rel}","templated":true}]}}