{"id":88821,"date":"2022-05-28T20:56:09","date_gmt":"2022-05-28T20:56:09","guid":{"rendered":"https:\/\/www.3p-gmbh.de\/produkt\/cizalla-de-doble-punta-para-cortar-ranuras-de-canal-cito-y-gnu\/"},"modified":"2022-05-28T20:56:09","modified_gmt":"2022-05-28T20:56:09","slug":"tijeras-de-doble-punta-para-cortar-ranuras-en-los-canales-decito-y-gnu","status":"publish","type":"product","link":"https:\/\/www.3p-gmbh.de\/es\/produkt\/tijeras-de-doble-punta-para-cortar-ranuras-en-los-canales-decito-y-gnu\/","title":{"rendered":"Cizalla de doble punta para cortar ranuras de canal Cito y GNU"},"content":{"rendered":"<p><strong>Cizalla de doble punta para cortar ranuras de canal Cito y GNU<br \/>\n<\/strong><br \/>\npara el corte eficaz de voladizos y para el corte recto de l\u00edneas de hasta 40 x 1,42 mm en construcciones totalmente de acero.<\/p>\n<p>Las tijeras cortan 2 narices al mismo tiempo, por lo que la l\u00ednea se mantiene sin distorsi\u00f3n durante el proceso de corte gracias a un dispositivo autom\u00e1tico de sujeci\u00f3n.<br \/>\nLa l\u00ednea se corta de forma c\u00f3nica con cuchillas adecuadamente afiladas; esto garantiza un buen ajuste de los puntos de conexi\u00f3n.<br \/>\nLa palanca basculante permite una buena transmisi\u00f3n de potencia; el ajuste fino permite un corte preciso a la longitud deseada.<\/p>\n","protected":false},"excerpt":{"rendered":"<p>Cizalla de doble punta para cortar ranuras de canal Cito y GNU para el corte eficaz de voladizos y para el corte recto de l\u00edneas de hasta 40 x 1,42 mm en construcciones totalmente de acero. Las tijeras cortan 2 narices al mismo tiempo, por lo que la l\u00ednea se mantiene sin distorsi\u00f3n durante el [&hellip;]<\/p>\n","protected":false},"featured_media":83474,"template":"","meta":[],"product_brand":[],"product_cat":[2880],"product_tag":[],"class_list":{"0":"post-88821","1":"product","2":"type-product","3":"status-publish","4":"has-post-thumbnail","6":"product_cat-tipografia","8":"first","9":"instock","10":"taxable","11":"shipping-taxable","12":"product-type-simple"},"jetpack_sharing_enabled":true,"_links":{"self":[{"href":"https:\/\/www.3p-gmbh.de\/es\/wp-json\/wp\/v2\/product\/88821","targetHints":{"allow":["GET"]}}],"collection":[{"href":"https:\/\/www.3p-gmbh.de\/es\/wp-json\/wp\/v2\/product"}],"about":[{"href":"https:\/\/www.3p-gmbh.de\/es\/wp-json\/wp\/v2\/types\/product"}],"wp:featuredmedia":[{"embeddable":true,"href":"https:\/\/www.3p-gmbh.de\/es\/wp-json\/wp\/v2\/media\/83474"}],"wp:attachment":[{"href":"https:\/\/www.3p-gmbh.de\/es\/wp-json\/wp\/v2\/media?parent=88821"}],"wp:term":[{"taxonomy":"product_brand","embeddable":true,"href":"https:\/\/www.3p-gmbh.de\/es\/wp-json\/wp\/v2\/product_brand?post=88821"},{"taxonomy":"product_cat","embeddable":true,"href":"https:\/\/www.3p-gmbh.de\/es\/wp-json\/wp\/v2\/product_cat?post=88821"},{"taxonomy":"product_tag","embeddable":true,"href":"https:\/\/www.3p-gmbh.de\/es\/wp-json\/wp\/v2\/product_tag?post=88821"}],"curies":[{"name":"wp","href":"https:\/\/api.w.org\/{rel}","templated":true}]}}