{"id":88818,"date":"2022-05-28T17:02:18","date_gmt":"2022-05-28T17:02:18","guid":{"rendered":"https:\/\/www.3p-gmbh.de\/produkt\/unidad-movil-de-plegado-de-espadas-mathias-baeuerle-ms-45\/"},"modified":"2022-05-28T17:02:18","modified_gmt":"2022-05-28T17:02:18","slug":"movil-espada-plegable-mathias-baeuerle-ms-45","status":"publish","type":"product","link":"https:\/\/www.3p-gmbh.de\/es\/produkt\/movil-espada-plegable-mathias-baeuerle-ms-45\/","title":{"rendered":"Unidad m\u00f3vil de plegado de espadas Mathias B\u00e4uerle MS 45"},"content":{"rendered":"<p><strong>Unidad m\u00f3vil de plegado de espadas Mathias B\u00e4uerle MS 45<\/strong><br \/>\n<strong>A\u00f1o de fabricaci\u00f3n 2006<br \/>\n<\/strong><br \/>\npara dobladillos cruzados<br \/>\n&#8211; Orientable 180\u00b0, por lo que se puede plegar desde arriba o desde abajo<br \/>\n&#8211; M\u00f3vil y regulable en altura sin escalonamientos<br \/>\nAdecuado para el acoplamiento con la primera o segunda unidad de plegado de placas de hebilla de una plegadora CAS<br \/>\nAnchura m\u00e1x. de entrada 45 cm m\u00edn. 12 cm<br \/>\nLongitud de entrada m\u00e1x. 33 cm m\u00edn. 10 cm<\/p>\n","protected":false},"excerpt":{"rendered":"<p>Unidad m\u00f3vil de plegado de espadas Mathias B\u00e4uerle MS 45 A\u00f1o de fabricaci\u00f3n 2006 para dobladillos cruzados &#8211; Orientable 180\u00b0, por lo que se puede plegar desde arriba o desde abajo &#8211; M\u00f3vil y regulable en altura sin escalonamientos Adecuado para el acoplamiento con la primera o segunda unidad de plegado de placas de hebilla [&hellip;]<\/p>\n","protected":false},"featured_media":83462,"template":"","meta":[],"product_brand":[],"product_cat":[2915],"product_tag":[],"class_list":{"0":"post-88818","1":"product","2":"type-product","3":"status-publish","4":"has-post-thumbnail","6":"product_cat-unidades-plegables","7":"pa_hersteller-mathias-baeuerle","8":"pa_typ-ms-45","10":"first","11":"instock","12":"taxable","13":"shipping-taxable","14":"product-type-simple"},"jetpack_sharing_enabled":true,"_links":{"self":[{"href":"https:\/\/www.3p-gmbh.de\/es\/wp-json\/wp\/v2\/product\/88818","targetHints":{"allow":["GET"]}}],"collection":[{"href":"https:\/\/www.3p-gmbh.de\/es\/wp-json\/wp\/v2\/product"}],"about":[{"href":"https:\/\/www.3p-gmbh.de\/es\/wp-json\/wp\/v2\/types\/product"}],"wp:featuredmedia":[{"embeddable":true,"href":"https:\/\/www.3p-gmbh.de\/es\/wp-json\/wp\/v2\/media\/83462"}],"wp:attachment":[{"href":"https:\/\/www.3p-gmbh.de\/es\/wp-json\/wp\/v2\/media?parent=88818"}],"wp:term":[{"taxonomy":"product_brand","embeddable":true,"href":"https:\/\/www.3p-gmbh.de\/es\/wp-json\/wp\/v2\/product_brand?post=88818"},{"taxonomy":"product_cat","embeddable":true,"href":"https:\/\/www.3p-gmbh.de\/es\/wp-json\/wp\/v2\/product_cat?post=88818"},{"taxonomy":"product_tag","embeddable":true,"href":"https:\/\/www.3p-gmbh.de\/es\/wp-json\/wp\/v2\/product_tag?post=88818"}],"curies":[{"name":"wp","href":"https:\/\/api.w.org\/{rel}","templated":true}]}}