{"id":88786,"date":"2023-07-09T10:07:38","date_gmt":"2023-07-09T10:07:38","guid":{"rendered":"https:\/\/www.3p-gmbh.de\/produkt\/volteador-de-pales-hotung-pw-1\/"},"modified":"2023-12-20T13:47:52","modified_gmt":"2023-12-20T13:47:52","slug":"volteador-de-paletas-hotung-pw-1","status":"publish","type":"product","link":"https:\/\/www.3p-gmbh.de\/es\/produkt\/volteador-de-paletas-hotung-pw-1\/","title":{"rendered":"Volteador de pal\u00e9s Hotung PW 1"},"content":{"rendered":"<p><strong>Volteador de pilas Hotung PW 1<\/strong><br \/>\n<strong>A\u00f1o de fabricaci\u00f3n 2000<br \/>\nSN 218-PW1  <\/strong><\/p>\n<p>Plataforma interior 127 x 83 cm<br \/>\nTodos los carros de m\u00e1quinas y tama\u00f1os de palets hasta<br \/>\nFormato europal\u00e9 : 120 x 80 cm<br \/>\nLongitudinal: 142 x 102 cm<br \/>\nAltura de entrada de la pila: 133 cm<br \/>\nAltura de entrada de las ruedas: 100 cm<br \/>\nPila m\u00ednima: 61 cm<br \/>\nFuerza de elevaci\u00f3n: 1000 kg<br \/>\nTiempo de giro: 2 x 40 seg.<br \/>\nPeso propio : 860 kg<br \/>\nPotencia necesaria: 1,5 KW\/16A<br \/>\nHuella en reposo: 150 x 170 cm<br \/>\nRotaci\u00f3n\/m\u00e1x. Di\u00e1metro de giro \u00d8 195 cm<br \/>\nHuella en funcionamiento: 210 x 170 cm<br \/>\nAltura total con pila: 176 cm<\/p>\n<p><em><strong>Completamente limpio y probado en taller<\/strong><\/em><\/p>\n","protected":false},"excerpt":{"rendered":"<p>Volteador de pilas Hotung PW 1 A\u00f1o de fabricaci\u00f3n 2000 SN 218-PW1 Plataforma interior 127 x 83 cm Todos los carros de m\u00e1quinas y tama\u00f1os de palets hasta Formato europal\u00e9 : 120 x 80 cm Longitudinal: 142 x 102 cm Altura de entrada de la pila: 133 cm Altura de entrada de las ruedas: 100 [&hellip;]<\/p>\n","protected":false},"featured_media":87825,"template":"","meta":[],"product_brand":[],"product_cat":[2900],"product_tag":[],"class_list":{"0":"post-88786","1":"product","2":"type-product","3":"status-publish","4":"has-post-thumbnail","6":"product_cat-volteador-de-pilas","7":"pa_hersteller-hotung","8":"pa_typ-pw1","10":"first","11":"instock","12":"taxable","13":"shipping-taxable","14":"product-type-simple"},"jetpack_sharing_enabled":true,"_links":{"self":[{"href":"https:\/\/www.3p-gmbh.de\/es\/wp-json\/wp\/v2\/product\/88786","targetHints":{"allow":["GET"]}}],"collection":[{"href":"https:\/\/www.3p-gmbh.de\/es\/wp-json\/wp\/v2\/product"}],"about":[{"href":"https:\/\/www.3p-gmbh.de\/es\/wp-json\/wp\/v2\/types\/product"}],"wp:featuredmedia":[{"embeddable":true,"href":"https:\/\/www.3p-gmbh.de\/es\/wp-json\/wp\/v2\/media\/87825"}],"wp:attachment":[{"href":"https:\/\/www.3p-gmbh.de\/es\/wp-json\/wp\/v2\/media?parent=88786"}],"wp:term":[{"taxonomy":"product_brand","embeddable":true,"href":"https:\/\/www.3p-gmbh.de\/es\/wp-json\/wp\/v2\/product_brand?post=88786"},{"taxonomy":"product_cat","embeddable":true,"href":"https:\/\/www.3p-gmbh.de\/es\/wp-json\/wp\/v2\/product_cat?post=88786"},{"taxonomy":"product_tag","embeddable":true,"href":"https:\/\/www.3p-gmbh.de\/es\/wp-json\/wp\/v2\/product_tag?post=88786"}],"curies":[{"name":"wp","href":"https:\/\/api.w.org\/{rel}","templated":true}]}}