{"id":88697,"date":"2023-07-26T21:57:34","date_gmt":"2023-07-26T21:57:34","guid":{"rendered":"https:\/\/www.3p-gmbh.de\/produkt\/atador-de-mesa-busch-tb-24-ii\/"},"modified":"2023-07-26T21:57:34","modified_gmt":"2023-07-26T21:57:34","slug":"mesa-buendler-bush-tb-24-ii","status":"publish","type":"product","link":"https:\/\/www.3p-gmbh.de\/es\/produkt\/mesa-buendler-bush-tb-24-ii\/","title":{"rendered":"Atador de mesa Busch TB 24-II"},"content":{"rendered":"<p><strong>Atador de mesa Busch TB 24-II<br \/>\ndesde 2000  <\/strong><br \/>\n<strong>Estado de limpieza y comprobaci\u00f3n en taller (sustituci\u00f3n de piezas de desgaste)<\/strong><\/p>\n<p>El material del paquete es papel kraft estucado (marr\u00f3n o blanco) o film de polipropileno transparente.<br \/>\nEquipada con pantalla digital, indicador de errores y control electr\u00f3nico de la temperatura.<\/p>\n<p>Opciones de funcionamiento:<br \/>\n&#8211; Desbloqueo de ciclo \u00fanico mediante pulsador<br \/>\n&#8211; Desbloqueo de un ciclo mediante pedal <em>(opcional)<\/em><br \/>\n&#8211; Activaci\u00f3n autom\u00e1tica mediante sensor<\/p>\n<p>Material del paquete: papel kraft estucado, pel\u00edcula de polipropileno (PP)<br \/>\nAnchos de cinta: <strong>40 y 50 mm<\/strong><br \/>\nLongitud del rollo de papel kraft 150 \/ l\u00e1mina 200 m<br \/>\nRendimiento de la m\u00e1quina 20 &#8211; 25 ciclos\/min.<br \/>\nMax. Dimensiones de los paquetes: 240 mm de ancho para paquetes de papel y 180 mm para paquetes de pel\u00edcula, altura 150 mm, longitud ilimitada.<\/p>\n","protected":false},"excerpt":{"rendered":"<p>Atador de mesa Busch TB 24-II desde 2000 Estado de limpieza y comprobaci\u00f3n en taller (sustituci\u00f3n de piezas de desgaste) El material del paquete es papel kraft estucado (marr\u00f3n o blanco) o film de polipropileno transparente. Equipada con pantalla digital, indicador de errores y control electr\u00f3nico de la temperatura. Opciones de funcionamiento: &#8211; Desbloqueo de [&hellip;]<\/p>\n","protected":false},"featured_media":88422,"template":"","meta":[],"product_brand":[],"product_cat":[2862],"product_tag":[],"class_list":{"0":"post-88697","1":"product","2":"type-product","3":"status-publish","4":"has-post-thumbnail","6":"product_cat-maquinas-perladoras","7":"pa_bezeichnung_typ-tb-24-ii","8":"pa_hersteller-busch","10":"first","11":"instock","12":"taxable","13":"shipping-taxable","14":"product-type-simple"},"jetpack_sharing_enabled":true,"_links":{"self":[{"href":"https:\/\/www.3p-gmbh.de\/es\/wp-json\/wp\/v2\/product\/88697","targetHints":{"allow":["GET"]}}],"collection":[{"href":"https:\/\/www.3p-gmbh.de\/es\/wp-json\/wp\/v2\/product"}],"about":[{"href":"https:\/\/www.3p-gmbh.de\/es\/wp-json\/wp\/v2\/types\/product"}],"wp:featuredmedia":[{"embeddable":true,"href":"https:\/\/www.3p-gmbh.de\/es\/wp-json\/wp\/v2\/media\/88422"}],"wp:attachment":[{"href":"https:\/\/www.3p-gmbh.de\/es\/wp-json\/wp\/v2\/media?parent=88697"}],"wp:term":[{"taxonomy":"product_brand","embeddable":true,"href":"https:\/\/www.3p-gmbh.de\/es\/wp-json\/wp\/v2\/product_brand?post=88697"},{"taxonomy":"product_cat","embeddable":true,"href":"https:\/\/www.3p-gmbh.de\/es\/wp-json\/wp\/v2\/product_cat?post=88697"},{"taxonomy":"product_tag","embeddable":true,"href":"https:\/\/www.3p-gmbh.de\/es\/wp-json\/wp\/v2\/product_tag?post=88697"}],"curies":[{"name":"wp","href":"https:\/\/api.w.org\/{rel}","templated":true}]}}