{"id":88690,"date":"2023-07-26T22:02:25","date_gmt":"2023-07-26T22:02:25","guid":{"rendered":"https:\/\/www.3p-gmbh.de\/produkt\/carretilla-elevadora-hs-1029\/"},"modified":"2023-07-26T22:02:25","modified_gmt":"2023-07-26T22:02:25","slug":"hoch-hubstapler-hs-1029","status":"publish","type":"product","link":"https:\/\/www.3p-gmbh.de\/es\/produkt\/hoch-hubstapler-hs-1029\/","title":{"rendered":"Carretilla elevadora HS 1029"},"content":{"rendered":"<p><strong>Carretilla elevadora HS 1029<\/strong><br \/>\n<strong>desde 2010<\/strong><\/p>\n<p>Esta carretilla elevadora hidr\u00e1ulica consta de una construcci\u00f3n de acero firmemente soldada, s\u00f3lida y duradera.<br \/>\nLa unidad eleva cargas de hasta 1.000 kg y una altura de elevaci\u00f3n de 2.780 mm.<br \/>\nLa carretilla elevadora facilita el trabajo con palets y contenedores y garantiza un trabajo ergon\u00f3mico.<br \/>\nSe maneja mediante una barra de tracci\u00f3n de seguridad con una sola mano.<\/p>\n<p>Otras caracter\u00edsticas:<br \/>\n&#8211; S\u00f3lida construcci\u00f3n de acero soldado<br \/>\n&#8211; Robusto recubrimiento en polvo en RAL 1028<br \/>\n&#8211; Ruedas con neum\u00e1ticos de poliuretano<br \/>\n&#8211; Ambas ruedas giratorias con freno<\/p>\n<p>Dimensiones L x A x A: 1705 x 755 x 2080 mm<br \/>\nTipo de accionamiento: manual<br \/>\nTipo: Carretilla elevadora<br \/>\nAltura total: 2080 mm<br \/>\nPeso propio: 230 kg<br \/>\nLongitud de la horquilla: 1150 mm<br \/>\nAltura de elevaci\u00f3n: 2780 mm<br \/>\nCentro de gravedad de la carga: 600 mm<br \/>\nRuedas giratorias: 150 x 40 mm<br \/>\nCapacidad de carga: 1000 kg<br \/>\nRadio de giro: 1380 mm<\/p>\n","protected":false},"excerpt":{"rendered":"<p>Carretilla elevadora HS 1029 desde 2010 Esta carretilla elevadora hidr\u00e1ulica consta de una construcci\u00f3n de acero firmemente soldada, s\u00f3lida y duradera. La unidad eleva cargas de hasta 1.000 kg y una altura de elevaci\u00f3n de 2.780 mm. La carretilla elevadora facilita el trabajo con palets y contenedores y garantiza un trabajo ergon\u00f3mico. Se maneja mediante [&hellip;]<\/p>\n","protected":false},"featured_media":88463,"template":"","meta":[],"product_brand":[],"product_cat":[2858],"product_tag":[],"class_list":{"0":"post-88690","1":"product","2":"type-product","3":"status-publish","4":"has-post-thumbnail","6":"product_cat-carretillas-industriales","7":"pa_bezeichnung_typ-hs-1029","9":"first","10":"instock","11":"taxable","12":"shipping-taxable","13":"product-type-simple"},"jetpack_sharing_enabled":true,"_links":{"self":[{"href":"https:\/\/www.3p-gmbh.de\/es\/wp-json\/wp\/v2\/product\/88690","targetHints":{"allow":["GET"]}}],"collection":[{"href":"https:\/\/www.3p-gmbh.de\/es\/wp-json\/wp\/v2\/product"}],"about":[{"href":"https:\/\/www.3p-gmbh.de\/es\/wp-json\/wp\/v2\/types\/product"}],"wp:featuredmedia":[{"embeddable":true,"href":"https:\/\/www.3p-gmbh.de\/es\/wp-json\/wp\/v2\/media\/88463"}],"wp:attachment":[{"href":"https:\/\/www.3p-gmbh.de\/es\/wp-json\/wp\/v2\/media?parent=88690"}],"wp:term":[{"taxonomy":"product_brand","embeddable":true,"href":"https:\/\/www.3p-gmbh.de\/es\/wp-json\/wp\/v2\/product_brand?post=88690"},{"taxonomy":"product_cat","embeddable":true,"href":"https:\/\/www.3p-gmbh.de\/es\/wp-json\/wp\/v2\/product_cat?post=88690"},{"taxonomy":"product_tag","embeddable":true,"href":"https:\/\/www.3p-gmbh.de\/es\/wp-json\/wp\/v2\/product_tag?post=88690"}],"curies":[{"name":"wp","href":"https:\/\/api.w.org\/{rel}","templated":true}]}}