{"id":87255,"date":"2022-08-03T10:27:52","date_gmt":"2022-08-03T10:27:52","guid":{"rendered":"https:\/\/www.3p-gmbh.de\/produkt\/blumer-atlas-200-etikettenstanze-mit-streifenzufuehrung-und-bandeinheit-se-18-4\/"},"modified":"2022-08-03T10:27:52","modified_gmt":"2022-08-03T10:27:52","slug":"blumer-atlas-200-label-punch-mit-streifen-anleger-und-band-einheit-se-18-4","status":"publish","type":"product","link":"https:\/\/www.3p-gmbh.de\/es\/produkt\/blumer-atlas-200-label-punch-mit-streifen-anleger-und-band-einheit-se-18-4\/","title":{"rendered":"Blumer Atlas 200 Etikettenstanze mit Streifenzuf\u00fchrung und Bandeinheit SE 18.4"},"content":{"rendered":"<p><strong>Blumer Atlas 200 Etikettenstanze<\/strong><br \/>\nideal f\u00fcr kleine Etiketten, Banderolen und Steuer- oder Wertcoupons<br \/>\n<strong>aus dem Jahr 1992, aber sehr wenig benutzt<\/strong><\/p>\n<p><em><strong>mit<\/strong><\/em><br \/>\nBandanleger SE 18.4<br \/>\nQuerschnitteinrichtung<br \/>\nStanzeinheit ST 18.2<br \/>\nInline-Bandger\u00e4t PB 18.2 und Ausgangskanal<\/p>\n<p><em>Streifengr\u00f6\u00dfen:<\/em><br \/>\nL\u00e4nge des Bandes min. \/ max. 350 \/ 1115 mm<br \/>\nBreite des Bandes min. \/ max. 45 \/ 215 mm <em>(die kleinste Abmessung ist 20 x 44 mm)<\/em><\/p>\n<p><em>Etikettengr\u00f6\u00dfen:<\/em><br \/>\nVorgeschnittene Etikettengr\u00f6\u00dfe min. 25 x 45 mm<br \/>\nVorgeschnittene Etikettengr\u00f6\u00dfe max. 170 x 215 mm<br \/>\nStapelh\u00f6he min. \/ max. 40 \/ 120 mm<br \/>\nZwischenbeschnitt 3 &#8211; 40 mm<br \/>\nZuschnitt 3 &#8211; 40 mm<br \/>\nRestschnitt 25 &#8211; 100 mm<br \/>\nBandbreite 25 mm<\/p>\n<p><em>Weitere Einzelheiten:<\/em><br \/>\nMaschinenh\u00fcbe pro Minute 12 &#8211; 20<br \/>\nSteuerung der Maschine<br \/>\nElektrischer Anschluss 400V 3.N.PE 6,7 kVA<br \/>\nLuftverbrauch inkl. 30%<br \/>\nReserve 6 bar Trockenluft 22 m\u00b3\/h<\/p>\n","protected":false},"excerpt":{"rendered":"<p>Blumer Atlas 200 Etikettenstanze ideal f\u00fcr kleine Etiketten, Banderolen und Steuer- oder Wertcoupons aus dem Jahr 1992, aber sehr wenig benutzt mit Bandanleger SE 18.4 Querschnitteinrichtung Stanzeinheit ST 18.2 Inline-Bandger\u00e4t PB 18.2 und Ausgangskanal Streifengr\u00f6\u00dfen: L\u00e4nge des Bandes min. \/ max. 350 \/ 1115 mm Breite des Bandes min. \/ max. 45 \/ 215 mm [&hellip;]<\/p>\n","protected":false},"featured_media":44699,"template":"","meta":[],"product_brand":[],"product_cat":[15,2827],"product_tag":[],"class_list":{"0":"post-87255","1":"product","2":"type-product","3":"status-publish","4":"has-post-thumbnail","6":"product_cat-unkategorisiert","7":"product_cat-stanzen-falten-perforieren-rillen","8":"pa_hersteller-blumer","9":"pa_typ-atlas-200","11":"first","12":"instock","13":"taxable","14":"shipping-taxable","15":"product-type-simple"},"jetpack_sharing_enabled":true,"_links":{"self":[{"href":"https:\/\/www.3p-gmbh.de\/es\/wp-json\/wp\/v2\/product\/87255","targetHints":{"allow":["GET"]}}],"collection":[{"href":"https:\/\/www.3p-gmbh.de\/es\/wp-json\/wp\/v2\/product"}],"about":[{"href":"https:\/\/www.3p-gmbh.de\/es\/wp-json\/wp\/v2\/types\/product"}],"wp:featuredmedia":[{"embeddable":true,"href":"https:\/\/www.3p-gmbh.de\/es\/wp-json\/wp\/v2\/media\/44699"}],"wp:attachment":[{"href":"https:\/\/www.3p-gmbh.de\/es\/wp-json\/wp\/v2\/media?parent=87255"}],"wp:term":[{"taxonomy":"product_brand","embeddable":true,"href":"https:\/\/www.3p-gmbh.de\/es\/wp-json\/wp\/v2\/product_brand?post=87255"},{"taxonomy":"product_cat","embeddable":true,"href":"https:\/\/www.3p-gmbh.de\/es\/wp-json\/wp\/v2\/product_cat?post=87255"},{"taxonomy":"product_tag","embeddable":true,"href":"https:\/\/www.3p-gmbh.de\/es\/wp-json\/wp\/v2\/product_tag?post=87255"}],"curies":[{"name":"wp","href":"https:\/\/api.w.org\/{rel}","templated":true}]}}