{"id":125403,"date":"2026-04-24T12:15:53","date_gmt":"2026-04-24T12:15:53","guid":{"rendered":"https:\/\/www.3p-gmbh.de\/?post_type=product&#038;p=125403"},"modified":"2026-04-24T12:15:53","modified_gmt":"2026-04-24T12:15:53","slug":"ctp-anlage-kodak-trendsetter-vlf-quantum","status":"publish","type":"product","link":"https:\/\/www.3p-gmbh.de\/es\/produkt\/ctp-anlage-kodak-trendsetter-vlf-quantum\/","title":{"rendered":"CtP Anlage Kodak Trendsetter VLF Quantum"},"content":{"rendered":"<p>CtP Anlage Kodak Trendsetter VLF Quantum\u00a0mit Glunz &amp; Jensen offline thermal Offset Plateprozessor Interplater 135 HD<br \/>\naus 2004<\/p>\n<p>Laser mit einer Aufl\u00f6sung von 1200 oder 2400 dpi<br \/>\nMaximale Plattengr\u00f6\u00dfe 1143 x 1448 mm<br \/>\nMinimale Plattengr\u00f6\u00dfe 394 x 508 mm<\/p>\n<p>Thermischer Laserkopf TH 1.7 Quantum f\u00fcr eine Geschwindigkeit von 6 Platten im Vollformat oder 10 im 3B-Format (790 x 1030 mm)<br \/>\nServer-Druckkonsole V 2.4.0.4 auf Dell PowerEdge 830 mit Windows 2000<\/p>\n<p>Abmessungen 300 x 180, die R\u00e4der, auf denen das Ger\u00e4t steht, haben einen Radstand von 235 mm<br \/>\nGewicht 1760 + Eigengewicht 200 kg = 2 t<br \/>\nPalettiert f\u00fcr den internationalen Versand<\/p>\n<p><span style=\"color: #000000;\">Videovorf\u00fchrung<\/span>\u00a0<a href=\"https:\/\/youtu.be\/HNz464ltX3s\"><span style=\"color: #ff0000;\">https:\/\/youtu.be\/HNz464ltX3s<\/span><\/a><\/p>\n","protected":false},"excerpt":{"rendered":"<p>CtP Anlage Kodak Trendsetter VLF Quantum\u00a0mit Glunz &amp; Jensen offline thermal Offset Plateprozessor Interplater 135 HD aus 2004 Laser mit einer Aufl\u00f6sung von 1200 oder 2400 dpi Maximale Plattengr\u00f6\u00dfe 1143 x 1448 mm Minimale Plattengr\u00f6\u00dfe 394 x 508 mm Thermischer Laserkopf TH 1.7 Quantum f\u00fcr eine Geschwindigkeit von 6 Platten im Vollformat oder 10 im [&hellip;]<\/p>\n","protected":false},"featured_media":125405,"template":"","meta":[],"product_brand":[],"product_cat":[82],"product_tag":[],"class_list":{"0":"post-125403","1":"product","2":"type-product","3":"status-publish","4":"has-post-thumbnail","6":"product_cat-computer-to-plate-systeme","7":"pa_bezeichnung_typ-vlf-quantum","8":"pa_hersteller-kodak","10":"first","11":"instock","12":"taxable","13":"shipping-taxable","14":"product-type-simple"},"jetpack_sharing_enabled":true,"_links":{"self":[{"href":"https:\/\/www.3p-gmbh.de\/es\/wp-json\/wp\/v2\/product\/125403","targetHints":{"allow":["GET"]}}],"collection":[{"href":"https:\/\/www.3p-gmbh.de\/es\/wp-json\/wp\/v2\/product"}],"about":[{"href":"https:\/\/www.3p-gmbh.de\/es\/wp-json\/wp\/v2\/types\/product"}],"wp:featuredmedia":[{"embeddable":true,"href":"https:\/\/www.3p-gmbh.de\/es\/wp-json\/wp\/v2\/media\/125405"}],"wp:attachment":[{"href":"https:\/\/www.3p-gmbh.de\/es\/wp-json\/wp\/v2\/media?parent=125403"}],"wp:term":[{"taxonomy":"product_brand","embeddable":true,"href":"https:\/\/www.3p-gmbh.de\/es\/wp-json\/wp\/v2\/product_brand?post=125403"},{"taxonomy":"product_cat","embeddable":true,"href":"https:\/\/www.3p-gmbh.de\/es\/wp-json\/wp\/v2\/product_cat?post=125403"},{"taxonomy":"product_tag","embeddable":true,"href":"https:\/\/www.3p-gmbh.de\/es\/wp-json\/wp\/v2\/product_tag?post=125403"}],"curies":[{"name":"wp","href":"https:\/\/api.w.org\/{rel}","templated":true}]}}