{"id":125258,"date":"2026-04-07T06:29:32","date_gmt":"2026-04-07T06:29:32","guid":{"rendered":"https:\/\/www.3p-gmbh.de\/?post_type=product&#038;p=125258"},"modified":"2026-04-07T06:29:32","modified_gmt":"2026-04-07T06:29:32","slug":"papierrollen-passend-fuer-palamides-delta-paketbuendelauslage","status":"publish","type":"product","link":"https:\/\/www.3p-gmbh.de\/es\/produkt\/papierrollen-passend-fuer-palamides-delta-paketbuendelauslage\/","title":{"rendered":"Papierrollen passend f\u00fcr Palamides Delta Paketb\u00fcndelauslage"},"content":{"rendered":"<p>Papierrollen passend f\u00fcr Palamides Delta Paketb\u00fcndelauslage<\/p>\n","protected":false},"excerpt":{"rendered":"<p>Papierrollen passend f\u00fcr Palamides Delta Paketb\u00fcndelauslage<\/p>\n","protected":false},"featured_media":125259,"template":"","meta":[],"product_brand":[],"product_cat":[2430],"product_tag":[],"class_list":{"0":"post-125258","1":"product","2":"type-product","3":"status-publish","4":"has-post-thumbnail","6":"product_cat-restposten","7":"pa_bezeichnung_typ-delta","8":"pa_hersteller-palamides","10":"first","11":"instock","12":"taxable","13":"shipping-taxable","14":"product-type-simple"},"jetpack_sharing_enabled":true,"_links":{"self":[{"href":"https:\/\/www.3p-gmbh.de\/es\/wp-json\/wp\/v2\/product\/125258","targetHints":{"allow":["GET"]}}],"collection":[{"href":"https:\/\/www.3p-gmbh.de\/es\/wp-json\/wp\/v2\/product"}],"about":[{"href":"https:\/\/www.3p-gmbh.de\/es\/wp-json\/wp\/v2\/types\/product"}],"wp:featuredmedia":[{"embeddable":true,"href":"https:\/\/www.3p-gmbh.de\/es\/wp-json\/wp\/v2\/media\/125259"}],"wp:attachment":[{"href":"https:\/\/www.3p-gmbh.de\/es\/wp-json\/wp\/v2\/media?parent=125258"}],"wp:term":[{"taxonomy":"product_brand","embeddable":true,"href":"https:\/\/www.3p-gmbh.de\/es\/wp-json\/wp\/v2\/product_brand?post=125258"},{"taxonomy":"product_cat","embeddable":true,"href":"https:\/\/www.3p-gmbh.de\/es\/wp-json\/wp\/v2\/product_cat?post=125258"},{"taxonomy":"product_tag","embeddable":true,"href":"https:\/\/www.3p-gmbh.de\/es\/wp-json\/wp\/v2\/product_tag?post=125258"}],"curies":[{"name":"wp","href":"https:\/\/api.w.org\/{rel}","templated":true}]}}