{"id":123886,"date":"2025-02-24T10:37:19","date_gmt":"2025-02-24T10:37:19","guid":{"rendered":"https:\/\/www.3p-gmbh.de\/produkt\/plegadora-combinada-totalmente-automatica-y-ajustable-de-16-paginas-heidelberg-stahlfolder-ch-56-6-kt-ffh-auto-con-entrega-sak-56\/"},"modified":"2025-02-24T14:09:33","modified_gmt":"2025-02-24T14:09:33","slug":"plegadora-combinada-totalmente-automatica-y-ajustable-de-16-paginas-heidelberg-stahlfolder-ch-56-6-kt-ffh-auto-con-entrega-sak-56","status":"publish","type":"product","link":"https:\/\/www.3p-gmbh.de\/es\/produkt\/plegadora-combinada-totalmente-automatica-y-ajustable-de-16-paginas-heidelberg-stahlfolder-ch-56-6-kt-ffh-auto-con-entrega-sak-56\/","title":{"rendered":"Plegadora combinada totalmente autom\u00e1tica y ajustable de 16 p\u00e1ginas Heidelberg Stahlfolder CH 56-6-KT-FFH Auto con entrega SAK 56"},"content":{"rendered":"<div><\/div>\n<div><span style=\"color: #0000ff;\"><strong>Plegadora combinada <span style=\"color: #ff0000;\">totalmente autom\u00e1tica y ajustable<\/span> de 16 p\u00e1ginas Heidelberg Stahlfolder CH 56-6-KT-FFH Auto con entrega SAK 56<br \/>\n<\/strong><\/span><span style=\"color: #0000ff;\"><strong>A\u00f1o de construcci\u00f3n 2017<\/strong><\/span><\/div>\n<div>Formato m\u00e1x. 560&#215;900 mm<br \/>\nFormato m\u00edn. 140&#215;180 mm<br \/>\nGramaje del papel (g\/m\u00b2) 40 &#8211; 250<br \/>\nM\u00e1x. Altura de apilado 80 cm<br \/>\nLongitud m\u00e1x. de plegado 58 cm Longitud de plegado 58 cm Bolsillo 1<br \/>\nLongitud de plegado m\u00edn. 6 cm<br \/>\nVelocidad m\u00e1x. Velocidad (m\/min.) 200<br \/>\nVelocidad m\u00edn. (m\/min.) 25<br \/>\nDi\u00e1metro de los rodillos de plegado (mm) 44      <\/div>\n<div>Bomba de vac\u00edo presurizada<br \/>\nAlimentador de pila plana con Tremat y MCT con pantalla t\u00e1ctil<br \/>\nSeis placas de hebilla de 56 cm de ancho de entrada<br \/>\nEspada<br \/>\nplaca de hebilla horizontal<\/div>\n<div>\n<p>Orza<\/p>\n<p>entrega de cinta m\u00f3vil SAK 56<br \/>\ncon MCT<\/p>\n<\/div>\n<div><\/div>\n<div>Placa de plegado neum\u00e1tico de la compuerta con unidad de control ACC 2.4<\/div>\n","protected":false},"excerpt":{"rendered":"<p>Plegadora combinada totalmente autom\u00e1tica y ajustable de 16 p\u00e1ginas Heidelberg Stahlfolder CH 56-6-KT-FFH Auto con entrega SAK 56 A\u00f1o de construcci\u00f3n 2017 Formato m\u00e1x. 560&#215;900 mm Formato m\u00edn. 140&#215;180 mm Gramaje del papel (g\/m\u00b2) 40 &#8211; 250 M\u00e1x. Altura de apilado 80 cm Longitud m\u00e1x. de plegado 58 cm Longitud de plegado 58 cm Bolsillo [&hellip;]<\/p>\n","protected":false},"featured_media":123812,"template":"","meta":[],"product_brand":[],"product_cat":[2982],"product_tag":[],"class_list":{"0":"post-123886","1":"product","2":"type-product","3":"status-publish","4":"has-post-thumbnail","6":"product_cat-plegadoras","7":"pa_baujahr-711","8":"pa_bezeichnung_typ-ch-56-6-kt-ffh","9":"pa_hersteller-heidelberg","11":"first","12":"instock","13":"taxable","14":"shipping-taxable","15":"product-type-simple"},"jetpack_sharing_enabled":true,"_links":{"self":[{"href":"https:\/\/www.3p-gmbh.de\/es\/wp-json\/wp\/v2\/product\/123886","targetHints":{"allow":["GET"]}}],"collection":[{"href":"https:\/\/www.3p-gmbh.de\/es\/wp-json\/wp\/v2\/product"}],"about":[{"href":"https:\/\/www.3p-gmbh.de\/es\/wp-json\/wp\/v2\/types\/product"}],"wp:featuredmedia":[{"embeddable":true,"href":"https:\/\/www.3p-gmbh.de\/es\/wp-json\/wp\/v2\/media\/123812"}],"wp:attachment":[{"href":"https:\/\/www.3p-gmbh.de\/es\/wp-json\/wp\/v2\/media?parent=123886"}],"wp:term":[{"taxonomy":"product_brand","embeddable":true,"href":"https:\/\/www.3p-gmbh.de\/es\/wp-json\/wp\/v2\/product_brand?post=123886"},{"taxonomy":"product_cat","embeddable":true,"href":"https:\/\/www.3p-gmbh.de\/es\/wp-json\/wp\/v2\/product_cat?post=123886"},{"taxonomy":"product_tag","embeddable":true,"href":"https:\/\/www.3p-gmbh.de\/es\/wp-json\/wp\/v2\/product_tag?post=123886"}],"curies":[{"name":"wp","href":"https:\/\/api.w.org\/{rel}","templated":true}]}}