{"id":123873,"date":"2025-02-24T10:48:11","date_gmt":"2025-02-24T10:48:11","guid":{"rendered":"https:\/\/www.3p-gmbh.de\/produkt\/16-paginas-totalmente-automatizadas-bucklefolder-ajustable-heidelberg-stahlfolder-th-66-6-4-pfh-con-entrega-de-cinta-de-prensa-stahlfolder-sph-70\/"},"modified":"2025-02-24T10:48:11","modified_gmt":"2025-02-24T10:48:11","slug":"16-paginas-totalmente-automatizadas-bucklefolder-ajustable-heidelberg-stahlfolder-th-66-6-4-pfh-con-entrega-de-cinta-de-prensa-stahlfolder-sph-70","status":"publish","type":"product","link":"https:\/\/www.3p-gmbh.de\/es\/produkt\/16-paginas-totalmente-automatizadas-bucklefolder-ajustable-heidelberg-stahlfolder-th-66-6-4-pfh-con-entrega-de-cinta-de-prensa-stahlfolder-sph-70\/","title":{"rendered":"16 P\u00e1ginas totalmente automatizadas Bucklefolder ajustable Heidelberg Stahlfolder TH 66-6-4-PFH con entrega de cinta de prensa Stahlfolder SPH-70"},"content":{"rendered":"<div><span style=\"color: #0000ff;\"><strong>Heidelberg Stahlfolder TH 66-6-4-PFH de 16 p\u00e1ginas totalmente automatizada y ajustable con entrega de cinta de prensa Stahlfolder SPH-70<\/strong><\/span><br \/>\nA\u00f1o 2008<\/div>\n<div>poco usado<br \/>\nTama\u00f1o m\u00e1x. de hoja, anchura\u00d7longitud (cm): 66\u00d790<br \/>\nTama\u00f1o m\u00edn. de hoja, anchura\u00d7longitud (cm): 14\u00d718<br \/>\nGramaje del papel (g\/m2): 40-250Especificaci\u00f3n<br \/>\nAlimentador de palets<br \/>\nSistema de control MCT: panel de control con pantalla o pantalla t\u00e1ctil <\/p>\n<p>1\u00aa Unidad de plegado 66-6 entrada 66cms<br \/>\nN\u00famero de placas de hebilla: 6<br \/>\najuste automatizado de rodillos y bolsas<\/p>\n<p>2st Unidad de plegado 66-6 entrada 66cms<br \/>\nN\u00famero de placas de hebilla: 4<br \/>\najuste automatizado de rodillos y bolsas<\/p>\n<\/div>\n<div><strong><span style=\"color: #0000ff;\">Entrega de la cinta de prensa m\u00f3vil Heidelberg Stahlfolder SPH-70<\/span><\/strong><\/div>\n<div>Sistema de control MCT<\/div>\n<div>\n<p>Buen estado de funcionamiento<br \/>\nPrueba posible<br \/>\nFotos adjuntas<br \/>\nDisponibilidad Inmediata Localizaci\u00f3n Alemania<\/p>\n<\/div>\n","protected":false},"excerpt":{"rendered":"<p>Heidelberg Stahlfolder TH 66-6-4-PFH de 16 p\u00e1ginas totalmente automatizada y ajustable con entrega de cinta de prensa Stahlfolder SPH-70 A\u00f1o 2008 poco usado Tama\u00f1o m\u00e1x. de hoja, anchura\u00d7longitud (cm): 66\u00d790 Tama\u00f1o m\u00edn. de hoja, anchura\u00d7longitud (cm): 14\u00d718 Gramaje del papel (g\/m2): 40-250Especificaci\u00f3n Alimentador de palets Sistema de control MCT: panel de control con pantalla o [&hellip;]<\/p>\n","protected":false},"featured_media":123858,"template":"","meta":[],"product_brand":[],"product_cat":[3837,2982],"product_tag":[],"class_list":{"0":"post-123873","1":"product","2":"type-product","3":"status-publish","4":"has-post-thumbnail","6":"product_cat-folding-machines-es","7":"product_cat-plegadoras","8":"pa_baujahr-711","9":"pa_bezeichnung_typ-stahlfolder-th-56","10":"pa_hersteller-heidelberg","12":"first","13":"instock","14":"taxable","15":"shipping-taxable","16":"product-type-simple"},"jetpack_sharing_enabled":true,"_links":{"self":[{"href":"https:\/\/www.3p-gmbh.de\/es\/wp-json\/wp\/v2\/product\/123873","targetHints":{"allow":["GET"]}}],"collection":[{"href":"https:\/\/www.3p-gmbh.de\/es\/wp-json\/wp\/v2\/product"}],"about":[{"href":"https:\/\/www.3p-gmbh.de\/es\/wp-json\/wp\/v2\/types\/product"}],"wp:featuredmedia":[{"embeddable":true,"href":"https:\/\/www.3p-gmbh.de\/es\/wp-json\/wp\/v2\/media\/123858"}],"wp:attachment":[{"href":"https:\/\/www.3p-gmbh.de\/es\/wp-json\/wp\/v2\/media?parent=123873"}],"wp:term":[{"taxonomy":"product_brand","embeddable":true,"href":"https:\/\/www.3p-gmbh.de\/es\/wp-json\/wp\/v2\/product_brand?post=123873"},{"taxonomy":"product_cat","embeddable":true,"href":"https:\/\/www.3p-gmbh.de\/es\/wp-json\/wp\/v2\/product_cat?post=123873"},{"taxonomy":"product_tag","embeddable":true,"href":"https:\/\/www.3p-gmbh.de\/es\/wp-json\/wp\/v2\/product_tag?post=123873"}],"curies":[{"name":"wp","href":"https:\/\/api.w.org\/{rel}","templated":true}]}}