{"id":102335,"date":"2023-04-14T12:01:51","date_gmt":"2023-04-14T12:01:51","guid":{"rendered":"https:\/\/www.3p-gmbh.de\/produkt\/encuadernadora-de-cuatro-pinzas-horizon-bq-440\/"},"modified":"2023-04-14T12:01:51","modified_gmt":"2023-04-14T12:01:51","slug":"encuadernadora-de-cuatro-pinzas-horizon-bq-440","status":"publish","type":"product","link":"https:\/\/www.3p-gmbh.de\/es\/produkt\/encuadernadora-de-cuatro-pinzas-horizon-bq-440\/","title":{"rendered":"Encuadernadora de cuatro pinzas Horizon BQ 440"},"content":{"rendered":"<p><strong>Encuadernadora de cuatro pinzas Horizon BQ 440<\/strong><br \/>\n<strong>a\u00f1o 1995<\/strong><\/p>\n<p>como nuevo<\/p>\n<p>mostrador bajo para libros<\/p>\n<p>&#8211; 4 abrazaderas,<br \/>\n&#8211; pegamento caliente<br \/>\n&#8211; Encolado lateral termofusible<br \/>\n&#8211; Alimentador de tapas con aspiraci\u00f3n y detecci\u00f3n de doble hoja<br \/>\n&#8211; Tama\u00f1o m\u00e1ximo 320 x 320 mm.<br \/>\n&#8211; Tama\u00f1o m\u00edn. 110 x 145 mm<br \/>\n&#8211; Max. tama\u00f1o de portada 320 x 580 mm.<br \/>\n&#8211; Tama\u00f1o m\u00ednimo de la cubierta 145 x 220 mm.<br \/>\n&#8211; Max. espesor 40 mm, Min. 1 mm.<\/p>\n<p>&nbsp;<\/p>\n","protected":false},"excerpt":{"rendered":"<p>Encuadernadora de cuatro pinzas Horizon BQ 440 a\u00f1o 1995 como nuevo mostrador bajo para libros &#8211; 4 abrazaderas, &#8211; pegamento caliente &#8211; Encolado lateral termofusible &#8211; Alimentador de tapas con aspiraci\u00f3n y detecci\u00f3n de doble hoja &#8211; Tama\u00f1o m\u00e1ximo 320 x 320 mm. &#8211; Tama\u00f1o m\u00edn. 110 x 145 mm &#8211; Max. tama\u00f1o de portada [&hellip;]<\/p>\n","protected":false},"featured_media":86611,"template":"","meta":[],"product_brand":[],"product_cat":[2854,4024],"product_tag":[],"class_list":{"0":"post-102335","1":"product","2":"type-product","3":"status-publish","4":"has-post-thumbnail","6":"product_cat-encuadernadoras-de-alambre","7":"product_cat-no-asignado","8":"pa_hersteller-horizon","9":"pa_typ-bq-440","11":"first","12":"instock","13":"taxable","14":"shipping-taxable","15":"product-type-simple"},"jetpack_sharing_enabled":true,"_links":{"self":[{"href":"https:\/\/www.3p-gmbh.de\/es\/wp-json\/wp\/v2\/product\/102335","targetHints":{"allow":["GET"]}}],"collection":[{"href":"https:\/\/www.3p-gmbh.de\/es\/wp-json\/wp\/v2\/product"}],"about":[{"href":"https:\/\/www.3p-gmbh.de\/es\/wp-json\/wp\/v2\/types\/product"}],"wp:featuredmedia":[{"embeddable":true,"href":"https:\/\/www.3p-gmbh.de\/es\/wp-json\/wp\/v2\/media\/86611"}],"wp:attachment":[{"href":"https:\/\/www.3p-gmbh.de\/es\/wp-json\/wp\/v2\/media?parent=102335"}],"wp:term":[{"taxonomy":"product_brand","embeddable":true,"href":"https:\/\/www.3p-gmbh.de\/es\/wp-json\/wp\/v2\/product_brand?post=102335"},{"taxonomy":"product_cat","embeddable":true,"href":"https:\/\/www.3p-gmbh.de\/es\/wp-json\/wp\/v2\/product_cat?post=102335"},{"taxonomy":"product_tag","embeddable":true,"href":"https:\/\/www.3p-gmbh.de\/es\/wp-json\/wp\/v2\/product_tag?post=102335"}],"curies":[{"name":"wp","href":"https:\/\/api.w.org\/{rel}","templated":true}]}}