{"id":87109,"date":"2019-07-14T10:19:13","date_gmt":"2019-07-14T10:19:13","guid":{"rendered":"https:\/\/www.3p-gmbh.de\/proteccion-de-datos\/"},"modified":"2023-06-14T09:14:20","modified_gmt":"2023-06-14T09:14:20","slug":"proteccion-de-datos","status":"publish","type":"page","link":"https:\/\/www.3p-gmbh.de\/es\/proteccion-de-datos\/","title":{"rendered":"Protecci\u00f3n de datos"},"content":{"rendered":"\n<p>Debido a la entrada en vigor de la DGSVO, estamos obligados a publicar la siguiente informaci\u00f3n<\/p>\n\n<p>para el tratamiento de datos:<\/p>\n\n<p><br\/><strong>1. nombre y datos de contacto del responsable del tratamiento y del delegado de protecci\u00f3n de datos<\/strong><br\/>  Este aviso de privacidad se aplica al tratamiento de datos por parte de:<br\/>  Persona responsable: 3p Vertriebsgesellschaft mbH, representada por el Director General Torsten Kirchhof,<\/p>\n\n<p>Bahnhofstrasse 13 a, D-16818 Dabergotz, Tel\u00e9fono: 03391-401570, Fax: 03391-4015722, <a href=\"javascript:linkTo_UnCryptMailto('ocknvq,kphqB5r\/iodj0fg');\">info(at)3p-gmbh.de<\/a> (en adelante: 3p)<br\/><\/p>\n\n<p><strong>2. recogida y almacenamiento de datos personales, as\u00ed como el tipo y la finalidad de dichos datos y su uso<\/strong><br\/>  Si es usted cliente, proveedor o socio contractual de 3p, recopilamos la siguiente informaci\u00f3n:<br\/>  &#8211; Saludo, nombre, apellidos, en su caso tambi\u00e9n de otras personas de contacto en la empresa<br\/>  &#8211; una direcci\u00f3n de correo electr\u00f3nico v\u00e1lida<br\/>  &#8211; Direcci\u00f3n<br\/>  &#8211; N\u00famero de tel\u00e9fono (fijo y\/o m\u00f3vil)<br\/>  &#8211; N\u00fameros de identificaci\u00f3n fiscal y de IVA<br\/>  &#8211; Datos bancarios y de facturaci\u00f3n<br\/>  &#8211; Informaci\u00f3n necesaria para la ejecuci\u00f3n de la respectiva relaci\u00f3n contractual<\/p>\n\n<p><br\/>  La recogida de estos datos tiene lugar<\/p>\n\n<p>&#8211; para poder identificarle como nuestro socio contractual;<br\/>  &#8211; para poder asesorarle adecuadamente y cumplir la relaci\u00f3n contractual existente;<br\/>  &#8211; para la correspondencia con usted;<br\/>  &#8211; para la facturaci\u00f3n;<br\/>  &#8211; para la liquidaci\u00f3n de las reclamaciones de responsabilidad existentes y la presentaci\u00f3n de reclamaciones contra usted.<\/p>\n\n<p><br\/>  El tratamiento de datos se lleva a cabo en respuesta a su solicitud y est\u00e1 permitido en virtud del art. 6 p\u00e1rr. 1 S. 1 lit. b DSGVO a los efectos indicados<\/p>\n\n<p>necesarias para el tratamiento adecuado y el cumplimiento mutuo de las obligaciones derivadas del contrato.<\/p>\n\n<p>Nosotros\n  procesar los datos que recibimos en el marco de nuestra relaci\u00f3n comercial de\n  y datos que hemos obtenido de fuentes de acceso p\u00fablico.  \nse pueden obtener directorios.<br\/>  La relaci\u00f3n comercial entre la  \nLos datos personales recogidos por nosotros se almacenar\u00e1n hasta que expire el plazo de  \nobligaci\u00f3n legal de retenci\u00f3n<\/p>\n\n<p>guardado\n  y se borrar\u00e1 posteriormente, a menos que estemos obligados a hacerlo de conformidad con el art\u00edculo 6, apartado. 1 S. 1  \nencendida. c DSGVO sobre la base del Derecho fiscal y mercantil.<\/p>\n\n<p>Almacenamiento\n  y obligaciones de documentaci\u00f3n (del HGB, StGB o AO) conducen a mayores  \nalmacenamiento o si est\u00e1 implicado en un<\/p>\n\n<p>almacenamiento de acuerdo con el Art. 6 para. 1 S. 1 lit. a DSGVO han dado su consentimiento.<\/p>\n\n<p><br\/><strong>3. divulgaci\u00f3n de datos a terceros\/informaci\u00f3n sobre solvencia crediticia<\/strong><br\/>\n  La transmisi\u00f3n de sus datos personales a terceros para fines distintos de la\n  que se enumeran a continuaci\u00f3n. Una transmisi\u00f3n\n  a un pa\u00eds de fuera de la UE no tiene lugar.<br\/>  En la medida de lo posible, seg\u00fan  \nArt. 6 p\u00e1rr. 1 S. 1 lit. b y lit. f DSGVO para la realizaci\u00f3n de  \nrelaci\u00f3n contractual con usted, sus datos personales ser\u00e1n almacenados y  \ndatos personales a terceros. Esto incluye  \nen particular las siguientes transferencias:<br\/>  &#8211; al asesor fiscal designado en el \u00e1mbito de la contabilidad financiera,  <br\/>  &#8211; a proveedores de servicios de cobro y abogados para cobrar deudas y hacer valer las reclamaciones ante los tribunales<br\/>  &#8211; a transitarios y proveedores de servicios log\u00edsticos para el cumplimiento de las obligaciones de entrega existentes<br\/>  &#8211; a entidades de cr\u00e9dito y proveedores de servicios de pago para la compensaci\u00f3n y liquidaci\u00f3n de pagos<br\/>  &#8211; Autoridades p\u00fablicas en casos justificados, por ejemplo, Hacienda.  <br\/>  &#8211; Proveedor de servicios inform\u00e1ticos para mantener nuestra infraestructura inform\u00e1tica y la copia de seguridad de los datos.<br\/><br\/><strong>4. derechos del interesado<\/strong><br\/>  Tienes derecho:<br\/>\n  &#8211; de conformidad con el art. 7 p\u00e1rr. 3 DSGVO su consentimiento una vez dado en cualquier momento.\n  para revocarla frente a nosotros. La consecuencia es que  \nTratamiento de datos basado en este consentimiento para el futuro  \nya no se le permitir\u00e1 continuar;<br\/>  &#8211; de conformidad con el art\u00edculo 15 de la DSGVO, informaci\u00f3n sobre  \nsus datos personales tratados por nosotros.  \nEn particular, puede obtener informaci\u00f3n sobre los fines del tratamiento, la  \nCategor\u00eda de datos personales, las categor\u00edas de destinatarios,  \na qui\u00e9n se han revelado o se van a revelar sus datos, la  \nel plazo de conservaci\u00f3n, la existencia de un derecho de rectificaci\u00f3n, de supresi\u00f3n,  \nrestricci\u00f3n del tratamiento o la oposici\u00f3n, la existencia de una  \nel origen de sus datos, en la medida en que \u00e9stos no obren en nuestro poder.  \ny sobre la existencia de un sistema automatizado de recogida de datos.  \ntoma de decisiones, incluida la elaboraci\u00f3n de perfiles y, en su caso, de  \nsolicitar informaci\u00f3n sobre sus datos;<br\/>  &#8211; seg\u00fan el art. 16 DSGVO\n  solicitar inmediatamente la correcci\u00f3n de informaci\u00f3n inexacta o incompleta sobre usted.  \ndatos personales almacenados por nosotros;<br\/>  &#8211; seg\u00fan  \nArt\u00edculo 17 DSGVO la supresi\u00f3n de sus datos personales almacenados con nosotros.\n  datos, en la medida en que el tratamiento no sea necesario para el ejercicio de la  \nDerecho a la libertad de expresi\u00f3n e informaci\u00f3n, a cumplir un  \nobligaci\u00f3n legal, por razones de inter\u00e9s p\u00fablico o por razones de  \npara la formulaci\u00f3n, el ejercicio o la defensa de reclamaciones judiciales  \nes necesario;<br\/>  &#8211; de conformidad con el art. 18 DSGVO la restricci\u00f3n de la  \ntratamiento de sus datos personales, en la medida en que el tratamiento no  \nusted impugna la exactitud de los datos, el tratamiento  \nes il\u00edcita, pero usted se niega a suprimirla y nosotros conservamos los datos, o  \nya no los necesita, pero los necesita para la afirmaci\u00f3n, el ejercicio o la\n  defensa de reclamaciones judiciales o necesidad de presentar una reclamaci\u00f3n con arreglo al art\u00edculo 21  \nDSGVO se han opuesto al tratamiento;<br\/>  &#8211; seg\u00fan  \nArt. 20 DSGVO sus datos personales que nos ha facilitado.  \nen un formato estructurado, com\u00fan y legible por m\u00e1quina.  \no para que los datos se transfieran a otro responsable del tratamiento.  \ndemanda y<br\/>  &#8211; ponerse en contacto con una autoridad supervisora de conformidad con el art\u00edculo 77 de la DSGVO.  \npara quejarse. Por regla general, puede ponerse en contacto con el  \nAutoridad de control de su lugar de residencia habitual o de su lugar de trabajo  \no nuestro domicilio social.<\/p>\n\n<p><br\/><strong>5. derecho de oposici\u00f3n<\/strong><br\/>\n  En la medida en que sus datos personales se recojan sobre la base de motivos justificados  \nIntereses de conformidad con el art. 6 p\u00e1rr. 1 S. 1 lit. f DSGVO se procesan,  \ntiene derecho a oponerse al tratamiento de sus datos de conformidad con el art\u00edculo 21 de la DSGVO.  \nel tratamiento de sus datos personales, en la medida en que sea necesario para este fin.  \nhay razones derivadas de su situaci\u00f3n particular.<br\/> \nSi desea ejercer su derecho de oposici\u00f3n, basta con que nos env\u00ede un  \ncorreo electr\u00f3nico a la direcci\u00f3n mencionada en 1., una carta o un fax.\n3p Vertriebsgesellschaft mbH\n\n<\/p>\n","protected":false},"excerpt":{"rendered":"<p>Debido a la entrada en vigor de la DGSVO, estamos obligados a publicar la siguiente informaci\u00f3n para el tratamiento de datos: 1. nombre y datos de contacto del responsable del tratamiento y del delegado de protecci\u00f3n de datos Este aviso de privacidad se aplica al tratamiento de datos por parte de: Persona responsable: 3p Vertriebsgesellschaft [&hellip;]<\/p>\n","protected":false},"author":1,"featured_media":0,"parent":0,"menu_order":0,"comment_status":"closed","ping_status":"closed","template":"","meta":{"footnotes":""},"class_list":["post-87109","page","type-page","status-publish","hentry"],"jetpack_sharing_enabled":true,"_links":{"self":[{"href":"https:\/\/www.3p-gmbh.de\/es\/wp-json\/wp\/v2\/pages\/87109","targetHints":{"allow":["GET"]}}],"collection":[{"href":"https:\/\/www.3p-gmbh.de\/es\/wp-json\/wp\/v2\/pages"}],"about":[{"href":"https:\/\/www.3p-gmbh.de\/es\/wp-json\/wp\/v2\/types\/page"}],"author":[{"embeddable":true,"href":"https:\/\/www.3p-gmbh.de\/es\/wp-json\/wp\/v2\/users\/1"}],"replies":[{"embeddable":true,"href":"https:\/\/www.3p-gmbh.de\/es\/wp-json\/wp\/v2\/comments?post=87109"}],"version-history":[{"count":5,"href":"https:\/\/www.3p-gmbh.de\/es\/wp-json\/wp\/v2\/pages\/87109\/revisions"}],"predecessor-version":[{"id":87138,"href":"https:\/\/www.3p-gmbh.de\/es\/wp-json\/wp\/v2\/pages\/87109\/revisions\/87138"}],"wp:attachment":[{"href":"https:\/\/www.3p-gmbh.de\/es\/wp-json\/wp\/v2\/media?parent=87109"}],"curies":[{"name":"wp","href":"https:\/\/api.w.org\/{rel}","templated":true}]}}