{"id":87087,"date":"2019-07-14T08:31:36","date_gmt":"2019-07-14T08:31:36","guid":{"rendered":"https:\/\/www.3p-gmbh.de\/3p-empresa-de-ventas\/"},"modified":"2023-06-14T09:13:57","modified_gmt":"2023-06-14T09:13:57","slug":"3p-empresa-de-ventas","status":"publish","type":"page","link":"https:\/\/www.3p-gmbh.de\/es\/","title":{"rendered":"3p empresa de ventas"},"content":{"rendered":"\n<figure class=\"wp-block-table\"><table class=\"\"><tbody><tr><td>\u00a1Un socio fuerte para ti!  <\/td><\/tr><tr><td>Nuestra empresa est\u00e1 especializada en la compraventa de m\u00e1quinas usadas, especialmente en el mercado gr\u00e1fico. Ya se trate de preimpresi\u00f3n, impresi\u00f3n o acabado: disponemos de una amplia gama de equipos y maquinaria en nuestro nuevo y gran almac\u00e9n situado directamente en la A 24, cerca de Neuruppin. Nuestras condiciones log\u00edsticas y de servicio nos permiten responder r\u00e1pida y \u00f3ptimamente a los deseos y exigencias de nuestros clientes. Vis\u00edtenos en el norte de Berl\u00edn<\/td><\/tr><\/tbody><\/table><\/figure>","protected":false},"excerpt":{"rendered":"<p>\u00a1Un socio fuerte para ti! Nuestra empresa est\u00e1 especializada en la compraventa de m\u00e1quinas usadas, especialmente en el mercado gr\u00e1fico. Ya se trate de preimpresi\u00f3n, impresi\u00f3n o acabado: disponemos de una amplia gama de equipos y maquinaria en nuestro nuevo y gran almac\u00e9n situado directamente en la A 24, cerca de Neuruppin. Nuestras condiciones log\u00edsticas [&hellip;]<\/p>\n","protected":false},"author":1,"featured_media":0,"parent":0,"menu_order":0,"comment_status":"closed","ping_status":"closed","template":"template-homepage.php","meta":{"footnotes":""},"class_list":["post-87087","page","type-page","status-publish","hentry"],"jetpack_sharing_enabled":true,"_links":{"self":[{"href":"https:\/\/www.3p-gmbh.de\/es\/wp-json\/wp\/v2\/pages\/87087","targetHints":{"allow":["GET"]}}],"collection":[{"href":"https:\/\/www.3p-gmbh.de\/es\/wp-json\/wp\/v2\/pages"}],"about":[{"href":"https:\/\/www.3p-gmbh.de\/es\/wp-json\/wp\/v2\/types\/page"}],"author":[{"embeddable":true,"href":"https:\/\/www.3p-gmbh.de\/es\/wp-json\/wp\/v2\/users\/1"}],"replies":[{"embeddable":true,"href":"https:\/\/www.3p-gmbh.de\/es\/wp-json\/wp\/v2\/comments?post=87087"}],"version-history":[{"count":3,"href":"https:\/\/www.3p-gmbh.de\/es\/wp-json\/wp\/v2\/pages\/87087\/revisions"}],"predecessor-version":[{"id":87100,"href":"https:\/\/www.3p-gmbh.de\/es\/wp-json\/wp\/v2\/pages\/87087\/revisions\/87100"}],"wp:attachment":[{"href":"https:\/\/www.3p-gmbh.de\/es\/wp-json\/wp\/v2\/media?parent=87087"}],"curies":[{"name":"wp","href":"https:\/\/api.w.org\/{rel}","templated":true}]}}