{"id":50370,"date":"2019-07-11T13:59:31","date_gmt":"2019-07-11T13:59:31","guid":{"rendered":"https:\/\/www.3p-gmbh.de\/produkt\/tuenkers-forward-1100-laminating-machine\/"},"modified":"2019-07-11T13:59:31","modified_gmt":"2019-07-11T13:59:31","slug":"semi-automatic-cold-glue-laminating-machine","status":"publish","type":"product","link":"https:\/\/www.3p-gmbh.de\/en\/produkt\/semi-automatic-cold-glue-laminating-machine\/","title":{"rendered":"T\u00fcnkers forward 1100 laminating machine"},"content":{"rendered":"<p>&#8211; semi-automatic cold glue laminating machine T\u00fcnkers Vorw\u00e4rts 1100 with transport blanket<br \/>\n&#8211; Year of manufacture 1987<br \/>\n&#8211; for gluing numerous materials such as paper, cardboard, fabric, leather, etc.<\/p>\n<p>Glue is applied from below by means of two brass rollers and can be precisely adjusted by means of a scale wheel.<br \/>\nAfter gluing, the material is removed by hand and placed on the backing material.<\/p>\n<p>&#8211; Output up to 2000 Bg.\/hour<br \/>\n&#8211; Format min. 210x296mm<br \/>\n&#8211; Format max. 1100x1400mm<br \/>\n&#8211; Stack feeder with suction air bar<br \/>\n&#8211; Brass rollers<br \/>\n&#8211; Circulating glue basin for hot glue made of brass<br \/>\n&#8211; 3m Removal<br \/>\n&#8211; pneumatic laminating station (compressed air to be provided by customer)<br \/>\n&#8211; Delivery belt<\/p>\n","protected":false},"excerpt":{"rendered":"<p>&#8211; semi-automatic cold glue laminating machine T\u00fcnkers Vorw\u00e4rts 1100 with transport blanket &#8211; Year of manufacture 1987 &#8211; for gluing numerous materials such as paper, cardboard, fabric, leather, etc. Glue is applied from below by means of two brass rollers and can be precisely adjusted by means of a scale wheel. After gluing, the material [&hellip;]<\/p>\n","protected":false},"featured_media":6404,"template":"","meta":[],"product_brand":[],"product_cat":[2666],"product_tag":[],"class_list":{"0":"post-50370","1":"product","2":"type-product","3":"status-publish","4":"has-post-thumbnail","6":"product_cat-laminating-machines","7":"pa_baujahr-221","8":"pa_hersteller-tuenkers-2","9":"pa_typ-vorwaerts-1100","11":"first","12":"instock","13":"sold-individually","14":"taxable","15":"shipping-taxable","16":"purchasable","17":"product-type-simple"},"jetpack_sharing_enabled":true,"_links":{"self":[{"href":"https:\/\/www.3p-gmbh.de\/en\/wp-json\/wp\/v2\/product\/50370","targetHints":{"allow":["GET"]}}],"collection":[{"href":"https:\/\/www.3p-gmbh.de\/en\/wp-json\/wp\/v2\/product"}],"about":[{"href":"https:\/\/www.3p-gmbh.de\/en\/wp-json\/wp\/v2\/types\/product"}],"wp:featuredmedia":[{"embeddable":true,"href":"https:\/\/www.3p-gmbh.de\/en\/wp-json\/wp\/v2\/media\/6404"}],"wp:attachment":[{"href":"https:\/\/www.3p-gmbh.de\/en\/wp-json\/wp\/v2\/media?parent=50370"}],"wp:term":[{"taxonomy":"product_brand","embeddable":true,"href":"https:\/\/www.3p-gmbh.de\/en\/wp-json\/wp\/v2\/product_brand?post=50370"},{"taxonomy":"product_cat","embeddable":true,"href":"https:\/\/www.3p-gmbh.de\/en\/wp-json\/wp\/v2\/product_cat?post=50370"},{"taxonomy":"product_tag","embeddable":true,"href":"https:\/\/www.3p-gmbh.de\/en\/wp-json\/wp\/v2\/product_tag?post=50370"}],"curies":[{"name":"wp","href":"https:\/\/api.w.org\/{rel}","templated":true}]}}