{"id":125130,"date":"2026-02-26T07:50:40","date_gmt":"2026-02-26T07:50:40","guid":{"rendered":"https:\/\/www.3p-gmbh.de\/?post_type=product&#038;p=125130"},"modified":"2026-02-26T14:24:54","modified_gmt":"2026-02-26T14:24:54","slug":"schneider-senator-155-h-ct-grossformat-schneidelinie","status":"publish","type":"product","link":"https:\/\/www.3p-gmbh.de\/en\/produkt\/schneider-senator-155-h-ct-grossformat-schneidelinie\/","title":{"rendered":"Schneider Senator 155 H CT Gro\u00dfformat Schneidelinie"},"content":{"rendered":"<p>Schneider Senator 155 H CT \u00a0Gro\u00dfformat Schneidelinie<br \/>\nMaterialfluss von rechts nach links<\/p>\n<p>Baumann Stapelheber<br \/>\nMa\u00dfe 1200x1650cm<br \/>\nMax. Gewicht 2000 kg<\/p>\n<p>Schneider Senator R\u00fcttler mit Luftausstreichung und Z\u00e4hlwaage<br \/>\nSchneider Engenering R\u00fcttler mit Luftausstreichung<br \/>\nHintertischbelader<br \/>\nSchneider Senator 155 H model CT Schneidemaschine<br \/>\nSchnittbreite 155cm<\/p>\n<p>Entlader auf der rechten Seite<\/p>\n","protected":false},"excerpt":{"rendered":"<p>Schneider Senator 155 H CT \u00a0Gro\u00dfformat Schneidelinie Materialfluss von rechts nach links Baumann Stapelheber Ma\u00dfe 1200x1650cm Max. Gewicht 2000 kg Schneider Senator R\u00fcttler mit Luftausstreichung und Z\u00e4hlwaage Schneider Engenering R\u00fcttler mit Luftausstreichung Hintertischbelader Schneider Senator 155 H model CT Schneidemaschine Schnittbreite 155cm Entlader auf der rechten Seite<\/p>\n","protected":false},"featured_media":125131,"template":"","meta":[],"product_brand":[],"product_cat":[788],"product_tag":[],"class_list":{"0":"post-125130","1":"product","2":"type-product","3":"status-publish","4":"has-post-thumbnail","6":"product_cat-schneidemaschinen","7":"pa_bezeichnung_typ-155-h-ct","8":"pa_hersteller-schneider-senator","10":"first","11":"instock","12":"taxable","13":"shipping-taxable","14":"product-type-simple"},"jetpack_sharing_enabled":true,"_links":{"self":[{"href":"https:\/\/www.3p-gmbh.de\/en\/wp-json\/wp\/v2\/product\/125130","targetHints":{"allow":["GET"]}}],"collection":[{"href":"https:\/\/www.3p-gmbh.de\/en\/wp-json\/wp\/v2\/product"}],"about":[{"href":"https:\/\/www.3p-gmbh.de\/en\/wp-json\/wp\/v2\/types\/product"}],"wp:featuredmedia":[{"embeddable":true,"href":"https:\/\/www.3p-gmbh.de\/en\/wp-json\/wp\/v2\/media\/125131"}],"wp:attachment":[{"href":"https:\/\/www.3p-gmbh.de\/en\/wp-json\/wp\/v2\/media?parent=125130"}],"wp:term":[{"taxonomy":"product_brand","embeddable":true,"href":"https:\/\/www.3p-gmbh.de\/en\/wp-json\/wp\/v2\/product_brand?post=125130"},{"taxonomy":"product_cat","embeddable":true,"href":"https:\/\/www.3p-gmbh.de\/en\/wp-json\/wp\/v2\/product_cat?post=125130"},{"taxonomy":"product_tag","embeddable":true,"href":"https:\/\/www.3p-gmbh.de\/en\/wp-json\/wp\/v2\/product_tag?post=125130"}],"curies":[{"name":"wp","href":"https:\/\/api.w.org\/{rel}","templated":true}]}}