{"id":124840,"date":"2026-01-30T11:43:51","date_gmt":"2026-01-30T11:43:51","guid":{"rendered":"https:\/\/www.3p-gmbh.de\/?post_type=product&#038;p=124840"},"modified":"2026-01-30T11:44:51","modified_gmt":"2026-01-30T11:44:51","slug":"8up-thermal-ctp-heidelberg-suprasetter-a-105-mit-scl-und-prinect-metashooter-v-13","status":"publish","type":"product","link":"https:\/\/www.3p-gmbh.de\/en\/produkt\/8up-thermal-ctp-heidelberg-suprasetter-a-105-mit-scl-und-prinect-metashooter-v-13\/","title":{"rendered":"8up Thermal-CTP Heidelberg Suprasetter A 105 mit SCL und Prinect Metashooter V.13"},"content":{"rendered":"<p>8up Thermal-CTP Heidelberg Suprasetter A 105 mit SCL und Prinect Metashooter V.13<br \/>\naus 2011<br \/>\nEin thermischer Laser 830 nm Gen II Aufl\u00f6sung 2540 dpi mit 9937 Belichtungsstunden<br \/>\nGeschwindigkeit 12 Platten pro Stunde<br \/>\nEinzelkassette f\u00fcr 100 Platten mit Papier<br \/>\nInterner Stanzer Heidelberg Autoplate 780 mm f\u00fcr die Gr\u00f6\u00dfen Speedmaster SM 102, CD 105 und XL 106<br \/>\nExtraktion f\u00fcr ablative Druckplatten<\/p>\n<p>Advant PST 36 L Plattenstapler<\/p>\n","protected":false},"excerpt":{"rendered":"<p>8up Thermal-CTP Heidelberg Suprasetter A 105 mit SCL und Prinect Metashooter V.13 aus 2011 Ein thermischer Laser 830 nm Gen II Aufl\u00f6sung 2540 dpi mit 9937 Belichtungsstunden Geschwindigkeit 12 Platten pro Stunde Einzelkassette f\u00fcr 100 Platten mit Papier Interner Stanzer Heidelberg Autoplate 780 mm f\u00fcr die Gr\u00f6\u00dfen Speedmaster SM 102, CD 105 und XL 106 [&hellip;]<\/p>\n","protected":false},"featured_media":124845,"template":"","meta":[],"product_brand":[],"product_cat":[82],"product_tag":[],"class_list":{"0":"post-124840","1":"product","2":"type-product","3":"status-publish","4":"has-post-thumbnail","6":"product_cat-computer-to-plate-systeme","7":"pa_baujahr-145","8":"pa_hersteller-heidelberg","9":"pa_typ-advant-pst-36-l","10":"pa_typ-suprasetter-a-105","11":"pa_typ-v-13","13":"first","14":"instock","15":"taxable","16":"shipping-taxable","17":"product-type-simple"},"jetpack_sharing_enabled":true,"_links":{"self":[{"href":"https:\/\/www.3p-gmbh.de\/en\/wp-json\/wp\/v2\/product\/124840","targetHints":{"allow":["GET"]}}],"collection":[{"href":"https:\/\/www.3p-gmbh.de\/en\/wp-json\/wp\/v2\/product"}],"about":[{"href":"https:\/\/www.3p-gmbh.de\/en\/wp-json\/wp\/v2\/types\/product"}],"wp:featuredmedia":[{"embeddable":true,"href":"https:\/\/www.3p-gmbh.de\/en\/wp-json\/wp\/v2\/media\/124845"}],"wp:attachment":[{"href":"https:\/\/www.3p-gmbh.de\/en\/wp-json\/wp\/v2\/media?parent=124840"}],"wp:term":[{"taxonomy":"product_brand","embeddable":true,"href":"https:\/\/www.3p-gmbh.de\/en\/wp-json\/wp\/v2\/product_brand?post=124840"},{"taxonomy":"product_cat","embeddable":true,"href":"https:\/\/www.3p-gmbh.de\/en\/wp-json\/wp\/v2\/product_cat?post=124840"},{"taxonomy":"product_tag","embeddable":true,"href":"https:\/\/www.3p-gmbh.de\/en\/wp-json\/wp\/v2\/product_tag?post=124840"}],"curies":[{"name":"wp","href":"https:\/\/api.w.org\/{rel}","templated":true}]}}