{"id":124659,"date":"2026-01-27T09:07:22","date_gmt":"2026-01-27T09:07:22","guid":{"rendered":"https:\/\/www.3p-gmbh.de\/?post_type=product&#038;p=124659"},"modified":"2026-01-27T09:07:22","modified_gmt":"2026-01-27T09:07:22","slug":"techno-grafica-diamand-tpp-1550-hs-druckplattenentwicklungsmaschine","status":"publish","type":"product","link":"https:\/\/www.3p-gmbh.de\/en\/produkt\/techno-grafica-diamand-tpp-1550-hs-druckplattenentwicklungsmaschine\/","title":{"rendered":"Techno-Grafica Diamand TPP 1550 HS Druckplattenentwicklungsmaschine"},"content":{"rendered":"<p>Techno-Grafica Diamand TPP 1550 HS Druckplattenentwicklungsmaschine mit zwei B\u00fcrstenwalzen f\u00fcr Kodak Trillian SP<br \/>\naus 2016<br \/>\nmit verschiedenen Ersatzb\u00fcrsten und -walzen<\/p>\n","protected":false},"excerpt":{"rendered":"<p>Techno-Grafica Diamand TPP 1550 HS Druckplattenentwicklungsmaschine mit zwei B\u00fcrstenwalzen f\u00fcr Kodak Trillian SP aus 2016 mit verschiedenen Ersatzb\u00fcrsten und -walzen<\/p>\n","protected":false},"featured_media":124662,"template":"","meta":[],"product_brand":[],"product_cat":[4142],"product_tag":[],"class_list":{"0":"post-124659","1":"product","2":"type-product","3":"status-publish","4":"has-post-thumbnail","6":"product_cat-druckplattenentwicklungsmaschine","7":"pa_baujahr-118","8":"pa_bezeichnung_typ-1550-hs","9":"pa_hersteller-techno-grafica","11":"first","12":"instock","13":"taxable","14":"shipping-taxable","15":"product-type-simple"},"jetpack_sharing_enabled":true,"_links":{"self":[{"href":"https:\/\/www.3p-gmbh.de\/en\/wp-json\/wp\/v2\/product\/124659","targetHints":{"allow":["GET"]}}],"collection":[{"href":"https:\/\/www.3p-gmbh.de\/en\/wp-json\/wp\/v2\/product"}],"about":[{"href":"https:\/\/www.3p-gmbh.de\/en\/wp-json\/wp\/v2\/types\/product"}],"wp:featuredmedia":[{"embeddable":true,"href":"https:\/\/www.3p-gmbh.de\/en\/wp-json\/wp\/v2\/media\/124662"}],"wp:attachment":[{"href":"https:\/\/www.3p-gmbh.de\/en\/wp-json\/wp\/v2\/media?parent=124659"}],"wp:term":[{"taxonomy":"product_brand","embeddable":true,"href":"https:\/\/www.3p-gmbh.de\/en\/wp-json\/wp\/v2\/product_brand?post=124659"},{"taxonomy":"product_cat","embeddable":true,"href":"https:\/\/www.3p-gmbh.de\/en\/wp-json\/wp\/v2\/product_cat?post=124659"},{"taxonomy":"product_tag","embeddable":true,"href":"https:\/\/www.3p-gmbh.de\/en\/wp-json\/wp\/v2\/product_tag?post=124659"}],"curies":[{"name":"wp","href":"https:\/\/api.w.org\/{rel}","templated":true}]}}