{"id":116671,"date":"2024-08-01T13:46:33","date_gmt":"2024-08-01T13:46:33","guid":{"rendered":"https:\/\/www.3p-gmbh.de\/?post_type=product&#038;p=116671"},"modified":"2024-10-02T10:24:17","modified_gmt":"2024-10-02T10:24:17","slug":"heidelberg-oht-p-und-gtp-pressspan-zubehoer-gtp-pertinax-unterlage","status":"publish","type":"product","link":"https:\/\/www.3p-gmbh.de\/en\/produkt\/heidelberg-oht-p-und-gtp-pressspan-zubehoer-gtp-pertinax-unterlage\/","title":{"rendered":"Heidelberg OHT-P und  GTP Pressspan  Zubeh\u00f6r GTP  Pertinax Unterlage"},"content":{"rendered":"<div>\n<div>Zubeh\u00f6r GTP Pressspan<\/div>\n<div>Zubeh\u00f6r GTP Pertinax<\/div>\n<div>Unterlagen f\u00fcr Hei\u00dffolien-Pr\u00e4gung<br \/>\nBei Hei\u00dffolienpr\u00e4gung ist in der Regel je nach dem zu bepr\u00e4genden Material eine Unterlage erforderlich, welche zu einem Ausgleich der Unregelm\u00e4\u00dfigkeiten und Toleranzen zwischen Pr\u00e4gestempel und Material dient.<\/div>\n<div>\n<p>Weitere Faktoren, wie Materialoberfl\u00e4che, Pr\u00e4gemaschine und die angestrebte Qualit\u00e4t spielen ebenfalls eine entscheidende Rolle.<\/p>\n<p>F\u00fcr die Unterlage auch als \u201eAufzug\u201c genannt gibt es in der Regel 3 Varianten.<\/p>\n<\/div>\n<div>Harter, mittlerer und weicher Aufzug.N<\/div>\n<div>\n<p>eben diesen kann man auch aus den angebotenen Materialien verschiedene Kombinationen verwenden.<\/p>\n<p>Zum Beispiel:<\/p>\n<p>Pre\u00dfspan mit Polyesterfolie<br \/>\nBuchdrucktuch mit Pertinax<\/p>\n<\/div>\n<div><\/div>\n<div><\/div>\n<div><strong>HP Phenolhartpapier \u2013 Pertinax\u00a0 Type 2061<\/strong><br \/>\nLieferbar in St\u00e4rken von 0,3 \u2013 0,5 \u2013 0,8 und 1,0mm.<strong>MHP \u2013 melaminbeschichtetes Phenolhartpapier<br \/>\n<\/strong><br \/>\nBesonderes geeignet f\u00fcr beidseitig bedruckte Erzeugnisse.<br \/>\nW\u00e4rme best\u00e4ndiger als HP, weniger Wellenbildung durch W\u00e4rmeeinfluss.<br \/>\nLieferbar in 1,0 mm St\u00e4rke.<\/p>\n<\/div>\n<div><\/div>\n<\/div>\n","protected":false},"excerpt":{"rendered":"<p>Zubeh\u00f6r GTP Pressspan Zubeh\u00f6r GTP Pertinax Unterlagen f\u00fcr Hei\u00dffolien-Pr\u00e4gung Bei Hei\u00dffolienpr\u00e4gung ist in der Regel je nach dem zu bepr\u00e4genden Material eine Unterlage erforderlich, welche zu einem Ausgleich der Unregelm\u00e4\u00dfigkeiten und Toleranzen zwischen Pr\u00e4gestempel und Material dient. Weitere Faktoren, wie Materialoberfl\u00e4che, Pr\u00e4gemaschine und die angestrebte Qualit\u00e4t spielen ebenfalls eine entscheidende Rolle. F\u00fcr die Unterlage auch [&hellip;]<\/p>\n","protected":false},"featured_media":116672,"template":"","meta":[],"product_brand":[],"product_cat":[343],"product_tag":[],"class_list":{"0":"post-116671","1":"product","2":"type-product","3":"status-publish","4":"has-post-thumbnail","6":"product_cat-buchdruck","8":"first","9":"instock","10":"taxable","11":"shipping-taxable","12":"product-type-simple"},"jetpack_sharing_enabled":true,"_links":{"self":[{"href":"https:\/\/www.3p-gmbh.de\/en\/wp-json\/wp\/v2\/product\/116671","targetHints":{"allow":["GET"]}}],"collection":[{"href":"https:\/\/www.3p-gmbh.de\/en\/wp-json\/wp\/v2\/product"}],"about":[{"href":"https:\/\/www.3p-gmbh.de\/en\/wp-json\/wp\/v2\/types\/product"}],"wp:featuredmedia":[{"embeddable":true,"href":"https:\/\/www.3p-gmbh.de\/en\/wp-json\/wp\/v2\/media\/116672"}],"wp:attachment":[{"href":"https:\/\/www.3p-gmbh.de\/en\/wp-json\/wp\/v2\/media?parent=116671"}],"wp:term":[{"taxonomy":"product_brand","embeddable":true,"href":"https:\/\/www.3p-gmbh.de\/en\/wp-json\/wp\/v2\/product_brand?post=116671"},{"taxonomy":"product_cat","embeddable":true,"href":"https:\/\/www.3p-gmbh.de\/en\/wp-json\/wp\/v2\/product_cat?post=116671"},{"taxonomy":"product_tag","embeddable":true,"href":"https:\/\/www.3p-gmbh.de\/en\/wp-json\/wp\/v2\/product_tag?post=116671"}],"curies":[{"name":"wp","href":"https:\/\/api.w.org\/{rel}","templated":true}]}}