{"id":99795,"date":"2023-03-05T23:10:18","date_gmt":"2023-03-05T23:10:18","guid":{"rendered":"https:\/\/www.3p-gmbh.de\/produkt\/hoejhastighedsskaerer-wohlenberg-wp-92-spm\/"},"modified":"2023-03-05T23:10:18","modified_gmt":"2023-03-05T23:10:18","slug":"hoejhastighedsskaerer-wohlenberg-wp-92-spm","status":"publish","type":"product","link":"https:\/\/www.3p-gmbh.de\/da\/produkt\/hoejhastighedsskaerer-wohlenberg-wp-92-spm\/","title":{"rendered":"H\u00f8jhastighedssk\u00e6rer Wohlenberg WP 92 SPM"},"content":{"rendered":"<p><strong>H\u00f8jhastighedssk\u00e6rer Wohlenberg WP 92 SPM  <\/strong><br \/>\n<strong>SN 3486-009<\/strong><br \/>\n<strong>Regeringsmaskine fra Bj. 1991<\/strong><\/p>\n<p>Klippebredde 92 cm<br \/>\nIndsatsh\u00f8jde 110 mm<br \/>\nSk\u00e6rehastighed 42\/min<br \/>\nSPM automatisk program<br \/>\nLysbarrierer<br \/>\nLuftbord<br \/>\n3 knive (1x svensk st\u00e5l og 2x HSS)<\/p>\n","protected":false},"excerpt":{"rendered":"<p>H\u00f8jhastighedssk\u00e6rer Wohlenberg WP 92 SPM SN 3486-009 Regeringsmaskine fra Bj. 1991 Klippebredde 92 cm Indsatsh\u00f8jde 110 mm Sk\u00e6rehastighed 42\/min SPM automatisk program Lysbarrierer Luftbord 3 knive (1x svensk st\u00e5l og 2x HSS)<\/p>\n","protected":false},"featured_media":99796,"template":"","meta":[],"product_brand":[],"product_cat":[3302],"product_tag":[],"class_list":{"0":"post-99795","1":"product","2":"type-product","3":"status-publish","4":"has-post-thumbnail","6":"product_cat-skaeremaskiner","7":"pa_hersteller-wohlenberg","8":"pa_typ-wp-92-spm","10":"first","11":"instock","12":"taxable","13":"shipping-taxable","14":"product-type-simple"},"jetpack_sharing_enabled":true,"_links":{"self":[{"href":"https:\/\/www.3p-gmbh.de\/da\/wp-json\/wp\/v2\/product\/99795","targetHints":{"allow":["GET"]}}],"collection":[{"href":"https:\/\/www.3p-gmbh.de\/da\/wp-json\/wp\/v2\/product"}],"about":[{"href":"https:\/\/www.3p-gmbh.de\/da\/wp-json\/wp\/v2\/types\/product"}],"wp:featuredmedia":[{"embeddable":true,"href":"https:\/\/www.3p-gmbh.de\/da\/wp-json\/wp\/v2\/media\/99796"}],"wp:attachment":[{"href":"https:\/\/www.3p-gmbh.de\/da\/wp-json\/wp\/v2\/media?parent=99795"}],"wp:term":[{"taxonomy":"product_brand","embeddable":true,"href":"https:\/\/www.3p-gmbh.de\/da\/wp-json\/wp\/v2\/product_brand?post=99795"},{"taxonomy":"product_cat","embeddable":true,"href":"https:\/\/www.3p-gmbh.de\/da\/wp-json\/wp\/v2\/product_cat?post=99795"},{"taxonomy":"product_tag","embeddable":true,"href":"https:\/\/www.3p-gmbh.de\/da\/wp-json\/wp\/v2\/product_tag?post=99795"}],"curies":[{"name":"wp","href":"https:\/\/api.w.org\/{rel}","templated":true}]}}