{"id":99742,"date":"2023-03-05T23:17:13","date_gmt":"2023-03-05T23:17:13","guid":{"rendered":"https:\/\/www.3p-gmbh.de\/produkt\/professionel-24-printer-epson-stylus-pro-7900\/"},"modified":"2023-03-05T23:17:13","modified_gmt":"2023-03-05T23:17:13","slug":"professionel-24-printer-epson-stylus-pro-7900","status":"publish","type":"product","link":"https:\/\/www.3p-gmbh.de\/da\/produkt\/professionel-24-printer-epson-stylus-pro-7900\/","title":{"rendered":"Professionel 24&#8243; printer &#8211; Epson Stylus Pro 7900"},"content":{"rendered":"<p><strong>Professionel 24&#8243; printer &#8211; Epson Stylus Pro 7900<\/strong><\/p>\n<p><em>Produktets egenskaber<\/em><br \/>\nDet nye bl\u00e6ksystem med ti farver giver en bredere farveskala for optimal ydeevne.<br \/>\nEpson MicroPiezoTM TFP-printhovedet giver forbedret ydeevne og l\u00e6ngere holdbarhed<br \/>\nBl\u00e6ksystemet omfatter nu orange og gr\u00f8n som nye farver; det giver et bredere farvespektrum og h\u00f8jere farve\u00e6gthed p\u00e5 specialtrykmateriale.<\/p>\n<p><em>Oplev farve\u00e6gthed og farvekonsistens i stor skala<\/em><br \/>\nH\u00f8j hastighed, enkel betjening og endda automatisk vedligeholdelse.<br \/>\nDer er ingen gr\u00e6nser for din produktivitet, s\u00e5 du kan koncentrere dig om dit kreative output.<\/p>\n<p><em>N\u00f8jagtighed og reproducerbarhed<\/em><br \/>\nEnsartede, pr\u00e6cise og langtidsholdbare resultater i farver og sort\/hvid. Mat sort bl\u00e6k og sort fotobl\u00e6k kan bruges p\u00e5 samme tid. Printeren skifter automatisk mellem de to nuancer af sort, s\u00e5 der opn\u00e5s optimale resultater p\u00e5 alle materialer. Trykkene er t\u00f8rre og holdbare p\u00e5 f\u00e5 minutter og er lys\u00e6gte i op til 200 \u00e5r.<\/p>\n<p><em>Udvidet farveskala<\/em><br \/>\nDet nye gr\u00f8nne og orange bl\u00e6k forbedrer farvegengivelsen, og hudtoner virker betydeligt mindre kornede. De tre sorte farver er med til at reducere farveuoverensstemmelser. Dine print ser perfekte ud under alle lysforhold.<\/p>\n<p><em>Automatisk kontrolsystem til bl\u00e6kdyser<\/em><br \/>\nBl\u00e6kdyserne kontrolleres automatisk og reng\u00f8res om n\u00f8dvendigt. Hele reng\u00f8ringsprocessen tager kun 15 sekunder og kan af sikkerhedsm\u00e6ssige \u00e5rsager udf\u00f8res mellem to uoverv\u00e5gede printjobs.<\/p>\n","protected":false},"excerpt":{"rendered":"<p>Professionel 24&#8243; printer &#8211; Epson Stylus Pro 7900 Produktets egenskaber Det nye bl\u00e6ksystem med ti farver giver en bredere farveskala for optimal ydeevne. Epson MicroPiezoTM TFP-printhovedet giver forbedret ydeevne og l\u00e6ngere holdbarhed Bl\u00e6ksystemet omfatter nu orange og gr\u00f8n som nye farver; det giver et bredere farvespektrum og h\u00f8jere farve\u00e6gthed p\u00e5 specialtrykmateriale. Oplev farve\u00e6gthed og farvekonsistens [&hellip;]<\/p>\n","protected":false},"featured_media":99743,"template":"","meta":[],"product_brand":[],"product_cat":[3310],"product_tag":[],"class_list":{"0":"post-99742","1":"product","2":"type-product","3":"status-publish","4":"has-post-thumbnail","6":"product_cat-digital-udskrivning","7":"pa_hersteller-epson","8":"pa_typ-stylus-pro-7900","10":"first","11":"instock","12":"taxable","13":"shipping-taxable","14":"product-type-simple"},"jetpack_sharing_enabled":true,"_links":{"self":[{"href":"https:\/\/www.3p-gmbh.de\/da\/wp-json\/wp\/v2\/product\/99742","targetHints":{"allow":["GET"]}}],"collection":[{"href":"https:\/\/www.3p-gmbh.de\/da\/wp-json\/wp\/v2\/product"}],"about":[{"href":"https:\/\/www.3p-gmbh.de\/da\/wp-json\/wp\/v2\/types\/product"}],"wp:featuredmedia":[{"embeddable":true,"href":"https:\/\/www.3p-gmbh.de\/da\/wp-json\/wp\/v2\/media\/99743"}],"wp:attachment":[{"href":"https:\/\/www.3p-gmbh.de\/da\/wp-json\/wp\/v2\/media?parent=99742"}],"wp:term":[{"taxonomy":"product_brand","embeddable":true,"href":"https:\/\/www.3p-gmbh.de\/da\/wp-json\/wp\/v2\/product_brand?post=99742"},{"taxonomy":"product_cat","embeddable":true,"href":"https:\/\/www.3p-gmbh.de\/da\/wp-json\/wp\/v2\/product_cat?post=99742"},{"taxonomy":"product_tag","embeddable":true,"href":"https:\/\/www.3p-gmbh.de\/da\/wp-json\/wp\/v2\/product_tag?post=99742"}],"curies":[{"name":"wp","href":"https:\/\/api.w.org\/{rel}","templated":true}]}}