{"id":99703,"date":"2023-03-05T23:48:26","date_gmt":"2023-03-05T23:48:26","guid":{"rendered":"https:\/\/www.3p-gmbh.de\/produkt\/kompakt-vinkelsvejsemaskine-med-krympetunnel-kallfass-kc-8060-650-universal\/"},"modified":"2023-03-05T23:48:26","modified_gmt":"2023-03-05T23:48:26","slug":"kompakt-vinkelsvejsemaskine-med-krympetunnel-kallfass-kc-8060-650-universal","status":"publish","type":"product","link":"https:\/\/www.3p-gmbh.de\/da\/produkt\/kompakt-vinkelsvejsemaskine-med-krympetunnel-kallfass-kc-8060-650-universal\/","title":{"rendered":"Kompakt vinkelsvejsemaskine med krympetunnel Kallfass KC 8060-650 Universal"},"content":{"rendered":"<p><strong>Kompakt vinkelsvejsemaskine med krympetunnel Kallfass KC 8060-650 Universal<\/strong><br \/>\n<strong>s\u00e5 god som ny stand<\/strong><\/p>\n<p>Designet til kr\u00e6vende industriel brug med en kombineret h\u00f8jtydende krympetunnel.<br \/>\nKvaliteterne i denne serie er is\u00e6r tydelige ved h\u00e5rd kontinuerlig brug: emballerede varer som trykte produkter,<br \/>\nGlasprodukter i pakker kan pakkes hurtigt, \u00f8konomisk og med h\u00f8j kvalitet.<br \/>\nDen gennempr\u00f8vede impulssvejseteknologi med tefloniseret afsk\u00e5ret svejsetr\u00e5d sikrer effektiv og absolut lugtfri drift.<\/p>\n<p>Emballagetype: manuel folieindpakning<br \/>\nPakkeydelse: op til 20 cyklusser\/min.<br \/>\nFormatomr\u00e5de: Svejseramme dimensioner 500 x 400 mm<br \/>\nArbejdsomr\u00e5dets bredde 450 mm<br \/>\nArbejdsomr\u00e5de h\u00f8jde 100-400mm<br \/>\nArbejdsh\u00f8jde 870-970 mm<\/p>\n<p><em><strong>Udstyr<\/strong><\/em><br \/>\nTransport med silikonestangk\u00e6de<br \/>\nMaskine p\u00e5 hjul<br \/>\nLuftbordplade til automatisk \u00e5bning af filmen<br \/>\nK\u00f8leplov i udl\u00f8bet<\/p>\n","protected":false},"excerpt":{"rendered":"<p>Kompakt vinkelsvejsemaskine med krympetunnel Kallfass KC 8060-650 Universal s\u00e5 god som ny stand Designet til kr\u00e6vende industriel brug med en kombineret h\u00f8jtydende krympetunnel. Kvaliteterne i denne serie er is\u00e6r tydelige ved h\u00e5rd kontinuerlig brug: emballerede varer som trykte produkter, Glasprodukter i pakker kan pakkes hurtigt, \u00f8konomisk og med h\u00f8j kvalitet. Den gennempr\u00f8vede impulssvejseteknologi med tefloniseret [&hellip;]<\/p>\n","protected":false},"featured_media":99710,"template":"","meta":[],"product_brand":[],"product_cat":[3359],"product_tag":[],"class_list":{"0":"post-99703","1":"product","2":"type-product","3":"status-publish","4":"has-post-thumbnail","6":"product_cat-foliepakning-og-straekpakkemaskiner","7":"pa_hersteller-kallfass","8":"pa_typ-kc-8060-650","10":"first","11":"instock","12":"taxable","13":"shipping-taxable","14":"product-type-simple"},"jetpack_sharing_enabled":true,"_links":{"self":[{"href":"https:\/\/www.3p-gmbh.de\/da\/wp-json\/wp\/v2\/product\/99703","targetHints":{"allow":["GET"]}}],"collection":[{"href":"https:\/\/www.3p-gmbh.de\/da\/wp-json\/wp\/v2\/product"}],"about":[{"href":"https:\/\/www.3p-gmbh.de\/da\/wp-json\/wp\/v2\/types\/product"}],"wp:featuredmedia":[{"embeddable":true,"href":"https:\/\/www.3p-gmbh.de\/da\/wp-json\/wp\/v2\/media\/99710"}],"wp:attachment":[{"href":"https:\/\/www.3p-gmbh.de\/da\/wp-json\/wp\/v2\/media?parent=99703"}],"wp:term":[{"taxonomy":"product_brand","embeddable":true,"href":"https:\/\/www.3p-gmbh.de\/da\/wp-json\/wp\/v2\/product_brand?post=99703"},{"taxonomy":"product_cat","embeddable":true,"href":"https:\/\/www.3p-gmbh.de\/da\/wp-json\/wp\/v2\/product_cat?post=99703"},{"taxonomy":"product_tag","embeddable":true,"href":"https:\/\/www.3p-gmbh.de\/da\/wp-json\/wp\/v2\/product_tag?post=99703"}],"curies":[{"name":"wp","href":"https:\/\/api.w.org\/{rel}","templated":true}]}}