{"id":99556,"date":"2023-03-06T00:13:10","date_gmt":"2023-03-06T00:13:10","guid":{"rendered":"https:\/\/www.3p-gmbh.de\/produkt\/2-mobile-og-hoejdejusterbare-fire-lommemappe-herzog-heymann-hh-m7-35-4\/"},"modified":"2023-03-06T00:13:10","modified_gmt":"2023-03-06T00:13:10","slug":"2-mobile-og-hoejdejusterbare-fire-lommemappe-herzog-heymann-hh-m7-35-4","status":"publish","type":"product","link":"https:\/\/www.3p-gmbh.de\/da\/produkt\/2-mobile-og-hoejdejusterbare-fire-lommemappe-herzog-heymann-hh-m7-35-4\/","title":{"rendered":"2. mobile og h\u00f8jdejusterbare fire-lommemappe Herzog &amp; Heymann H&amp;H M7.35-4"},"content":{"rendered":"<p><strong>2. mobile og h\u00f8jdejusterbare fire-lommemappe Herzog &amp; Heymann H&amp;H M7.35-4<\/strong><br \/>\n<strong>fra 2002  <\/strong><\/p>\n<p>Selvkontrol med n\u00f8dstop<br \/>\nRullebord med line\u00e6r indf\u00f8ring som FW 2, HighSpeed Guides<br \/>\nTraverse til at holde cyklusperforerings- eller limhoveder foran indf\u00f8ringen<br \/>\nEnkelt frontmonteret knivaksel med stikaksel<br \/>\n4 sp\u00e6ndeplader 780 cm<br \/>\nSegmenterede foldevalser med en diameter p\u00e5 35 mm<br \/>\nDobbelte sl\u00e6beaksler Stubaksler<\/p>\n","protected":false},"excerpt":{"rendered":"<p>2. mobile og h\u00f8jdejusterbare fire-lommemappe Herzog &amp; Heymann H&amp;H M7.35-4 fra 2002 Selvkontrol med n\u00f8dstop Rullebord med line\u00e6r indf\u00f8ring som FW 2, HighSpeed Guides Traverse til at holde cyklusperforerings- eller limhoveder foran indf\u00f8ringen Enkelt frontmonteret knivaksel med stikaksel 4 sp\u00e6ndeplader 780 cm Segmenterede foldevalser med en diameter p\u00e5 35 mm Dobbelte sl\u00e6beaksler Stubaksler<\/p>\n","protected":false},"featured_media":99560,"template":"","meta":[],"product_brand":[],"product_cat":[3325,3389],"product_tag":[],"class_list":{"0":"post-99556","1":"product","2":"type-product","3":"status-publish","4":"has-post-thumbnail","6":"product_cat-sammenklappelige-enheder","7":"product_cat-foldemaskiner","8":"pa_hersteller-herzog-heymann","9":"pa_typ-m7-35-4","11":"first","12":"instock","13":"taxable","14":"shipping-taxable","15":"product-type-simple"},"jetpack_sharing_enabled":true,"_links":{"self":[{"href":"https:\/\/www.3p-gmbh.de\/da\/wp-json\/wp\/v2\/product\/99556","targetHints":{"allow":["GET"]}}],"collection":[{"href":"https:\/\/www.3p-gmbh.de\/da\/wp-json\/wp\/v2\/product"}],"about":[{"href":"https:\/\/www.3p-gmbh.de\/da\/wp-json\/wp\/v2\/types\/product"}],"wp:featuredmedia":[{"embeddable":true,"href":"https:\/\/www.3p-gmbh.de\/da\/wp-json\/wp\/v2\/media\/99560"}],"wp:attachment":[{"href":"https:\/\/www.3p-gmbh.de\/da\/wp-json\/wp\/v2\/media?parent=99556"}],"wp:term":[{"taxonomy":"product_brand","embeddable":true,"href":"https:\/\/www.3p-gmbh.de\/da\/wp-json\/wp\/v2\/product_brand?post=99556"},{"taxonomy":"product_cat","embeddable":true,"href":"https:\/\/www.3p-gmbh.de\/da\/wp-json\/wp\/v2\/product_cat?post=99556"},{"taxonomy":"product_tag","embeddable":true,"href":"https:\/\/www.3p-gmbh.de\/da\/wp-json\/wp\/v2\/product_tag?post=99556"}],"curies":[{"name":"wp","href":"https:\/\/api.w.org\/{rel}","templated":true}]}}