{"id":99509,"date":"2023-03-06T00:15:23","date_gmt":"2023-03-06T00:15:23","guid":{"rendered":"https:\/\/www.3p-gmbh.de\/produkt\/2-station-spaendeplademappe-mbo-t-780-6\/"},"modified":"2023-03-06T00:15:23","modified_gmt":"2023-03-06T00:15:23","slug":"2-station-spaendeplademappe-mbo-t-780-6","status":"publish","type":"product","link":"https:\/\/www.3p-gmbh.de\/da\/produkt\/2-station-spaendeplademappe-mbo-t-780-6\/","title":{"rendered":"2.station sp\u00e6ndeplademappe MBO T 780-6"},"content":{"rendered":"<p><strong>2.station sp\u00e6ndeplademappe MBO T 780-6<\/strong><\/p>\n<div>6 sp\u00e6ndeplader 78 cm indf\u00f8ring<\/div>\n<div>HighSpeed Guiedes<\/div>\n","protected":false},"excerpt":{"rendered":"<p>2.station sp\u00e6ndeplademappe MBO T 780-6 6 sp\u00e6ndeplader 78 cm indf\u00f8ring HighSpeed Guiedes<\/p>\n","protected":false},"featured_media":99522,"template":"","meta":[],"product_brand":[],"product_cat":[3325],"product_tag":[],"class_list":{"0":"post-99509","1":"product","2":"type-product","3":"status-publish","4":"has-post-thumbnail","6":"product_cat-sammenklappelige-enheder","7":"pa_hersteller-mbo","8":"pa_typ-t-780-6","10":"first","11":"instock","12":"taxable","13":"shipping-taxable","14":"product-type-simple"},"jetpack_sharing_enabled":true,"_links":{"self":[{"href":"https:\/\/www.3p-gmbh.de\/da\/wp-json\/wp\/v2\/product\/99509","targetHints":{"allow":["GET"]}}],"collection":[{"href":"https:\/\/www.3p-gmbh.de\/da\/wp-json\/wp\/v2\/product"}],"about":[{"href":"https:\/\/www.3p-gmbh.de\/da\/wp-json\/wp\/v2\/types\/product"}],"wp:featuredmedia":[{"embeddable":true,"href":"https:\/\/www.3p-gmbh.de\/da\/wp-json\/wp\/v2\/media\/99522"}],"wp:attachment":[{"href":"https:\/\/www.3p-gmbh.de\/da\/wp-json\/wp\/v2\/media?parent=99509"}],"wp:term":[{"taxonomy":"product_brand","embeddable":true,"href":"https:\/\/www.3p-gmbh.de\/da\/wp-json\/wp\/v2\/product_brand?post=99509"},{"taxonomy":"product_cat","embeddable":true,"href":"https:\/\/www.3p-gmbh.de\/da\/wp-json\/wp\/v2\/product_cat?post=99509"},{"taxonomy":"product_tag","embeddable":true,"href":"https:\/\/www.3p-gmbh.de\/da\/wp-json\/wp\/v2\/product_tag?post=99509"}],"curies":[{"name":"wp","href":"https:\/\/api.w.org\/{rel}","templated":true}]}}