{"id":99347,"date":"2023-01-04T22:38:08","date_gmt":"2023-01-04T22:38:08","guid":{"rendered":"https:\/\/www.3p-gmbh.de\/produkt\/palamider-alfa-500-stablingsdisplay\/"},"modified":"2023-01-04T22:38:08","modified_gmt":"2023-01-04T22:38:08","slug":"palamider-alfa-500-stablingsdisplay","status":"publish","type":"product","link":"https:\/\/www.3p-gmbh.de\/da\/produkt\/palamider-alfa-500-stablingsdisplay\/","title":{"rendered":"Palamider alfa 500 stablingsdisplay"},"content":{"rendered":"<p><strong>Palamider stabling display Alpha 500<\/strong><br \/>\n<strong>Bygge\u00e5r 10-2011<br \/>\n<\/strong><br \/>\ntil mark\u00f8rfri l\u00e6gning<br \/>\nStahlfolder Interface<br \/>\nDispenseringsbord<\/p>\n","protected":false},"excerpt":{"rendered":"<p>Palamider stabling display Alpha 500 Bygge\u00e5r 10-2011 til mark\u00f8rfri l\u00e6gning Stahlfolder Interface Dispenseringsbord<\/p>\n","protected":false},"featured_media":99348,"template":"","meta":[],"product_brand":[],"product_cat":[3333],"product_tag":[],"class_list":{"0":"post-99347","1":"product","2":"type-product","3":"status-publish","4":"has-post-thumbnail","6":"product_cat-udgifter","7":"pa_hersteller-palamides","8":"pa_typ-alpha-500","10":"first","11":"instock","12":"taxable","13":"shipping-taxable","14":"product-type-simple"},"jetpack_sharing_enabled":true,"_links":{"self":[{"href":"https:\/\/www.3p-gmbh.de\/da\/wp-json\/wp\/v2\/product\/99347","targetHints":{"allow":["GET"]}}],"collection":[{"href":"https:\/\/www.3p-gmbh.de\/da\/wp-json\/wp\/v2\/product"}],"about":[{"href":"https:\/\/www.3p-gmbh.de\/da\/wp-json\/wp\/v2\/types\/product"}],"wp:featuredmedia":[{"embeddable":true,"href":"https:\/\/www.3p-gmbh.de\/da\/wp-json\/wp\/v2\/media\/99348"}],"wp:attachment":[{"href":"https:\/\/www.3p-gmbh.de\/da\/wp-json\/wp\/v2\/media?parent=99347"}],"wp:term":[{"taxonomy":"product_brand","embeddable":true,"href":"https:\/\/www.3p-gmbh.de\/da\/wp-json\/wp\/v2\/product_brand?post=99347"},{"taxonomy":"product_cat","embeddable":true,"href":"https:\/\/www.3p-gmbh.de\/da\/wp-json\/wp\/v2\/product_cat?post=99347"},{"taxonomy":"product_tag","embeddable":true,"href":"https:\/\/www.3p-gmbh.de\/da\/wp-json\/wp\/v2\/product_tag?post=99347"}],"curies":[{"name":"wp","href":"https:\/\/api.w.org\/{rel}","templated":true}]}}