{"id":99123,"date":"2023-01-12T14:12:47","date_gmt":"2023-01-12T14:12:47","guid":{"rendered":"https:\/\/www.3p-gmbh.de\/produkt\/mega-staalskaerer-699-2-paa-let-bord-med-affaldsboks\/"},"modified":"2023-01-12T14:12:47","modified_gmt":"2023-01-12T14:12:47","slug":"mega-staalskaerer-699-2-paa-let-bord-med-affaldsboks","status":"publish","type":"product","link":"https:\/\/www.3p-gmbh.de\/da\/produkt\/mega-staalskaerer-699-2-paa-let-bord-med-affaldsboks\/","title":{"rendered":"Mega st\u00e5lsk\u00e6rer 699-2 p\u00e5 let bord med affaldsboks"},"content":{"rendered":"<p><strong>Mega st\u00e5lsk\u00e6rer 699-2 p\u00e5 let bord med affaldsboks<\/strong><\/p>\n<p>Pr\u00e6cisionssk\u00e6rer til flade film, folier og papir.<br \/>\nDen belyste millimeterfilm og det laterale stop g\u00f8r det muligt at justere skabelonerne meget pr\u00e6cist.<br \/>\nTrykstang p\u00e5 filmsk\u00e6rer, elektromagnetisk \u00e5bning og lukning ved at trykke med h\u00e5ndryggen<\/p>\n<p>forhindrer skabelonerne i at glide, mens den cirkul\u00e6re klinge glider langs den lange klinge.<br \/>\nSnittene er gratfri (sektion med ekstremt lav grat)<br \/>\nDe cirkul\u00e6re knive er selvslibende takket v\u00e6re den hule slibning.<\/p>\n<p>Klippebredde: ca. 65 cm<br \/>\nSidestop med centimeterskala<\/p>\n","protected":false},"excerpt":{"rendered":"<p>Mega st\u00e5lsk\u00e6rer 699-2 p\u00e5 let bord med affaldsboks Pr\u00e6cisionssk\u00e6rer til flade film, folier og papir. Den belyste millimeterfilm og det laterale stop g\u00f8r det muligt at justere skabelonerne meget pr\u00e6cist. Trykstang p\u00e5 filmsk\u00e6rer, elektromagnetisk \u00e5bning og lukning ved at trykke med h\u00e5ndryggen forhindrer skabelonerne i at glide, mens den cirkul\u00e6re klinge glider langs den lange [&hellip;]<\/p>\n","protected":false},"featured_media":99124,"template":"","meta":[],"product_brand":[],"product_cat":[3302],"product_tag":[],"class_list":{"0":"post-99123","1":"product","2":"type-product","3":"status-publish","4":"has-post-thumbnail","6":"product_cat-skaeremaskiner","7":"pa_hersteller-mega-stahl","8":"pa_typ-699-2","10":"first","11":"instock","12":"taxable","13":"shipping-taxable","14":"product-type-simple"},"jetpack_sharing_enabled":true,"_links":{"self":[{"href":"https:\/\/www.3p-gmbh.de\/da\/wp-json\/wp\/v2\/product\/99123","targetHints":{"allow":["GET"]}}],"collection":[{"href":"https:\/\/www.3p-gmbh.de\/da\/wp-json\/wp\/v2\/product"}],"about":[{"href":"https:\/\/www.3p-gmbh.de\/da\/wp-json\/wp\/v2\/types\/product"}],"wp:featuredmedia":[{"embeddable":true,"href":"https:\/\/www.3p-gmbh.de\/da\/wp-json\/wp\/v2\/media\/99124"}],"wp:attachment":[{"href":"https:\/\/www.3p-gmbh.de\/da\/wp-json\/wp\/v2\/media?parent=99123"}],"wp:term":[{"taxonomy":"product_brand","embeddable":true,"href":"https:\/\/www.3p-gmbh.de\/da\/wp-json\/wp\/v2\/product_brand?post=99123"},{"taxonomy":"product_cat","embeddable":true,"href":"https:\/\/www.3p-gmbh.de\/da\/wp-json\/wp\/v2\/product_cat?post=99123"},{"taxonomy":"product_tag","embeddable":true,"href":"https:\/\/www.3p-gmbh.de\/da\/wp-json\/wp\/v2\/product_tag?post=99123"}],"curies":[{"name":"wp","href":"https:\/\/api.w.org\/{rel}","templated":true}]}}