{"id":99083,"date":"2023-01-12T14:21:01","date_gmt":"2023-01-12T14:21:01","guid":{"rendered":"https:\/\/www.3p-gmbh.de\/produkt\/schober-elektrisk-spaltemaskine\/"},"modified":"2023-01-12T14:21:01","modified_gmt":"2023-01-12T14:21:01","slug":"schober-elektrisk-spaltemaskine","status":"publish","type":"product","link":"https:\/\/www.3p-gmbh.de\/da\/produkt\/schober-elektrisk-spaltemaskine\/","title":{"rendered":"Schober elektrisk spaltemaskine"},"content":{"rendered":"<p><strong>Elektrisk spaltemaskine fra Schober<\/strong><\/p>\n<p>til opsk\u00e6ring af klisterm\u00e6rker med en bredde p\u00e5 op til 75 cm<\/p>\n","protected":false},"excerpt":{"rendered":"<p>Elektrisk spaltemaskine fra Schober til opsk\u00e6ring af klisterm\u00e6rker med en bredde p\u00e5 op til 75 cm<\/p>\n","protected":false},"featured_media":99084,"template":"","meta":[],"product_brand":[],"product_cat":[3299],"product_tag":[],"class_list":{"0":"post-99083","1":"product","2":"type-product","3":"status-publish","4":"has-post-thumbnail","6":"product_cat-sortiment-bogbinding","7":"pa_hersteller-schober","9":"first","10":"instock","11":"taxable","12":"shipping-taxable","13":"product-type-simple"},"jetpack_sharing_enabled":true,"_links":{"self":[{"href":"https:\/\/www.3p-gmbh.de\/da\/wp-json\/wp\/v2\/product\/99083","targetHints":{"allow":["GET"]}}],"collection":[{"href":"https:\/\/www.3p-gmbh.de\/da\/wp-json\/wp\/v2\/product"}],"about":[{"href":"https:\/\/www.3p-gmbh.de\/da\/wp-json\/wp\/v2\/types\/product"}],"wp:featuredmedia":[{"embeddable":true,"href":"https:\/\/www.3p-gmbh.de\/da\/wp-json\/wp\/v2\/media\/99084"}],"wp:attachment":[{"href":"https:\/\/www.3p-gmbh.de\/da\/wp-json\/wp\/v2\/media?parent=99083"}],"wp:term":[{"taxonomy":"product_brand","embeddable":true,"href":"https:\/\/www.3p-gmbh.de\/da\/wp-json\/wp\/v2\/product_brand?post=99083"},{"taxonomy":"product_cat","embeddable":true,"href":"https:\/\/www.3p-gmbh.de\/da\/wp-json\/wp\/v2\/product_cat?post=99083"},{"taxonomy":"product_tag","embeddable":true,"href":"https:\/\/www.3p-gmbh.de\/da\/wp-json\/wp\/v2\/product_tag?post=99083"}],"curies":[{"name":"wp","href":"https:\/\/api.w.org\/{rel}","templated":true}]}}