{"id":98971,"date":"2023-01-25T17:45:54","date_gmt":"2023-01-25T17:45:54","guid":{"rendered":"https:\/\/www.3p-gmbh.de\/produkt\/deionisering-afladning-af-stroemforsyning-haug-en-8-lc\/"},"modified":"2023-01-25T17:45:54","modified_gmt":"2023-01-25T17:45:54","slug":"deionisering-afladning-af-stroemforsyning-haug-en-8-lc","status":"publish","type":"product","link":"https:\/\/www.3p-gmbh.de\/da\/produkt\/deionisering-afladning-af-stroemforsyning-haug-en-8-lc\/","title":{"rendered":"Deionisering &#8211; Afladning af str\u00f8mforsyning Haug EN 8 LC"},"content":{"rendered":"<p><strong>Afladningsenhed Haug EN 8 LC &#8211; stangl\u00e6ngde ca. 55 cm til fjernelse af elektrostatiske opladninger<br \/>\n<\/strong><strong>fra 2016<\/strong><\/p>\n<p>De afladende str\u00f8mforsyningsenheder i EN 8-serien bruges til at levere sp\u00e6nding til ioniseringsenheder.<br \/>\nEnhederne har fire gast\u00e6tte h\u00f8jsp\u00e6ndingstilslutninger og er fremstillet i beskyttelsesklasse IP 54, beskyttelsesklasse I, i overensstemmelse med VDE.<\/p>\n<p>LC-version med integreret funktionsoverv\u00e5gning<br \/>\nFejlstatus signaleres via en LED p\u00e5 huset.<\/p>\n<p><em><strong>Funktionelt princip<\/strong><\/em><br \/>\nNetsp\u00e6ndingen omdannes til 7-8 kV vekselsp\u00e6nding af en h\u00f8jsp\u00e6ndingstransformator.<br \/>\nDen funktionsoverv\u00e5gning, der er integreret i det sekund\u00e6re omr\u00e5de, signalerer, n\u00e5r corona-indgangssp\u00e6ndingen (= start af ioniseringsenhedernes drift) underskrides, ved at kontrol-LED&#8217;en blinker.<\/p>\n<p>Den kompakte PCB-teknologi garanterer p\u00e5lidelighed og nem service.<br \/>\nAfladning af str\u00f8mforsyning DA 8<\/p>\n<p>&#8211; Enkel og hurtig kontrol af ioniseringsenheden<br \/>\n&#8211; P\u00e5lidelig information om produktionsprocessen (proces- og kvalitetskontrol)<br \/>\n&#8211; Kontinuerlig overv\u00e5gning af ioniseringsenheden uden yderligere test- og m\u00e5leudstyr<\/p>\n","protected":false},"excerpt":{"rendered":"<p>Afladningsenhed Haug EN 8 LC &#8211; stangl\u00e6ngde ca. 55 cm til fjernelse af elektrostatiske opladninger fra 2016 De afladende str\u00f8mforsyningsenheder i EN 8-serien bruges til at levere sp\u00e6nding til ioniseringsenheder. Enhederne har fire gast\u00e6tte h\u00f8jsp\u00e6ndingstilslutninger og er fremstillet i beskyttelsesklasse IP 54, beskyttelsesklasse I, i overensstemmelse med VDE. LC-version med integreret funktionsoverv\u00e5gning Fejlstatus signaleres via [&hellip;]<\/p>\n","protected":false},"featured_media":98973,"template":"","meta":[],"product_brand":[],"product_cat":[3316,3389],"product_tag":[],"class_list":{"0":"post-98971","1":"product","2":"type-product","3":"status-publish","4":"has-post-thumbnail","6":"product_cat-tilbehoer-til-foldemaskiner","7":"product_cat-foldemaskiner","8":"pa_hersteller-haug","9":"pa_typ-en-8-lc","11":"first","12":"instock","13":"taxable","14":"shipping-taxable","15":"product-type-simple"},"jetpack_sharing_enabled":true,"_links":{"self":[{"href":"https:\/\/www.3p-gmbh.de\/da\/wp-json\/wp\/v2\/product\/98971","targetHints":{"allow":["GET"]}}],"collection":[{"href":"https:\/\/www.3p-gmbh.de\/da\/wp-json\/wp\/v2\/product"}],"about":[{"href":"https:\/\/www.3p-gmbh.de\/da\/wp-json\/wp\/v2\/types\/product"}],"wp:featuredmedia":[{"embeddable":true,"href":"https:\/\/www.3p-gmbh.de\/da\/wp-json\/wp\/v2\/media\/98973"}],"wp:attachment":[{"href":"https:\/\/www.3p-gmbh.de\/da\/wp-json\/wp\/v2\/media?parent=98971"}],"wp:term":[{"taxonomy":"product_brand","embeddable":true,"href":"https:\/\/www.3p-gmbh.de\/da\/wp-json\/wp\/v2\/product_brand?post=98971"},{"taxonomy":"product_cat","embeddable":true,"href":"https:\/\/www.3p-gmbh.de\/da\/wp-json\/wp\/v2\/product_cat?post=98971"},{"taxonomy":"product_tag","embeddable":true,"href":"https:\/\/www.3p-gmbh.de\/da\/wp-json\/wp\/v2\/product_tag?post=98971"}],"curies":[{"name":"wp","href":"https:\/\/api.w.org\/{rel}","templated":true}]}}