{"id":98945,"date":"2023-01-25T18:03:07","date_gmt":"2023-01-25T18:03:07","guid":{"rendered":"https:\/\/www.3p-gmbh.de\/produkt\/bandelin-sonorex-rk-158-m\/"},"modified":"2023-01-25T18:03:07","modified_gmt":"2023-01-25T18:03:07","slug":"bandelin-sonorex-rk-158-m","status":"publish","type":"product","link":"https:\/\/www.3p-gmbh.de\/da\/produkt\/bandelin-sonorex-rk-158-m\/","title":{"rendered":"BANDELIN Sonorex RK 158 M"},"content":{"rendered":"<p><strong>BANDELIN Sonorex RK 158 M<\/strong><\/p>\n<p>H\u00f8jtydende ultralydsrenser i rustfrit st\u00e5l med varme til brug i praksis, laboratorier og v\u00e6rksteder.<br \/>\nDe gennempr\u00f8vede og s\u00e6rligt robuste SONOREX-ultralydsbade reng\u00f8r grundigt og sk\u00e5nsomt ved hj\u00e6lp af intensive kavitationsbobler, selv i sv\u00e6rt tilg\u00e6ngelige omr\u00e5der af reng\u00f8ringsgenstandene.<br \/>\nEt brugervenligt drejeh\u00e5ndtag bruges til nemt at indstille reng\u00f8ringstid og badetemperatur.<br \/>\nDen fuldautomatiske SweepTec-funktion forhindrer st\u00e5ende b\u00f8lger i ultralydsfeltet og giver en meget j\u00e6vn reng\u00f8ring.<\/p>\n<p>Indvendige m\u00e5l L [mm] 700<br \/>\nIndvendige m\u00e5l B [mm] 140<br \/>\nIndvendige m\u00e5l T [mm] 150<br \/>\nKapacitet [l] 9<br \/>\nIndhold af arbejdskraft [l] 6<br \/>\nMarkering af fyldningsniveau ja<br \/>\nUltralydsfrekvens [Hz] 35<br \/>\nR\u00f8rtykkelse [mm] 0,8<br \/>\nUltralydsspidseffekt [W] 860<br \/>\nNominel ultralydseffekt [W] 215<br \/>\nUltralydsfrekvens [kHz] 35<br \/>\nTemp. omr\u00e5de (C) 30-80<br \/>\nVarmeeffekt [W] 600<br \/>\nDriftssp\u00e6nding [V] 230 V EU-stik<\/p>\n","protected":false},"excerpt":{"rendered":"<p>BANDELIN Sonorex RK 158 M H\u00f8jtydende ultralydsrenser i rustfrit st\u00e5l med varme til brug i praksis, laboratorier og v\u00e6rksteder. De gennempr\u00f8vede og s\u00e6rligt robuste SONOREX-ultralydsbade reng\u00f8r grundigt og sk\u00e5nsomt ved hj\u00e6lp af intensive kavitationsbobler, selv i sv\u00e6rt tilg\u00e6ngelige omr\u00e5der af reng\u00f8ringsgenstandene. Et brugervenligt drejeh\u00e5ndtag bruges til nemt at indstille reng\u00f8ringstid og badetemperatur. Den fuldautomatiske SweepTec-funktion [&hellip;]<\/p>\n","protected":false},"featured_media":98950,"template":"","meta":[],"product_brand":[],"product_cat":[3315],"product_tag":[],"class_list":{"0":"post-98945","1":"product","2":"type-product","3":"status-publish","4":"has-post-thumbnail","6":"product_cat-vaerkstedsudstyr","7":"pa_hersteller-bandelin","8":"pa_typ-sonorex-rk-158-m","10":"first","11":"instock","12":"taxable","13":"shipping-taxable","14":"product-type-simple"},"jetpack_sharing_enabled":true,"_links":{"self":[{"href":"https:\/\/www.3p-gmbh.de\/da\/wp-json\/wp\/v2\/product\/98945","targetHints":{"allow":["GET"]}}],"collection":[{"href":"https:\/\/www.3p-gmbh.de\/da\/wp-json\/wp\/v2\/product"}],"about":[{"href":"https:\/\/www.3p-gmbh.de\/da\/wp-json\/wp\/v2\/types\/product"}],"wp:featuredmedia":[{"embeddable":true,"href":"https:\/\/www.3p-gmbh.de\/da\/wp-json\/wp\/v2\/media\/98950"}],"wp:attachment":[{"href":"https:\/\/www.3p-gmbh.de\/da\/wp-json\/wp\/v2\/media?parent=98945"}],"wp:term":[{"taxonomy":"product_brand","embeddable":true,"href":"https:\/\/www.3p-gmbh.de\/da\/wp-json\/wp\/v2\/product_brand?post=98945"},{"taxonomy":"product_cat","embeddable":true,"href":"https:\/\/www.3p-gmbh.de\/da\/wp-json\/wp\/v2\/product_cat?post=98945"},{"taxonomy":"product_tag","embeddable":true,"href":"https:\/\/www.3p-gmbh.de\/da\/wp-json\/wp\/v2\/product_tag?post=98945"}],"curies":[{"name":"wp","href":"https:\/\/api.w.org\/{rel}","templated":true}]}}