{"id":98911,"date":"2023-01-25T18:11:37","date_gmt":"2023-01-25T18:11:37","guid":{"rendered":"https:\/\/www.3p-gmbh.de\/produkt\/mathias-baeuerle-multimaster-cas-52-4-38-2-fl-sa-spaendeplademappe\/"},"modified":"2023-01-25T18:11:37","modified_gmt":"2023-01-25T18:11:37","slug":"mathias-baeuerle-multimaster-cas-52-4-38-2-fl-sa-spaendeplademappe","status":"publish","type":"product","link":"https:\/\/www.3p-gmbh.de\/da\/produkt\/mathias-baeuerle-multimaster-cas-52-4-38-2-fl-sa-spaendeplademappe\/","title":{"rendered":"Mathias B\u00e4uerle Multimaster CAS 52.4-38.2-FL SA sp\u00e6ndeplademappe"},"content":{"rendered":"<p><strong>Foldemaskine Mathias B\u00e4uerle Multimaster CAS 52.4-38.2-FL SA<\/strong><br \/>\n<strong>fra 2001 lidt brugt<\/strong><\/p>\n<p>FL 52 flad pilef\u00f8der med bagkantsadskillelse<br \/>\nFoldningsenhed 1 med 4 motoriserede, justerbare sp\u00e6ndeplader Indf\u00f8ringsbredde 52 cm<br \/>\nFoldningsenhed 2 med 2 motoriserede justerbare lommer Indf\u00f8ringsbredde 38 cm<\/p>\n<p>med lomme til alterfold (lukket A3 p\u00e5 Din long mulig)<\/p>\n<p>Motoriseret justerbar levering<\/p>\n","protected":false},"excerpt":{"rendered":"<p>Foldemaskine Mathias B\u00e4uerle Multimaster CAS 52.4-38.2-FL SA fra 2001 lidt brugt FL 52 flad pilef\u00f8der med bagkantsadskillelse Foldningsenhed 1 med 4 motoriserede, justerbare sp\u00e6ndeplader Indf\u00f8ringsbredde 52 cm Foldningsenhed 2 med 2 motoriserede justerbare lommer Indf\u00f8ringsbredde 38 cm med lomme til alterfold (lukket A3 p\u00e5 Din long mulig) Motoriseret justerbar levering<\/p>\n","protected":false},"featured_media":98923,"template":"","meta":[],"product_brand":[],"product_cat":[3389],"product_tag":[],"class_list":{"0":"post-98911","1":"product","2":"type-product","3":"status-publish","4":"has-post-thumbnail","6":"product_cat-foldemaskiner","7":"pa_hersteller-mathias-baeuerle","8":"pa_typ-cas-52-4-38-2-fl-sa","10":"first","11":"instock","12":"taxable","13":"shipping-taxable","14":"product-type-simple"},"jetpack_sharing_enabled":true,"_links":{"self":[{"href":"https:\/\/www.3p-gmbh.de\/da\/wp-json\/wp\/v2\/product\/98911","targetHints":{"allow":["GET"]}}],"collection":[{"href":"https:\/\/www.3p-gmbh.de\/da\/wp-json\/wp\/v2\/product"}],"about":[{"href":"https:\/\/www.3p-gmbh.de\/da\/wp-json\/wp\/v2\/types\/product"}],"wp:featuredmedia":[{"embeddable":true,"href":"https:\/\/www.3p-gmbh.de\/da\/wp-json\/wp\/v2\/media\/98923"}],"wp:attachment":[{"href":"https:\/\/www.3p-gmbh.de\/da\/wp-json\/wp\/v2\/media?parent=98911"}],"wp:term":[{"taxonomy":"product_brand","embeddable":true,"href":"https:\/\/www.3p-gmbh.de\/da\/wp-json\/wp\/v2\/product_brand?post=98911"},{"taxonomy":"product_cat","embeddable":true,"href":"https:\/\/www.3p-gmbh.de\/da\/wp-json\/wp\/v2\/product_cat?post=98911"},{"taxonomy":"product_tag","embeddable":true,"href":"https:\/\/www.3p-gmbh.de\/da\/wp-json\/wp\/v2\/product_tag?post=98911"}],"curies":[{"name":"wp","href":"https:\/\/api.w.org\/{rel}","templated":true}]}}