{"id":98847,"date":"2022-11-14T22:42:31","date_gmt":"2022-11-14T22:42:31","guid":{"rendered":"https:\/\/www.3p-gmbh.de\/produkt\/lagfolde-og-haeftemaskine-nagel-foldnak-4-med-udlevering-af-singels\/"},"modified":"2022-11-14T22:42:31","modified_gmt":"2022-11-14T22:42:31","slug":"lagfolde-og-haeftemaskine-nagel-foldnak-4-med-udlevering-af-singels","status":"publish","type":"product","link":"https:\/\/www.3p-gmbh.de\/da\/produkt\/lagfolde-og-haeftemaskine-nagel-foldnak-4-med-udlevering-af-singels\/","title":{"rendered":"Lagfolde- og h\u00e6ftemaskine Nagel Foldnak 4 med udlevering af singels"},"content":{"rendered":"<p><strong>Lagfolde- og h\u00e6ftemaskine Nagel Foldnak 4 med udlevering af singels<\/strong><br \/>\ntil at lave brochurer p\u00e5 op til 80 sider i en enkelt arbejdsgang.<\/p>\n<p>Papirindf\u00f8ringsformat fra DIN A5 til DIN A3 oversize-format<br \/>\n&#8211; med 2 h\u00e6ftehoveder (kan udvides til 4)<\/p>\n","protected":false},"excerpt":{"rendered":"<p>Lagfolde- og h\u00e6ftemaskine Nagel Foldnak 4 med udlevering af singels til at lave brochurer p\u00e5 op til 80 sider i en enkelt arbejdsgang. Papirindf\u00f8ringsformat fra DIN A5 til DIN A3 oversize-format &#8211; med 2 h\u00e6ftehoveder (kan udvides til 4)<\/p>\n","protected":false},"featured_media":98849,"template":"","meta":[],"product_brand":[],"product_cat":[3389],"product_tag":[],"class_list":{"0":"post-98847","1":"product","2":"type-product","3":"status-publish","4":"has-post-thumbnail","6":"product_cat-foldemaskiner","7":"pa_hersteller-ernst-nagel","8":"pa_typ-foldnak-4","10":"first","11":"instock","12":"taxable","13":"shipping-taxable","14":"product-type-simple"},"jetpack_sharing_enabled":true,"_links":{"self":[{"href":"https:\/\/www.3p-gmbh.de\/da\/wp-json\/wp\/v2\/product\/98847","targetHints":{"allow":["GET"]}}],"collection":[{"href":"https:\/\/www.3p-gmbh.de\/da\/wp-json\/wp\/v2\/product"}],"about":[{"href":"https:\/\/www.3p-gmbh.de\/da\/wp-json\/wp\/v2\/types\/product"}],"wp:featuredmedia":[{"embeddable":true,"href":"https:\/\/www.3p-gmbh.de\/da\/wp-json\/wp\/v2\/media\/98849"}],"wp:attachment":[{"href":"https:\/\/www.3p-gmbh.de\/da\/wp-json\/wp\/v2\/media?parent=98847"}],"wp:term":[{"taxonomy":"product_brand","embeddable":true,"href":"https:\/\/www.3p-gmbh.de\/da\/wp-json\/wp\/v2\/product_brand?post=98847"},{"taxonomy":"product_cat","embeddable":true,"href":"https:\/\/www.3p-gmbh.de\/da\/wp-json\/wp\/v2\/product_cat?post=98847"},{"taxonomy":"product_tag","embeddable":true,"href":"https:\/\/www.3p-gmbh.de\/da\/wp-json\/wp\/v2\/product_tag?post=98847"}],"curies":[{"name":"wp","href":"https:\/\/api.w.org\/{rel}","templated":true}]}}