{"id":98840,"date":"2022-11-14T23:18:57","date_gmt":"2022-11-14T23:18:57","guid":{"rendered":"https:\/\/www.3p-gmbh.de\/produkt\/smipack-fp-560-a-halvautomatisk-vinkelsvejser-med-smipack-t-450-krympetunnel-med-et-kammer\/"},"modified":"2022-11-14T23:18:57","modified_gmt":"2022-11-14T23:18:57","slug":"smipack-fp-560-a-halvautomatisk-vinkelsvejser-med-smipack-t-450-krympetunnel-med-et-kammer","status":"publish","type":"product","link":"https:\/\/www.3p-gmbh.de\/da\/produkt\/smipack-fp-560-a-halvautomatisk-vinkelsvejser-med-smipack-t-450-krympetunnel-med-et-kammer\/","title":{"rendered":"Smipack FP 560 A halvautomatisk vinkelsvejser med Smipack T 450 krympetunnel med \u00e9t kammer"},"content":{"rendered":"<p><strong>Smipack FP 560 A halvautomatisk vinkelsvejser med T 450 enkeltkammerkrympetunnel<\/strong><br \/>\n<strong>fra 2012<\/strong><\/p>\n<p>Halvautomatisk vinkelsvejser med permanent k\u00f8lesystem, velegnet til en bred vifte af produkter.<br \/>\nTakket v\u00e6re det integrerede k\u00f8lesystem opn\u00e5r FP 560 A konstant gode svejses\u00f8mme og er derfor ideel til st\u00f8rre genneml\u00f8bsm\u00e6ngder.<br \/>\nEn automatisk opruller til den resterende film og en elektrisk m\u00e6ngdet\u00e6ller er integreret.<\/p>\n<p>10 forskellige programmer kan gemmes via kontrolpanelet.<br \/>\nForseglingsrammen lukkes automatisk ved hj\u00e6lp af en tidsrel\u00e6styring eller manuelt ved hj\u00e6lp af en fodkontakt (ekstraudstyr) og et tryk p\u00e5 en knap.<\/p>\n<p>Det motoriserede b\u00e5nd ved udl\u00f8bet transporterer det krympepakkede produkt til den efterf\u00f8lgende krympetunnel.<\/p>\n<p>-Gennemsnitlig produktion pr. time: op til 1500 enheder<br \/>\n-Resterende filmopruller medf\u00f8lger<br \/>\n&#8211; St\u00f8rrelse p\u00e5 svejseramme: 560 x 430 mm (BxD)<br \/>\n&#8211; max. Produktets h\u00f8jde: 230 mm<br \/>\n&#8211; max. Filmbredde: 600 mm<br \/>\n&#8211; Der kan gemmes op til 10 forskellige programmer<br \/>\n&#8211; i RAL 7035 (gr\u00e5)<br \/>\n&#8211; 230 V \/ 50 Hz \/ 1 fase<br \/>\n&#8211; max. Effekt: 2,5 kW<br \/>\n&#8211; Dimensioner: 2.010 x 790 x 1.050 mm (LxBxH)<\/p>\n<p><strong>Smipack T 450 krympetunnel med \u00e9t kammer<\/strong><\/p>\n<p>Ideel til store genneml\u00f8bsm\u00e6ngder.<br \/>\nTunnel T 450 kan ogs\u00e5 gemme op til 10 programmer, som kan kaldes frem n\u00e5r som helst.<br \/>\nTunneltransportb\u00e5ndet best\u00e5r af silikonebelagte drejelige ruller.<br \/>\nTunnelen er udstyret med en automatisk slukkefunktion, og b\u00e5de transportb\u00e5ndets hastighed og krympetemperaturen kan reguleres.<\/p>\n<p>-Justerbar transporthastighed (2,8 &#8211; 18,8 m\/min)<br \/>\n&#8211; max. Produktets h\u00f8jde: 230 mm<br \/>\n&#8211; Transportb\u00e5nd med silikonebelagte st\u00e6nger (justerbar roterende\/ikke-roterende)<br \/>\n&#8211; Justerbare luftspj\u00e6ld<br \/>\n&#8211; Der kan gemmes op til 10 forskellige programmer<br \/>\n&#8211; Krympetemperatur justerbar<br \/>\n&#8211; Forsyningssp\u00e6nding: 380-415 V 3 PH-N-PE, 50\/60 HZ<br \/>\n&#8211; max. Effekt: 8,0 kW<br \/>\n&#8211; Dimensioner: 1.370 x 835 x 1.440 mm (LxBxH)<\/p>\n","protected":false},"excerpt":{"rendered":"<p>Smipack FP 560 A halvautomatisk vinkelsvejser med T 450 enkeltkammerkrympetunnel fra 2012 Halvautomatisk vinkelsvejser med permanent k\u00f8lesystem, velegnet til en bred vifte af produkter. Takket v\u00e6re det integrerede k\u00f8lesystem opn\u00e5r FP 560 A konstant gode svejses\u00f8mme og er derfor ideel til st\u00f8rre genneml\u00f8bsm\u00e6ngder. En automatisk opruller til den resterende film og en elektrisk m\u00e6ngdet\u00e6ller er [&hellip;]<\/p>\n","protected":false},"featured_media":98843,"template":"","meta":[],"product_brand":[],"product_cat":[3359],"product_tag":[],"class_list":{"0":"post-98840","1":"product","2":"type-product","3":"status-publish","4":"has-post-thumbnail","6":"product_cat-foliepakning-og-straekpakkemaskiner","7":"pa_hersteller-smipack","8":"pa_typ-fp-560-a","9":"pa_typ-t-450","11":"first","12":"instock","13":"taxable","14":"shipping-taxable","15":"product-type-simple"},"jetpack_sharing_enabled":true,"_links":{"self":[{"href":"https:\/\/www.3p-gmbh.de\/da\/wp-json\/wp\/v2\/product\/98840","targetHints":{"allow":["GET"]}}],"collection":[{"href":"https:\/\/www.3p-gmbh.de\/da\/wp-json\/wp\/v2\/product"}],"about":[{"href":"https:\/\/www.3p-gmbh.de\/da\/wp-json\/wp\/v2\/types\/product"}],"wp:featuredmedia":[{"embeddable":true,"href":"https:\/\/www.3p-gmbh.de\/da\/wp-json\/wp\/v2\/media\/98843"}],"wp:attachment":[{"href":"https:\/\/www.3p-gmbh.de\/da\/wp-json\/wp\/v2\/media?parent=98840"}],"wp:term":[{"taxonomy":"product_brand","embeddable":true,"href":"https:\/\/www.3p-gmbh.de\/da\/wp-json\/wp\/v2\/product_brand?post=98840"},{"taxonomy":"product_cat","embeddable":true,"href":"https:\/\/www.3p-gmbh.de\/da\/wp-json\/wp\/v2\/product_cat?post=98840"},{"taxonomy":"product_tag","embeddable":true,"href":"https:\/\/www.3p-gmbh.de\/da\/wp-json\/wp\/v2\/product_tag?post=98840"}],"curies":[{"name":"wp","href":"https:\/\/api.w.org\/{rel}","templated":true}]}}