{"id":98724,"date":"2022-12-12T22:36:37","date_gmt":"2022-12-12T22:36:37","guid":{"rendered":"https:\/\/www.3p-gmbh.de\/produkt\/papirboremaskine-med-flere-spindler-hang-114-30-4\/"},"modified":"2022-12-12T22:36:37","modified_gmt":"2022-12-12T22:36:37","slug":"papirboremaskine-med-flere-spindler-hang-114-30-4","status":"publish","type":"product","link":"https:\/\/www.3p-gmbh.de\/da\/produkt\/papirboremaskine-med-flere-spindler-hang-114-30-4\/","title":{"rendered":"Papirboremaskine med flere spindler Hang 114-30 4"},"content":{"rendered":"<p><strong>Papirboremaskine med flere spindler Hang 114-30 \/4<\/strong><br \/>\n<strong>SN 101655<\/strong><br \/>\n<strong>Komplet v\u00e6rkstedsrenoveret tilstand<\/strong><\/p>\n<p>-med skydebord (med 3 faner)<br \/>\n-med trinl\u00f8st regulerbart spindeldrev<br \/>\n-med trinl\u00f8s regulering af borefremf\u00f8ringen<br \/>\n4 luftk\u00f8lede borehoveder er installeret, maks. 5 er mulige<br \/>\nBoreomr\u00e5de 3 &#8211; 14 mm<br \/>\nJusterbar boreafstand<br \/>\n-Maskinen er mobil p\u00e5 hjul<br \/>\n-med 380 V trefaset motor<br \/>\nUdl\u00f8ses af elektrisk fodkontakt, reverseringskredsl\u00f8b<\/p>\n","protected":false},"excerpt":{"rendered":"<p>Papirboremaskine med flere spindler Hang 114-30 \/4 SN 101655 Komplet v\u00e6rkstedsrenoveret tilstand -med skydebord (med 3 faner) -med trinl\u00f8st regulerbart spindeldrev -med trinl\u00f8s regulering af borefremf\u00f8ringen 4 luftk\u00f8lede borehoveder er installeret, maks. 5 er mulige Boreomr\u00e5de 3 &#8211; 14 mm Justerbar boreafstand -Maskinen er mobil p\u00e5 hjul -med 380 V trefaset motor Udl\u00f8ses af elektrisk [&hellip;]<\/p>\n","protected":false},"featured_media":98726,"template":"","meta":[],"product_brand":[],"product_cat":[3313],"product_tag":[],"class_list":{"0":"post-98724","1":"product","2":"type-product","3":"status-publish","4":"has-post-thumbnail","6":"product_cat-boremaskiner-til-papir","7":"pa_hersteller-hang","8":"pa_typ-114-30-4","10":"first","11":"instock","12":"taxable","13":"shipping-taxable","14":"product-type-simple"},"jetpack_sharing_enabled":true,"_links":{"self":[{"href":"https:\/\/www.3p-gmbh.de\/da\/wp-json\/wp\/v2\/product\/98724","targetHints":{"allow":["GET"]}}],"collection":[{"href":"https:\/\/www.3p-gmbh.de\/da\/wp-json\/wp\/v2\/product"}],"about":[{"href":"https:\/\/www.3p-gmbh.de\/da\/wp-json\/wp\/v2\/types\/product"}],"wp:featuredmedia":[{"embeddable":true,"href":"https:\/\/www.3p-gmbh.de\/da\/wp-json\/wp\/v2\/media\/98726"}],"wp:attachment":[{"href":"https:\/\/www.3p-gmbh.de\/da\/wp-json\/wp\/v2\/media?parent=98724"}],"wp:term":[{"taxonomy":"product_brand","embeddable":true,"href":"https:\/\/www.3p-gmbh.de\/da\/wp-json\/wp\/v2\/product_brand?post=98724"},{"taxonomy":"product_cat","embeddable":true,"href":"https:\/\/www.3p-gmbh.de\/da\/wp-json\/wp\/v2\/product_cat?post=98724"},{"taxonomy":"product_tag","embeddable":true,"href":"https:\/\/www.3p-gmbh.de\/da\/wp-json\/wp\/v2\/product_tag?post=98724"}],"curies":[{"name":"wp","href":"https:\/\/api.w.org\/{rel}","templated":true}]}}