{"id":98584,"date":"2022-12-12T22:52:41","date_gmt":"2022-12-12T22:52:41","guid":{"rendered":"https:\/\/www.3p-gmbh.de\/produkt\/forskellige-renz-super-700-stansevaerktoejer\/"},"modified":"2022-12-12T22:52:41","modified_gmt":"2022-12-12T22:52:41","slug":"forskellige-renz-super-700-stansevaerktoejer","status":"publish","type":"product","link":"https:\/\/www.3p-gmbh.de\/da\/produkt\/forskellige-renz-super-700-stansevaerktoejer\/","title":{"rendered":"Forskellige Renz Super 700 stansev\u00e6rkt\u00f8jer"},"content":{"rendered":"<p>Renz Super 700<br \/>\n2-delt v\u00e6rkt\u00f8j 70 cm med 4 mm rundt hul<br \/>\n3:1 stigning med tommelfingerhul<\/p>\n<p>Renz Super 700<br \/>\n2-delt v\u00e6rkt\u00f8j 70 cm med 4,5&#215;4,5 mm<br \/>\n3:1 stigning med tommelfingerhul<\/p>\n<p>Renz Super 500 eller Super 700<br \/>\nv\u00e6rkt\u00f8j i \u00e9t stykke 50 cm med 6&#215;6 mm<br \/>\nPitch 3:1<\/p>\n","protected":false},"excerpt":{"rendered":"<p>Renz Super 700 2-delt v\u00e6rkt\u00f8j 70 cm med 4 mm rundt hul 3:1 stigning med tommelfingerhul Renz Super 700 2-delt v\u00e6rkt\u00f8j 70 cm med 4,5&#215;4,5 mm 3:1 stigning med tommelfingerhul Renz Super 500 eller Super 700 v\u00e6rkt\u00f8j i \u00e9t stykke 50 cm med 6&#215;6 mm Pitch 3:1<\/p>\n","protected":false},"featured_media":98587,"template":"","meta":[],"product_brand":[],"product_cat":[3300],"product_tag":[],"class_list":{"0":"post-98584","1":"product","2":"type-product","3":"status-publish","4":"has-post-thumbnail","6":"product_cat-stansning","7":"pa_hersteller-renz","9":"first","10":"instock","11":"taxable","12":"shipping-taxable","13":"product-type-simple"},"jetpack_sharing_enabled":true,"_links":{"self":[{"href":"https:\/\/www.3p-gmbh.de\/da\/wp-json\/wp\/v2\/product\/98584","targetHints":{"allow":["GET"]}}],"collection":[{"href":"https:\/\/www.3p-gmbh.de\/da\/wp-json\/wp\/v2\/product"}],"about":[{"href":"https:\/\/www.3p-gmbh.de\/da\/wp-json\/wp\/v2\/types\/product"}],"wp:featuredmedia":[{"embeddable":true,"href":"https:\/\/www.3p-gmbh.de\/da\/wp-json\/wp\/v2\/media\/98587"}],"wp:attachment":[{"href":"https:\/\/www.3p-gmbh.de\/da\/wp-json\/wp\/v2\/media?parent=98584"}],"wp:term":[{"taxonomy":"product_brand","embeddable":true,"href":"https:\/\/www.3p-gmbh.de\/da\/wp-json\/wp\/v2\/product_brand?post=98584"},{"taxonomy":"product_cat","embeddable":true,"href":"https:\/\/www.3p-gmbh.de\/da\/wp-json\/wp\/v2\/product_cat?post=98584"},{"taxonomy":"product_tag","embeddable":true,"href":"https:\/\/www.3p-gmbh.de\/da\/wp-json\/wp\/v2\/product_tag?post=98584"}],"curies":[{"name":"wp","href":"https:\/\/api.w.org\/{rel}","templated":true}]}}