{"id":98548,"date":"2022-12-15T23:18:40","date_gmt":"2022-12-15T23:18:40","guid":{"rendered":"https:\/\/www.3p-gmbh.de\/produkt\/svejse-og-skaeresaet-rothenberger-roflash-r\/"},"modified":"2022-12-15T23:18:40","modified_gmt":"2022-12-15T23:18:40","slug":"svejse-og-skaeresaet-rothenberger-roflash-r","status":"publish","type":"product","link":"https:\/\/www.3p-gmbh.de\/da\/produkt\/svejse-og-skaeresaet-rothenberger-roflash-r\/","title":{"rendered":"Svejse- og sk\u00e6res\u00e6t Rothenberger ROFLASH &#8211; R"},"content":{"rendered":"<p><strong>Svejse- og sk\u00e6res\u00e6t Rothenberger ROFLASH &#8211; R<\/strong><br \/>\n<strong>22 stk. i tilf\u00e6lde af &#8211; s\u00e5 god som ny<\/strong><br \/>\nVarenummer: RB-513300<br \/>\nFORDELE VED ANVENDELSE:<br \/>\nSvejse- og sk\u00e6res\u00e6t<br \/>\nSvejseomr\u00e5de: 0,5 &#8211; 14 mm, sk\u00e6reomr\u00e5de: 3 &#8211; 75 mm<\/p>\n<p>LEVERINGSOMFANG:<br \/>\nS\u00e6ttet best\u00e5r af 22 dele:<\/p>\n<p>H\u00e5ndtag (nr. 513010)<br \/>\nSvejseindsatser 0,2 &#8211; 0,5 (nr. 513030)<br \/>\n0,5 &#8211; 1 (nr. 513031), 1 &#8211; 2 (nr. 513032), 2 &#8211; 4 (nr. 513033), 4 &#8211; 6 (nr. 513034), 6 &#8211; 9 (nr. 513035), 9 &#8211; 14 (nr. 513036) Fjederh\u00e5ndtag sk\u00e6reindsats (nr. 513310)<br \/>\nSk\u00e6redyser 3 &#8211; 6 (nr. 513330), 6 &#8211; 20 (nr. 513331), 20 &#8211; 75 (nr. 513332)<br \/>\nSk\u00e6rebr\u00e6nderens styrevogn<br \/>\nBr\u00e6ndern\u00f8gle (nr. 510106)<br \/>\nGaslighter<br \/>\nSikkerhedsbriller (nr. 540621)<br \/>\nDyse-rensers\u00e6t 10 stk. (Nr. 510105)<\/p>\n","protected":false},"excerpt":{"rendered":"<p>Svejse- og sk\u00e6res\u00e6t Rothenberger ROFLASH &#8211; R 22 stk. i tilf\u00e6lde af &#8211; s\u00e5 god som ny Varenummer: RB-513300 FORDELE VED ANVENDELSE: Svejse- og sk\u00e6res\u00e6t Svejseomr\u00e5de: 0,5 &#8211; 14 mm, sk\u00e6reomr\u00e5de: 3 &#8211; 75 mm LEVERINGSOMFANG: S\u00e6ttet best\u00e5r af 22 dele: H\u00e5ndtag (nr. 513010) Svejseindsatser 0,2 &#8211; 0,5 (nr. 513030) 0,5 &#8211; 1 (nr. 513031), [&hellip;]<\/p>\n","protected":false},"featured_media":98549,"template":"","meta":[],"product_brand":[],"product_cat":[3315],"product_tag":[],"class_list":{"0":"post-98548","1":"product","2":"type-product","3":"status-publish","4":"has-post-thumbnail","6":"product_cat-vaerkstedsudstyr","7":"pa_hersteller-rothenberger","8":"pa_typ-roflash-r","10":"first","11":"instock","12":"taxable","13":"shipping-taxable","14":"product-type-simple"},"jetpack_sharing_enabled":true,"_links":{"self":[{"href":"https:\/\/www.3p-gmbh.de\/da\/wp-json\/wp\/v2\/product\/98548","targetHints":{"allow":["GET"]}}],"collection":[{"href":"https:\/\/www.3p-gmbh.de\/da\/wp-json\/wp\/v2\/product"}],"about":[{"href":"https:\/\/www.3p-gmbh.de\/da\/wp-json\/wp\/v2\/types\/product"}],"wp:featuredmedia":[{"embeddable":true,"href":"https:\/\/www.3p-gmbh.de\/da\/wp-json\/wp\/v2\/media\/98549"}],"wp:attachment":[{"href":"https:\/\/www.3p-gmbh.de\/da\/wp-json\/wp\/v2\/media?parent=98548"}],"wp:term":[{"taxonomy":"product_brand","embeddable":true,"href":"https:\/\/www.3p-gmbh.de\/da\/wp-json\/wp\/v2\/product_brand?post=98548"},{"taxonomy":"product_cat","embeddable":true,"href":"https:\/\/www.3p-gmbh.de\/da\/wp-json\/wp\/v2\/product_cat?post=98548"},{"taxonomy":"product_tag","embeddable":true,"href":"https:\/\/www.3p-gmbh.de\/da\/wp-json\/wp\/v2\/product_tag?post=98548"}],"curies":[{"name":"wp","href":"https:\/\/api.w.org\/{rel}","templated":true}]}}