{"id":98322,"date":"2022-12-29T23:26:04","date_gmt":"2022-12-29T23:26:04","guid":{"rendered":"https:\/\/www.3p-gmbh.de\/produkt\/1-foldeenhed-stahlfolder-buh-66-6-halvautomatisk\/"},"modified":"2022-12-29T23:26:04","modified_gmt":"2022-12-29T23:26:04","slug":"1-foldeenhed-stahlfolder-buh-66-6-halvautomatisk","status":"publish","type":"product","link":"https:\/\/www.3p-gmbh.de\/da\/produkt\/1-foldeenhed-stahlfolder-buh-66-6-halvautomatisk\/","title":{"rendered":"1. foldeenhed Stahlfolder BUH 66-6 halvautomatisk"},"content":{"rendered":"<p><em>Sj\u00e6ldenhed til eftermontering og opgradering af eksisterende Stahlfolder-faldemaskiner eller -falseenheder<\/em><\/p>\n<p><strong>1.tes foldeenhed BUH 66-6 halvautomatisk<\/strong><br \/>\n<strong>fra 2006<\/strong><\/p>\n<p>&#8211; Opstr\u00f8ms sk\u00e6reaksler med beskyttelsesd\u00e6ksel (konverteringss\u00e6t egnet til foldeenheder)<br \/>\n&#8211; Motoriseret justering af foldevalsen<br \/>\n&#8211; seks manuelt justerbare sp\u00e6ndeplader 66 cm indf\u00f8ringsbredde<br \/>\n&#8211; Dobbelt nedstr\u00f8ms sk\u00e6reaksler med l\u00f8ftes\u00e6t<\/p>\n","protected":false},"excerpt":{"rendered":"<p>Sj\u00e6ldenhed til eftermontering og opgradering af eksisterende Stahlfolder-faldemaskiner eller -falseenheder 1.tes foldeenhed BUH 66-6 halvautomatisk fra 2006 &#8211; Opstr\u00f8ms sk\u00e6reaksler med beskyttelsesd\u00e6ksel (konverteringss\u00e6t egnet til foldeenheder) &#8211; Motoriseret justering af foldevalsen &#8211; seks manuelt justerbare sp\u00e6ndeplader 66 cm indf\u00f8ringsbredde &#8211; Dobbelt nedstr\u00f8ms sk\u00e6reaksler med l\u00f8ftes\u00e6t<\/p>\n","protected":false},"featured_media":98332,"template":"","meta":[],"product_brand":[],"product_cat":[3325],"product_tag":[],"class_list":{"0":"post-98322","1":"product","2":"type-product","3":"status-publish","4":"has-post-thumbnail","6":"product_cat-sammenklappelige-enheder","7":"pa_hersteller-heidelberg-stahlfolder","8":"pa_typ-buh-66-6","10":"first","11":"instock","12":"taxable","13":"shipping-taxable","14":"product-type-simple"},"jetpack_sharing_enabled":true,"_links":{"self":[{"href":"https:\/\/www.3p-gmbh.de\/da\/wp-json\/wp\/v2\/product\/98322","targetHints":{"allow":["GET"]}}],"collection":[{"href":"https:\/\/www.3p-gmbh.de\/da\/wp-json\/wp\/v2\/product"}],"about":[{"href":"https:\/\/www.3p-gmbh.de\/da\/wp-json\/wp\/v2\/types\/product"}],"wp:featuredmedia":[{"embeddable":true,"href":"https:\/\/www.3p-gmbh.de\/da\/wp-json\/wp\/v2\/media\/98332"}],"wp:attachment":[{"href":"https:\/\/www.3p-gmbh.de\/da\/wp-json\/wp\/v2\/media?parent=98322"}],"wp:term":[{"taxonomy":"product_brand","embeddable":true,"href":"https:\/\/www.3p-gmbh.de\/da\/wp-json\/wp\/v2\/product_brand?post=98322"},{"taxonomy":"product_cat","embeddable":true,"href":"https:\/\/www.3p-gmbh.de\/da\/wp-json\/wp\/v2\/product_cat?post=98322"},{"taxonomy":"product_tag","embeddable":true,"href":"https:\/\/www.3p-gmbh.de\/da\/wp-json\/wp\/v2\/product_tag?post=98322"}],"curies":[{"name":"wp","href":"https:\/\/api.w.org\/{rel}","templated":true}]}}