{"id":98285,"date":"2022-05-28T16:52:55","date_gmt":"2022-05-28T16:52:55","guid":{"rendered":"https:\/\/www.3p-gmbh.de\/produkt\/mobilt-transportbaand-der-passer-til-heidelberg-stitchmaster-st-350-st-400-og-st-500-sadelhaeftere\/"},"modified":"2022-05-28T16:52:55","modified_gmt":"2022-05-28T16:52:55","slug":"mobilt-transportbaand-der-passer-til-heidelberg-stitchmaster-st-350-st-400-og-st-500-sadelhaeftere","status":"publish","type":"product","link":"https:\/\/www.3p-gmbh.de\/da\/produkt\/mobilt-transportbaand-der-passer-til-heidelberg-stitchmaster-st-350-st-400-og-st-500-sadelhaeftere\/","title":{"rendered":"Mobilt transportb\u00e5nd, der passer til Heidelberg Stitchmaster ST 350, ST 400 og ST 500 sadelh\u00e6ftere"},"content":{"rendered":"<p><strong>Mobilt transportb\u00e5nd, der passer til Heidelberg Stitchmaster ST 350, ST 400 og ST 500 sadelh\u00e6ftere<\/strong><\/p>\n","protected":false},"excerpt":{"rendered":"<p>Mobilt transportb\u00e5nd, der passer til Heidelberg Stitchmaster ST 350, ST 400 og ST 500 sadelh\u00e6ftere<\/p>\n","protected":false},"featured_media":98287,"template":"","meta":[],"product_brand":[],"product_cat":[3333],"product_tag":[],"class_list":{"0":"post-98285","1":"product","2":"type-product","3":"status-publish","4":"has-post-thumbnail","6":"product_cat-udgifter","8":"first","9":"instock","10":"taxable","11":"shipping-taxable","12":"product-type-simple"},"jetpack_sharing_enabled":true,"_links":{"self":[{"href":"https:\/\/www.3p-gmbh.de\/da\/wp-json\/wp\/v2\/product\/98285","targetHints":{"allow":["GET"]}}],"collection":[{"href":"https:\/\/www.3p-gmbh.de\/da\/wp-json\/wp\/v2\/product"}],"about":[{"href":"https:\/\/www.3p-gmbh.de\/da\/wp-json\/wp\/v2\/types\/product"}],"wp:featuredmedia":[{"embeddable":true,"href":"https:\/\/www.3p-gmbh.de\/da\/wp-json\/wp\/v2\/media\/98287"}],"wp:attachment":[{"href":"https:\/\/www.3p-gmbh.de\/da\/wp-json\/wp\/v2\/media?parent=98285"}],"wp:term":[{"taxonomy":"product_brand","embeddable":true,"href":"https:\/\/www.3p-gmbh.de\/da\/wp-json\/wp\/v2\/product_brand?post=98285"},{"taxonomy":"product_cat","embeddable":true,"href":"https:\/\/www.3p-gmbh.de\/da\/wp-json\/wp\/v2\/product_cat?post=98285"},{"taxonomy":"product_tag","embeddable":true,"href":"https:\/\/www.3p-gmbh.de\/da\/wp-json\/wp\/v2\/product_tag?post=98285"}],"curies":[{"name":"wp","href":"https:\/\/api.w.org\/{rel}","templated":true}]}}