{"id":98229,"date":"2022-05-28T17:02:18","date_gmt":"2022-05-28T17:02:18","guid":{"rendered":"https:\/\/www.3p-gmbh.de\/produkt\/mathias-baeuerle-ms-45-mobil-knivfoldningsenhed\/"},"modified":"2022-05-28T17:02:18","modified_gmt":"2022-05-28T17:02:18","slug":"mathias-baeuerle-ms-45-mobil-knivfoldningsenhed","status":"publish","type":"product","link":"https:\/\/www.3p-gmbh.de\/da\/produkt\/mathias-baeuerle-ms-45-mobil-knivfoldningsenhed\/","title":{"rendered":"Mathias B\u00e4uerle MS 45 mobil knivfoldningsenhed"},"content":{"rendered":"<p><strong>Mathias B\u00e4uerle MS 45 mobil knivfoldningsenhed<\/strong><br \/>\n<strong>Bygge\u00e5r 2006<br \/>\n<\/strong><br \/>\ntil foldning af krydsbrud<br \/>\n&#8211; 180\u00b0 drejelig, s\u00e5 den kan foldes ovenfra eller nedefra<br \/>\n&#8211; Mobil og trinl\u00f8s h\u00f8jdejusterbar<br \/>\nEgnet til kobling med den f\u00f8rste eller anden sp\u00e6ndepladefolder p\u00e5 en CAS-faldemaskine<br \/>\nIndl\u00f8bsbredde maks. 45 cm min. 12 cm<br \/>\nIndl\u00f8bsl\u00e6ngde maks. 33 cm min. 10 cm<\/p>\n","protected":false},"excerpt":{"rendered":"<p>Mathias B\u00e4uerle MS 45 mobil knivfoldningsenhed Bygge\u00e5r 2006 til foldning af krydsbrud &#8211; 180\u00b0 drejelig, s\u00e5 den kan foldes ovenfra eller nedefra &#8211; Mobil og trinl\u00f8s h\u00f8jdejusterbar Egnet til kobling med den f\u00f8rste eller anden sp\u00e6ndepladefolder p\u00e5 en CAS-faldemaskine Indl\u00f8bsbredde maks. 45 cm min. 12 cm Indl\u00f8bsl\u00e6ngde maks. 33 cm min. 10 cm<\/p>\n","protected":false},"featured_media":98248,"template":"","meta":[],"product_brand":[],"product_cat":[3325],"product_tag":[],"class_list":{"0":"post-98229","1":"product","2":"type-product","3":"status-publish","4":"has-post-thumbnail","6":"product_cat-sammenklappelige-enheder","7":"pa_hersteller-mathias-baeuerle","8":"pa_typ-ms-45","10":"first","11":"instock","12":"taxable","13":"shipping-taxable","14":"product-type-simple"},"jetpack_sharing_enabled":true,"_links":{"self":[{"href":"https:\/\/www.3p-gmbh.de\/da\/wp-json\/wp\/v2\/product\/98229","targetHints":{"allow":["GET"]}}],"collection":[{"href":"https:\/\/www.3p-gmbh.de\/da\/wp-json\/wp\/v2\/product"}],"about":[{"href":"https:\/\/www.3p-gmbh.de\/da\/wp-json\/wp\/v2\/types\/product"}],"wp:featuredmedia":[{"embeddable":true,"href":"https:\/\/www.3p-gmbh.de\/da\/wp-json\/wp\/v2\/media\/98248"}],"wp:attachment":[{"href":"https:\/\/www.3p-gmbh.de\/da\/wp-json\/wp\/v2\/media?parent=98229"}],"wp:term":[{"taxonomy":"product_brand","embeddable":true,"href":"https:\/\/www.3p-gmbh.de\/da\/wp-json\/wp\/v2\/product_brand?post=98229"},{"taxonomy":"product_cat","embeddable":true,"href":"https:\/\/www.3p-gmbh.de\/da\/wp-json\/wp\/v2\/product_cat?post=98229"},{"taxonomy":"product_tag","embeddable":true,"href":"https:\/\/www.3p-gmbh.de\/da\/wp-json\/wp\/v2\/product_tag?post=98229"}],"curies":[{"name":"wp","href":"https:\/\/api.w.org\/{rel}","templated":true}]}}