{"id":98129,"date":"2022-05-28T20:56:09","date_gmt":"2022-05-28T20:56:09","guid":{"rendered":"https:\/\/www.3p-gmbh.de\/produkt\/dobbeltsaks-til-klipning-af-cito-og-gnu-kanalriller\/"},"modified":"2022-05-28T20:56:09","modified_gmt":"2022-05-28T20:56:09","slug":"dobbeltsaks-til-klipning-af-cito-og-gnu-kanalriller","status":"publish","type":"product","link":"https:\/\/www.3p-gmbh.de\/da\/produkt\/dobbeltsaks-til-klipning-af-cito-og-gnu-kanalriller\/","title":{"rendered":"Dobbeltsaks til klipning af Cito- og GNU-kanalriller"},"content":{"rendered":"<p><strong>Dobbeltsaks til klipning af Cito- og GNU-kanalriller<br \/>\n<\/strong><br \/>\ntil effektiv sk\u00e6ring af udh\u00e6ng og til lige sk\u00e6ring af linjer p\u00e5 op til 40 x 1,42 mm i st\u00e5lkonstruktioner.<\/p>\n<p>Saksen klipper 2 n\u00e6ser samtidig, og linen holdes p\u00e5 plads uden forvr\u00e6ngning af en automatisk fastholdelsesanordning under klippeprocessen.<br \/>\nLinen sk\u00e6res konisk af passende slebne knive; det garanterer en god pasform af forbindelsespunkterne.<br \/>\nKnebelh\u00e5ndtaget giver god kraftoverf\u00f8rsel, og finjusteringen giver pr\u00e6cis afkortning.<\/p>\n","protected":false},"excerpt":{"rendered":"<p>Dobbeltsaks til klipning af Cito- og GNU-kanalriller til effektiv sk\u00e6ring af udh\u00e6ng og til lige sk\u00e6ring af linjer p\u00e5 op til 40 x 1,42 mm i st\u00e5lkonstruktioner. Saksen klipper 2 n\u00e6ser samtidig, og linen holdes p\u00e5 plads uden forvr\u00e6ngning af en automatisk fastholdelsesanordning under klippeprocessen. Linen sk\u00e6res konisk af passende slebne knive; det garanterer en [&hellip;]<\/p>\n","protected":false},"featured_media":98130,"template":"","meta":[],"product_brand":[],"product_cat":[3314],"product_tag":[],"class_list":{"0":"post-98129","1":"product","2":"type-product","3":"status-publish","4":"has-post-thumbnail","6":"product_cat-bogtryk","8":"first","9":"instock","10":"taxable","11":"shipping-taxable","12":"product-type-simple"},"jetpack_sharing_enabled":true,"_links":{"self":[{"href":"https:\/\/www.3p-gmbh.de\/da\/wp-json\/wp\/v2\/product\/98129","targetHints":{"allow":["GET"]}}],"collection":[{"href":"https:\/\/www.3p-gmbh.de\/da\/wp-json\/wp\/v2\/product"}],"about":[{"href":"https:\/\/www.3p-gmbh.de\/da\/wp-json\/wp\/v2\/types\/product"}],"wp:featuredmedia":[{"embeddable":true,"href":"https:\/\/www.3p-gmbh.de\/da\/wp-json\/wp\/v2\/media\/98130"}],"wp:attachment":[{"href":"https:\/\/www.3p-gmbh.de\/da\/wp-json\/wp\/v2\/media?parent=98129"}],"wp:term":[{"taxonomy":"product_brand","embeddable":true,"href":"https:\/\/www.3p-gmbh.de\/da\/wp-json\/wp\/v2\/product_brand?post=98129"},{"taxonomy":"product_cat","embeddable":true,"href":"https:\/\/www.3p-gmbh.de\/da\/wp-json\/wp\/v2\/product_cat?post=98129"},{"taxonomy":"product_tag","embeddable":true,"href":"https:\/\/www.3p-gmbh.de\/da\/wp-json\/wp\/v2\/product_tag?post=98129"}],"curies":[{"name":"wp","href":"https:\/\/api.w.org\/{rel}","templated":true}]}}