{"id":98032,"date":"2022-06-15T18:47:42","date_gmt":"2022-06-15T18:47:42","guid":{"rendered":"https:\/\/www.3p-gmbh.de\/produkt\/halvautomatisk-krympepakkemaskine-torre-minipack-fc-76-a-krympepakkemaskine-med-kappe\/"},"modified":"2022-06-15T18:47:42","modified_gmt":"2022-06-15T18:47:42","slug":"halvautomatisk-krympepakkemaskine-torre-minipack-fc-76-a-krympepakkemaskine-med-kappe","status":"publish","type":"product","link":"https:\/\/www.3p-gmbh.de\/da\/produkt\/halvautomatisk-krympepakkemaskine-torre-minipack-fc-76-a-krympepakkemaskine-med-kappe\/","title":{"rendered":"Halvautomatisk krympepakkemaskine &#8211; Torre Minipack FC 76 A krympepakkemaskine med kappe"},"content":{"rendered":"<p><strong>Halvautomatisk krympepakkemaskine &#8211; Torre Minipack FC 76 A krympepakkemaskine med kappe<\/strong><br \/>\n<strong>fra Bj. 2015<\/strong><\/p>\n<p>Kompakt svejse- og krympeanordning til meget god emballageydelse, er hurtigt klar til brug og nem at betjene.<br \/>\nS\u00e6rligt velegnet til sm\u00e5 og mellemstore m\u00e6ngder p\u00e5 op til 300 stykker folieemballage i timen.<\/p>\n<p><em><strong>TEKNISKE EGENSKABER:<\/strong><\/em><\/p>\n<ul>\n<li>Arbejdscyklus i &#8220;Automatisk&#8221; (n\u00e5r der trykkes p\u00e5 startknappen, udf\u00f8res cyklusserne i r\u00e6kkef\u00f8lge med programmerede pauser)<\/li>\n<li>og ogs\u00e5 mulig i &#8220;Manuel&#8221; (en enkelt pakkecyklus udf\u00f8res, n\u00e5r der trykkes p\u00e5 startknappen)<\/li>\n<li>Motoriseret klokke og transportb\u00e5nd til produktudledning<\/li>\n<li>Frontinterface med betjeningselementer: intuitiv programmering<\/li>\n<li>K\u00f8ling af t\u00e6tningsstangen: \u00d8get produktivitet og forbedret t\u00e6tning<\/li>\n<li>Innovativ fastg\u00f8relse af den \u00f8verste klokke<\/li>\n<li>Sikkerhedskontrol af forseglingsknive: st\u00f8rre sikkerhed for maskinen<\/li>\n<li>Spoleholder til st\u00f8rre spolediameter (250 mm)<\/li>\n<li>Pakkeplade uafh\u00e6ngig af rulleholder: ogs\u00e5 velegnet til pakning af meget sm\u00e5 produkter med samme filmrulle<\/li>\n<li>Mikroperforering: uafbrudt og pr\u00e6cis perforering<\/li>\n<li>Display: med 2 cifre for programmer og indstillinger og 4 cifre for stykt\u00e6lleren<\/li>\n<li>Digitalt, brugervenligt kontrolpanel med 6 programmer, der kan lagres<\/li>\n<li>Stykket\u00e6ller inkluderet: mere komplet udstyr<\/li>\n<li>Kortadgang med klap p\u00e5 forsiden<\/li>\n<li>Forl\u00e6nget gitterplade: Pallebeskyttelse Opbevarings\u00e5bning<\/li>\n<li>Kraftig bl\u00e6sermotor: h\u00f8jere krympeydelse<\/li>\n<li>Ekstra sikkerhedstermostat direkte p\u00e5 varmeakkumulatorens modstand: \u00f8get maskinsikkerhed<\/li>\n<li>Neopren-slangefastholdelsesprofil uden limning<\/li>\n<li>Bell-sikkerhedssystem: mere sikkerhed for operat\u00f8ren<\/li>\n<\/ul>\n","protected":false},"excerpt":{"rendered":"<p>Halvautomatisk krympepakkemaskine &#8211; Torre Minipack FC 76 A krympepakkemaskine med kappe fra Bj. 2015 Kompakt svejse- og krympeanordning til meget god emballageydelse, er hurtigt klar til brug og nem at betjene. S\u00e6rligt velegnet til sm\u00e5 og mellemstore m\u00e6ngder p\u00e5 op til 300 stykker folieemballage i timen. TEKNISKE EGENSKABER: Arbejdscyklus i &#8220;Automatisk&#8221; (n\u00e5r der trykkes p\u00e5 [&hellip;]<\/p>\n","protected":false},"featured_media":98039,"template":"","meta":[],"product_brand":[],"product_cat":[3359],"product_tag":[],"class_list":{"0":"post-98032","1":"product","2":"type-product","3":"status-publish","4":"has-post-thumbnail","6":"product_cat-foliepakning-og-straekpakkemaskiner","7":"pa_hersteller-torre-minipack","8":"pa_typ-fc-76-a","10":"first","11":"instock","12":"taxable","13":"shipping-taxable","14":"product-type-simple"},"jetpack_sharing_enabled":true,"_links":{"self":[{"href":"https:\/\/www.3p-gmbh.de\/da\/wp-json\/wp\/v2\/product\/98032","targetHints":{"allow":["GET"]}}],"collection":[{"href":"https:\/\/www.3p-gmbh.de\/da\/wp-json\/wp\/v2\/product"}],"about":[{"href":"https:\/\/www.3p-gmbh.de\/da\/wp-json\/wp\/v2\/types\/product"}],"wp:featuredmedia":[{"embeddable":true,"href":"https:\/\/www.3p-gmbh.de\/da\/wp-json\/wp\/v2\/media\/98039"}],"wp:attachment":[{"href":"https:\/\/www.3p-gmbh.de\/da\/wp-json\/wp\/v2\/media?parent=98032"}],"wp:term":[{"taxonomy":"product_brand","embeddable":true,"href":"https:\/\/www.3p-gmbh.de\/da\/wp-json\/wp\/v2\/product_brand?post=98032"},{"taxonomy":"product_cat","embeddable":true,"href":"https:\/\/www.3p-gmbh.de\/da\/wp-json\/wp\/v2\/product_cat?post=98032"},{"taxonomy":"product_tag","embeddable":true,"href":"https:\/\/www.3p-gmbh.de\/da\/wp-json\/wp\/v2\/product_tag?post=98032"}],"curies":[{"name":"wp","href":"https:\/\/api.w.org\/{rel}","templated":true}]}}