{"id":98001,"date":"2022-06-15T18:55:26","date_gmt":"2022-06-15T18:55:26","guid":{"rendered":"https:\/\/www.3p-gmbh.de\/produkt\/specialmaskine-to-valset-limmaskine-sumbel-herold-1200-med-baandtransport\/"},"modified":"2022-06-15T18:55:26","modified_gmt":"2022-06-15T18:55:26","slug":"specialmaskine-to-valset-limmaskine-sumbel-herold-1200-med-baandtransport","status":"publish","type":"product","link":"https:\/\/www.3p-gmbh.de\/da\/produkt\/specialmaskine-to-valset-limmaskine-sumbel-herold-1200-med-baandtransport\/","title":{"rendered":"Specialmaskine To-valset limmaskine Sumbel Herold 1200 med b\u00e5ndtransport"},"content":{"rendered":"<p><strong>Specialmaskine To-valset limmaskine Sumbel Herold 1200 med b\u00e5ndtransport<\/strong><\/p>\n<p>Arbejdsbredde 1200 mm<br \/>\n8 Kolde limp\u00f8le<br \/>\n8 limskiver, ca. 6 mm tykke<br \/>\nB\u00e5ndtransport\u00f8r til transport af materiale til det manuelle arbejdsbord<\/p>\n","protected":false},"excerpt":{"rendered":"<p>Specialmaskine To-valset limmaskine Sumbel Herold 1200 med b\u00e5ndtransport Arbejdsbredde 1200 mm 8 Kolde limp\u00f8le 8 limskiver, ca. 6 mm tykke B\u00e5ndtransport\u00f8r til transport af materiale til det manuelle arbejdsbord<\/p>\n","protected":false},"featured_media":98004,"template":"","meta":[],"product_brand":[],"product_cat":[3299],"product_tag":[],"class_list":{"0":"post-98001","1":"product","2":"type-product","3":"status-publish","4":"has-post-thumbnail","6":"product_cat-sortiment-bogbinding","7":"pa_hersteller-sumbel-herold","8":"pa_typ-1898","10":"first","11":"instock","12":"taxable","13":"shipping-taxable","14":"product-type-simple"},"jetpack_sharing_enabled":true,"_links":{"self":[{"href":"https:\/\/www.3p-gmbh.de\/da\/wp-json\/wp\/v2\/product\/98001","targetHints":{"allow":["GET"]}}],"collection":[{"href":"https:\/\/www.3p-gmbh.de\/da\/wp-json\/wp\/v2\/product"}],"about":[{"href":"https:\/\/www.3p-gmbh.de\/da\/wp-json\/wp\/v2\/types\/product"}],"wp:featuredmedia":[{"embeddable":true,"href":"https:\/\/www.3p-gmbh.de\/da\/wp-json\/wp\/v2\/media\/98004"}],"wp:attachment":[{"href":"https:\/\/www.3p-gmbh.de\/da\/wp-json\/wp\/v2\/media?parent=98001"}],"wp:term":[{"taxonomy":"product_brand","embeddable":true,"href":"https:\/\/www.3p-gmbh.de\/da\/wp-json\/wp\/v2\/product_brand?post=98001"},{"taxonomy":"product_cat","embeddable":true,"href":"https:\/\/www.3p-gmbh.de\/da\/wp-json\/wp\/v2\/product_cat?post=98001"},{"taxonomy":"product_tag","embeddable":true,"href":"https:\/\/www.3p-gmbh.de\/da\/wp-json\/wp\/v2\/product_tag?post=98001"}],"curies":[{"name":"wp","href":"https:\/\/api.w.org\/{rel}","templated":true}]}}