{"id":97874,"date":"2022-06-21T19:43:41","date_gmt":"2022-06-21T19:43:41","guid":{"rendered":"https:\/\/www.3p-gmbh.de\/produkt\/mettler-toledo-dufk-600-arkvaegt-med-referenceskala\/"},"modified":"2022-06-21T19:43:41","modified_gmt":"2022-06-21T19:43:41","slug":"mettler-toledo-dufk-600-arkvaegt-med-referenceskala","status":"publish","type":"product","link":"https:\/\/www.3p-gmbh.de\/da\/produkt\/mettler-toledo-dufk-600-arkvaegt-med-referenceskala\/","title":{"rendered":"Mettler Toledo DUFK 600 Arkv\u00e6gt med referenceskala"},"content":{"rendered":"<p><strong>Mettler Toledo DUFK 600 Arkv\u00e6gt med referenceskala<\/strong><br \/>\n<strong>T\u00e6lleskala til platformst\u00f8rrelse egnet til vibratorer Polar Mohr RA-2 eller Polar RA-4 eller andre m\u00e6rker<\/strong><br \/>\nfra Bj. 2017<\/p>\n<p>til at skabe sk\u00e6repositioner med n\u00f8jagtige m\u00e6ngder<\/p>\n","protected":false},"excerpt":{"rendered":"<p>Mettler Toledo DUFK 600 Arkv\u00e6gt med referenceskala T\u00e6lleskala til platformst\u00f8rrelse egnet til vibratorer Polar Mohr RA-2 eller Polar RA-4 eller andre m\u00e6rker fra Bj. 2017 til at skabe sk\u00e6repositioner med n\u00f8jagtige m\u00e6ngder<\/p>\n","protected":false},"featured_media":97879,"template":"","meta":[],"product_brand":[],"product_cat":[3305,3302],"product_tag":[],"class_list":{"0":"post-97874","1":"product","2":"type-product","3":"status-publish","4":"has-post-thumbnail","6":"product_cat-tilbehoer","7":"product_cat-skaeremaskiner","8":"pa_hersteller-mettler-toledo","9":"pa_typ-dufk-600","11":"first","12":"instock","13":"taxable","14":"shipping-taxable","15":"product-type-simple"},"jetpack_sharing_enabled":true,"_links":{"self":[{"href":"https:\/\/www.3p-gmbh.de\/da\/wp-json\/wp\/v2\/product\/97874","targetHints":{"allow":["GET"]}}],"collection":[{"href":"https:\/\/www.3p-gmbh.de\/da\/wp-json\/wp\/v2\/product"}],"about":[{"href":"https:\/\/www.3p-gmbh.de\/da\/wp-json\/wp\/v2\/types\/product"}],"wp:featuredmedia":[{"embeddable":true,"href":"https:\/\/www.3p-gmbh.de\/da\/wp-json\/wp\/v2\/media\/97879"}],"wp:attachment":[{"href":"https:\/\/www.3p-gmbh.de\/da\/wp-json\/wp\/v2\/media?parent=97874"}],"wp:term":[{"taxonomy":"product_brand","embeddable":true,"href":"https:\/\/www.3p-gmbh.de\/da\/wp-json\/wp\/v2\/product_brand?post=97874"},{"taxonomy":"product_cat","embeddable":true,"href":"https:\/\/www.3p-gmbh.de\/da\/wp-json\/wp\/v2\/product_cat?post=97874"},{"taxonomy":"product_tag","embeddable":true,"href":"https:\/\/www.3p-gmbh.de\/da\/wp-json\/wp\/v2\/product_tag?post=97874"}],"curies":[{"name":"wp","href":"https:\/\/api.w.org\/{rel}","templated":true}]}}