{"id":97794,"date":"2022-07-10T21:08:14","date_gmt":"2022-07-10T21:08:14","guid":{"rendered":"https:\/\/www.3p-gmbh.de\/produkt\/werner-achilles-sondermaschinenbau-automatisk-mobil-arkfoeder-til-papir-karton-lille-format-op-til-50x60-cm\/"},"modified":"2022-07-10T21:08:14","modified_gmt":"2022-07-10T21:08:14","slug":"werner-achilles-sondermaschinenbau-automatisk-mobil-arkfoeder-til-papir-karton-lille-format-op-til-50x60-cm","status":"publish","type":"product","link":"https:\/\/www.3p-gmbh.de\/da\/produkt\/werner-achilles-sondermaschinenbau-automatisk-mobil-arkfoeder-til-papir-karton-lille-format-op-til-50x60-cm\/","title":{"rendered":"Werner Achilles Sondermaschinenbau &#8211; automatisk mobil arkf\u00f8der til papir\/karton &#8211; lille format op til 50&#215;60 cm"},"content":{"rendered":"<p><strong>Speciel maskinkonstruktion p\u00e5 basis af en KM 500-feeder<\/strong><br \/>\n<strong>Automatisk mobil arkf\u00f8der til papir\/karton &#8211; lille format<\/strong><br \/>\n<strong>Bygge\u00e5r 2017<\/strong><\/p>\n<p>Arbejdsbredde maks. 50&#215;60 cm<br \/>\nArbejdsbredde min. 13&#215;32 cm<br \/>\nFlad bunkef\u00f8der Stabelh\u00f8jde ca. 70 cm<\/p>\n<p>Pappet p\u00e5 billedet er 2,2 mm tykt.<br \/>\nVed maks. Et format p\u00e5 50&#215;60 cm b\u00f8r derfor v\u00e6re 600 g\/m\u00b2.<br \/>\nikke v\u00e6re et problem&#8230;.<\/p>\n<p>Mekanisk + elektrisk renoveret, styresystem bygget internt med Siemens-komponenter<br \/>\nNy vakuumpumpe, nye lysbarrierer,<br \/>\nNye transportb\u00e5nd etc&#8230;.<\/p>\n<p>Ingen CE-m\u00e6rkning!<\/p>\n","protected":false},"excerpt":{"rendered":"<p>Speciel maskinkonstruktion p\u00e5 basis af en KM 500-feeder Automatisk mobil arkf\u00f8der til papir\/karton &#8211; lille format Bygge\u00e5r 2017 Arbejdsbredde maks. 50&#215;60 cm Arbejdsbredde min. 13&#215;32 cm Flad bunkef\u00f8der Stabelh\u00f8jde ca. 70 cm Pappet p\u00e5 billedet er 2,2 mm tykt. Ved maks. Et format p\u00e5 50&#215;60 cm b\u00f8r derfor v\u00e6re 600 g\/m\u00b2. ikke v\u00e6re et problem&#8230;. [&hellip;]<\/p>\n","protected":false},"featured_media":97795,"template":"","meta":[],"product_brand":[],"product_cat":[3353],"product_tag":[],"class_list":{"0":"post-97794","1":"product","2":"type-product","3":"status-publish","4":"has-post-thumbnail","6":"product_cat-investorer","7":"pa_hersteller-werner-achilles","9":"first","10":"instock","11":"taxable","12":"shipping-taxable","13":"product-type-simple"},"jetpack_sharing_enabled":true,"_links":{"self":[{"href":"https:\/\/www.3p-gmbh.de\/da\/wp-json\/wp\/v2\/product\/97794","targetHints":{"allow":["GET"]}}],"collection":[{"href":"https:\/\/www.3p-gmbh.de\/da\/wp-json\/wp\/v2\/product"}],"about":[{"href":"https:\/\/www.3p-gmbh.de\/da\/wp-json\/wp\/v2\/types\/product"}],"wp:featuredmedia":[{"embeddable":true,"href":"https:\/\/www.3p-gmbh.de\/da\/wp-json\/wp\/v2\/media\/97795"}],"wp:attachment":[{"href":"https:\/\/www.3p-gmbh.de\/da\/wp-json\/wp\/v2\/media?parent=97794"}],"wp:term":[{"taxonomy":"product_brand","embeddable":true,"href":"https:\/\/www.3p-gmbh.de\/da\/wp-json\/wp\/v2\/product_brand?post=97794"},{"taxonomy":"product_cat","embeddable":true,"href":"https:\/\/www.3p-gmbh.de\/da\/wp-json\/wp\/v2\/product_cat?post=97794"},{"taxonomy":"product_tag","embeddable":true,"href":"https:\/\/www.3p-gmbh.de\/da\/wp-json\/wp\/v2\/product_tag?post=97794"}],"curies":[{"name":"wp","href":"https:\/\/api.w.org\/{rel}","templated":true}]}}